{"id":104,"date":"2016-03-30T13:51:25","date_gmt":"2016-03-30T13:51:25","guid":{"rendered":"https:\/\/kodukantharjumaa.eu\/?page_id=104"},"modified":"2019-01-09T11:26:54","modified_gmt":"2019-01-09T11:26:54","slug":"laane-harju-toimiv-koostoovorgustik","status":"publish","type":"page","link":"https:\/\/kodukantharjumaa.eu\/?page_id=104","title":{"rendered":"Terves k\u00fclas terve vaim- KKH 20"},"content":{"rendered":"<h4>Projekt &#8220;Terves k\u00fclas terve vaim&#8221;<\/h4>\n<p>Eesti t\u00e4histab oma 100. s\u00fcnnip\u00e4eva,\u00a0 Harjumaa k\u00fclaliikumine 20. tegutsemisaastat.<\/p>\n<p>Peas\u00fcndmus\u00a0 toimus\u00a0<span style=\"color: #ff0000;\"><strong>1. mail 2018 Voose k\u00fclas <\/strong><\/span>\u00a0ja koosnes kolmest osast:<br \/>\nkell 11-13 \u2013 \u201e<strong><em>Liikumine turgutab keha ja vaimu<\/em>\u201c<\/strong>.\u00a0 Retk Voose k\u00fclavanema juhtimisel ning\u00a0 harjutused kehaliste virgutustega &#8211; l\u00e4biviijad Voose\u00a0 ja V\u00e4\u00e4na-J\u00f5esuu k\u00fclaseltsid.<br \/>\nL\u00f5unasupp.<br \/>\nkell 14.00-14.30 Kodukant Harjumaa avalik \u00fcldkoosolek: 2017 aastaaruanne<br \/>\nkell 14-17 <em>\u00a0-\u201c<strong>Talupojatarkus suurlinna tulede kumas<\/strong>\u201c<\/em>\u00a0 k\u00fclak\u00e4rajad Voose P\u00e4ikesemajas<br \/>\nK\u00e4rajate t\u00f6\u00f6tubade kutseid vaata Kodukant Harjumaa juhatuse\u00a0 liikmete videos\u00fcnumitest:<br \/>\n&#8211; <strong><a href=\"https:\/\/www.youtube.com\/watch?v=LUH5AeqYogI&amp;feature=youtu.be\">Toss v\u00e4ljas?\u00a0 (v\u00e4ldime l\u00e4bip\u00f5lemist)<\/a><\/strong><br \/>\n&#8211; <strong><a href=\"https:\/\/www.youtube.com\/watch?v=2o9-cxe2k_M&amp;feature=youtu.be\">Leeki hoides (s\u00e4deinimesed ja eestvedajad)<\/a><\/strong><br \/>\n&#8211; <strong><a href=\"https:\/\/www.youtube.com\/watch?v=_vU0fuWNVnc&amp;feature=youtu.be\">K\u00fcpsed ja kogenud kogukonnad<\/a><\/strong><br \/>\n&#8211;<strong><a href=\"https:\/\/www.youtube.com\/watch?v=M2qmpKYeh90&amp;feature=youtu.be\"> \u00c4rganud ja t\u00e4rganud kogukonnad<\/a><\/strong><br \/>\n<em>K\u00e4rajad toimusid\u00a0\u00a0<strong>M\u00e4rt Treieri<\/strong> juhtimisel ja koost\u00f6\u00f6partnerite kaasabil.\u00a0<\/em><br \/>\n<em>Otsisime lahendusi, kas ja kuidas oleks k\u00fclakogukondadel v\u00f5imalik projektis\u00f5ltuvusest v\u00e4ljuda ja mida me suudame ISE oma kodukandis \u00e4ra teha. Kas meie tegevusi juhivad tervest talupojam\u00f5istusest tulenevad otsused v\u00f5i rahastajate programmdokumendid? Ja siis t\u00f5statasime intrigeeriva k\u00fcsimise &#8211; Mis oleks kui&#8230;? Mis oleks kui saaks hakkama projektib\u00fcrokraatiata ja aruannete paineteta? Mis oleks, kui teeks just neid asju ja nii palju, kui jaksame ja suudame oma j\u00f5ududega. Algatati projektitoetuse vabade tegude kogumine.\u00a0<\/em><br \/>\n<em><strong>T\u00e4namine ja s\u00fcnnip\u00e4evatort<\/strong><\/em><br \/>\n<em>Kell 18-22 &#8211; \u201e<strong>Pidu sinust ja sinule<\/strong>\u201c Voose rahvamajas ansambliga &#8220;Ajaratas halastamatult veereb ei teda peatada saa, eriti&#8221; . Motivatsiooniauhindade \u00fcleandmine kogukondadele.<br \/>\nOsalejaid 55.<br \/>\n<\/em>Vaata, mida pakuti\u00a0\u00a0<strong><em><a href=\"https:\/\/kodukantharjumaa.eu\/wp-content\/uploads\/2016\/03\/Motivatsioonipaketid.pdf\" rel=\"\">motivatsiooniauhindadena<\/a>.\u00a0<\/em>\u00a0<\/strong><\/p>\n<p><img fetchpriority=\"high\" decoding=\"async\" class=\"size-medium wp-image-656 alignleft\" src=\"https:\/\/kodukantharjumaa.eu\/wp-content\/uploads\/2016\/03\/31747896_1967604766602874_5187227205347835904_n-300x225.jpg\" alt=\"31747896_1967604766602874_5187227205347835904_n\" width=\"300\" height=\"225\" srcset=\"https:\/\/kodukantharjumaa.eu\/wp-content\/uploads\/2016\/03\/31747896_1967604766602874_5187227205347835904_n-300x225.jpg 300w, https:\/\/kodukantharjumaa.eu\/wp-content\/uploads\/2016\/03\/31747896_1967604766602874_5187227205347835904_n-768x576.jpg 768w, https:\/\/kodukantharjumaa.eu\/wp-content\/uploads\/2016\/03\/31747896_1967604766602874_5187227205347835904_n-1024x768.jpg 1024w, https:\/\/kodukantharjumaa.eu\/wp-content\/uploads\/2016\/03\/31747896_1967604766602874_5187227205347835904_n.jpg 1280w\" sizes=\"(max-width: 300px) 100vw, 300px\" \/><\/p>\n<p><em>Harjumaa k\u00fclaliigutajate aruteluring Voose P\u00e4ikesemajas<\/em><\/p>\n<p>&nbsp;<\/p>\n<p>&nbsp;<\/p>\n<p>&nbsp;<\/p>\n<p>&nbsp;<\/p>\n<p>K\u00e4rajate j\u00e4relkajana tegi M\u00e4rt Treier samal teemal <strong><a href=\"https:\/\/vikerraadio.err.ee\/827243\/vikerhommik-mart-treier\/852409\">intervjuu Vikerraadios 12. mail 2018<\/a><\/strong><\/p>\n<p>T\u00e4iendav info: kkharjumaa@gmail.com, tel 5306 5503 (Anneli)<\/p>\n<p>Projekti toetas Kodaniku\u00fchiskonna Sihtkapital\/ Kohaliku Omaalgatuse Programm. Projekti aruanne on rahastaja poolt heaks kiidetud. Projekti eelarve 2300\u20ac, KOP toetus 2000\u20ac, omafinantseering 300\u20ac.<\/p>\n<p><img decoding=\"async\" class=\"alignnone size-medium wp-image-341\" src=\"https:\/\/kodukantharjumaa.eu\/wp-content\/uploads\/2016\/03\/RM-KYSK_logo_reg_toetuseks-Vektor-suur_sygis2015-1-300x138.jpg\" alt=\"RM-KYSK_logo_reg_toetuseks-Vektor-suur_sygis2015 (1)\" width=\"300\" height=\"138\" srcset=\"https:\/\/kodukantharjumaa.eu\/wp-content\/uploads\/2016\/03\/RM-KYSK_logo_reg_toetuseks-Vektor-suur_sygis2015-1-300x138.jpg 300w, https:\/\/kodukantharjumaa.eu\/wp-content\/uploads\/2016\/03\/RM-KYSK_logo_reg_toetuseks-Vektor-suur_sygis2015-1-768x353.jpg 768w, https:\/\/kodukantharjumaa.eu\/wp-content\/uploads\/2016\/03\/RM-KYSK_logo_reg_toetuseks-Vektor-suur_sygis2015-1-1024x471.jpg 1024w\" sizes=\"(max-width: 300px) 100vw, 300px\" \/><\/p>\n<h4><\/h4>\n<h4><\/h4>\n<p>&nbsp;<\/p>\n","protected":false},"excerpt":{"rendered":"<p>Projekt &#8220;Terves k\u00fclas terve vaim&#8221; Eesti t\u00e4histab oma 100. s\u00fcnnip\u00e4eva,\u00a0 Harjumaa k\u00fclaliikumine 20. tegutsemisaastat. Peas\u00fcndmus\u00a0 toimus\u00a01. mail 2018 Voose k\u00fclas \u00a0ja koosnes kolmest osast: kell 11-13 \u2013 \u201eLiikumine turgutab keha ja vaimu\u201c.\u00a0 Retk Voose k\u00fclavanema juhtimisel ning\u00a0 harjutused kehaliste virgutustega &#8211; l\u00e4biviijad Voose\u00a0 ja V\u00e4\u00e4na-J\u00f5esuu k\u00fclaseltsid. L\u00f5unasupp. kell 14.00-14.30 Kodukant Harjumaa avalik \u00fcldkoosolek: 2017 aastaaruanne &hellip; <a href=\"https:\/\/kodukantharjumaa.eu\/?page_id=104\" class=\"more-link\">Continue reading <span class=\"screen-reader-text\">Terves k\u00fclas terve vaim- KKH 20<\/span> <span class=\"meta-nav\">&rarr;<\/span><\/a><\/p>\n","protected":false},"author":1,"featured_media":0,"parent":15,"menu_order":0,"comment_status":"closed","ping_status":"closed","template":"","meta":{"footnotes":""},"class_list":["post-104","page","type-page","status-publish","hentry"],"_links":{"self":[{"href":"https:\/\/kodukantharjumaa.eu\/index.php?rest_route=\/wp\/v2\/pages\/104"}],"collection":[{"href":"https:\/\/kodukantharjumaa.eu\/index.php?rest_route=\/wp\/v2\/pages"}],"about":[{"href":"https:\/\/kodukantharjumaa.eu\/index.php?rest_route=\/wp\/v2\/types\/page"}],"author":[{"embeddable":true,"href":"https:\/\/kodukantharjumaa.eu\/index.php?rest_route=\/wp\/v2\/users\/1"}],"replies":[{"embeddable":true,"href":"https:\/\/kodukantharjumaa.eu\/index.php?rest_route=%2Fwp%2Fv2%2Fcomments&post=104"}],"version-history":[{"count":5,"href":"https:\/\/kodukantharjumaa.eu\/index.php?rest_route=\/wp\/v2\/pages\/104\/revisions"}],"predecessor-version":[{"id":726,"href":"https:\/\/kodukantharjumaa.eu\/index.php?rest_route=\/wp\/v2\/pages\/104\/revisions\/726"}],"up":[{"embeddable":true,"href":"https:\/\/kodukantharjumaa.eu\/index.php?rest_route=\/wp\/v2\/pages\/15"}],"wp:attachment":[{"href":"https:\/\/kodukantharjumaa.eu\/index.php?rest_route=%2Fwp%2Fv2%2Fmedia&parent=104"}],"curies":[{"name":"wp","href":"https:\/\/api.w.org\/{rel}","templated":true}]}}