{"id":112,"date":"2016-03-30T14:00:16","date_gmt":"2016-03-30T14:00:16","guid":{"rendered":"https:\/\/kodukantharjumaa.eu\/?page_id=112"},"modified":"2017-11-27T19:33:59","modified_gmt":"2017-11-27T19:33:59","slug":"maakonnast-maapaevale","status":"publish","type":"page","link":"https:\/\/kodukantharjumaa.eu\/?page_id=112","title":{"rendered":"V\u00e4rsket verd v\u00f5rgustikku II"},"content":{"rendered":"<p>Projekt &#8220;V\u00e4rsket verd v\u00f5rgustikku II etapp&#8221; on j\u00e4tkuks 2016. aasta detsembris alanud projektile &#8220;<a href=\"https:\/\/kodukantharjumaa.eu\/?page_id=117\">V\u00e4rsket verd v\u00f5rgustikku<\/a>&#8220;.<\/p>\n<p><strong>Projekti eesm\u00e4rk<\/strong> on KKH kasvanud liikmeskond, kuhu kuuluvad esindajad k\u00f5igist maakonna omavalitsustest, kes moodustavad tugeva \u00fclemaakondliku v\u00f5rgustiku ning kelle omavaheline koost\u00f6\u00f6 on n\u00e4htav ja tulemuslik.<\/p>\n<p><strong>Projekti eelarve<\/strong> on 2351,8\u20ac, millest KOP toetus 1801,8\u20ac \u00a0ja omafinantseering 550\u20ac.<br \/>\n<strong>Projekti kokkuv\u00f5te:<\/strong> \u00a0viime l\u00e4bi aktiivse uute liikmete kaasamise, motiveerides samal ajal kauaaegseid ja v\u00e4rskelt liitunud seniseid liikmeid. Omavahelised otsekontaktid on selleks parim viis, seet\u00f5ttu kaasati lisaks liikmetele potentsiaalseid uusi liikmeid <strong>Eesti K\u00fclade Maap\u00e4eva Harjumaa delegatsiooni<\/strong> ning\u00a0 korraldati\u00a0<strong>k\u00fclaliikumise kogemusreis L\u00e4\u00e4ne-Harjumaa piirkonnas<\/strong>. Kogemusreisil k\u00fclastatati initsiatiivikaid k\u00fclaseltse, tutvuti omavahel ning jagati kogemusi \u00a0elukorraldusest k\u00fcla, valla ja maakonna tasandil. Projekti tulemusel saavutame olukorra, kus KKH liikmeskond katab k\u00f5ik maakonna omavalitsused ning liikmete arv on\u00a0 suurenenud. Suurem esindatus annab rohkem v\u00f5imalusi koost\u00f6\u00f6ks ning oma huvide esindamiseks, samuti on kontaktidel p\u00f5hinev v\u00f5rgustik v\u00e4ga hea h\u00fcppelaud \u00fchistegevusteks ja projektideks.<br \/>\n<strong>Peamised tegevused:<\/strong> Harjumaa k\u00fclaliikumise esindajatest koosneva 20-liikmelise delegatsiooni moodustamine ja osalemine \u00a0<a href=\"https:\/\/kodukantharjumaa.eu\/?page_id=452\">\u00a0XII Eesti k\u00fclade maap\u00e4eval (LOE SIIT)l<\/a> 4.-6. augustil 2017 ja kogemusreis L\u00e4\u00e4ne-Harjumaale\u00a0novembris 2017.<br \/>\n<strong>Projekti kestus<\/strong>: 01.06.2017-31.12.2017<br \/>\n<strong>Projektijuht<\/strong> Anneli Kana, annelikana@gmail.com, tel 53065503<\/p>\n<p><span style=\"color: #000000;\"><strong>Kogemusreis L\u00e4\u00e4ne-Harjumaa piirkonda toimus\u00a0 4. novembril.<\/strong> K\u00fclastasime \u00c4\u00e4sm\u00e4e k\u00fclakogu, Lehetu k\u00fclaseltsi, Klooga seltsi MT\u00dc Lodij\u00e4rv ja Muraste kogukonnakeskust. Igal paigal on r\u00e4\u00e4kida oma edulugu ja omad \u00f5ppetunnid. Arutati k\u00fclaliikumist uuenenud valdades ja lepiti kokku, kuidas \u00fcheskoos edasi tegutsetakse.\u00a0<\/span><\/p>\n<p><img fetchpriority=\"high\" decoding=\"async\" class=\"size-medium wp-image-553 alignleft\" src=\"https:\/\/kodukantharjumaa.eu\/wp-content\/uploads\/2016\/03\/klooga-300x169.jpg\" alt=\"klooga\" width=\"300\" height=\"169\" srcset=\"https:\/\/kodukantharjumaa.eu\/wp-content\/uploads\/2016\/03\/klooga-300x169.jpg 300w, https:\/\/kodukantharjumaa.eu\/wp-content\/uploads\/2016\/03\/klooga-768x432.jpg 768w, https:\/\/kodukantharjumaa.eu\/wp-content\/uploads\/2016\/03\/klooga.jpg 960w\" sizes=\"(max-width: 300px) 100vw, 300px\" \/><img decoding=\"async\" class=\"size-medium wp-image-554 alignleft\" src=\"https:\/\/kodukantharjumaa.eu\/wp-content\/uploads\/2016\/03\/lehetu-300x169.jpg\" alt=\"lehetu\" width=\"300\" height=\"169\" srcset=\"https:\/\/kodukantharjumaa.eu\/wp-content\/uploads\/2016\/03\/lehetu-300x169.jpg 300w, https:\/\/kodukantharjumaa.eu\/wp-content\/uploads\/2016\/03\/lehetu-768x432.jpg 768w, https:\/\/kodukantharjumaa.eu\/wp-content\/uploads\/2016\/03\/lehetu.jpg 960w\" sizes=\"(max-width: 300px) 100vw, 300px\" \/><\/p>\n<p>&nbsp;<\/p>\n<p>&nbsp;<\/p>\n<p>&nbsp;<\/p>\n<p>&nbsp;<\/p>\n<p><img decoding=\"async\" class=\"alignnone size-medium wp-image-555\" src=\"https:\/\/kodukantharjumaa.eu\/wp-content\/uploads\/2016\/03\/muraste-300x169.jpg\" alt=\"muraste\" width=\"300\" height=\"169\" srcset=\"https:\/\/kodukantharjumaa.eu\/wp-content\/uploads\/2016\/03\/muraste-300x169.jpg 300w, https:\/\/kodukantharjumaa.eu\/wp-content\/uploads\/2016\/03\/muraste-768x432.jpg 768w, https:\/\/kodukantharjumaa.eu\/wp-content\/uploads\/2016\/03\/muraste.jpg 960w\" sizes=\"(max-width: 300px) 100vw, 300px\" \/><\/p>\n<p>Projekti toetab Kodaniku\u00fchiskonna Sihtkapital\/ Kohaliku Omaalgatuse Programm<\/p>\n<p><img loading=\"lazy\" decoding=\"async\" class=\"alignnone size-medium wp-image-341\" src=\"https:\/\/kodukantharjumaa.eu\/wp-content\/uploads\/2016\/03\/RM-KYSK_logo_reg_toetuseks-Vektor-suur_sygis2015-1-300x138.jpg\" alt=\"RM-KYSK_logo_reg_toetuseks-Vektor-suur_sygis2015 (1)\" width=\"300\" height=\"138\" srcset=\"https:\/\/kodukantharjumaa.eu\/wp-content\/uploads\/2016\/03\/RM-KYSK_logo_reg_toetuseks-Vektor-suur_sygis2015-1-300x138.jpg 300w, https:\/\/kodukantharjumaa.eu\/wp-content\/uploads\/2016\/03\/RM-KYSK_logo_reg_toetuseks-Vektor-suur_sygis2015-1-768x353.jpg 768w, https:\/\/kodukantharjumaa.eu\/wp-content\/uploads\/2016\/03\/RM-KYSK_logo_reg_toetuseks-Vektor-suur_sygis2015-1-1024x471.jpg 1024w\" sizes=\"(max-width: 300px) 100vw, 300px\" \/><\/p>\n<p>&nbsp;<\/p>\n","protected":false},"excerpt":{"rendered":"<p>Projekt &#8220;V\u00e4rsket verd v\u00f5rgustikku II etapp&#8221; on j\u00e4tkuks 2016. aasta detsembris alanud projektile &#8220;V\u00e4rsket verd v\u00f5rgustikku&#8220;. Projekti eesm\u00e4rk on KKH kasvanud liikmeskond, kuhu kuuluvad esindajad k\u00f5igist maakonna omavalitsustest, kes moodustavad tugeva \u00fclemaakondliku v\u00f5rgustiku ning kelle omavaheline koost\u00f6\u00f6 on n\u00e4htav ja tulemuslik. Projekti eelarve on 2351,8\u20ac, millest KOP toetus 1801,8\u20ac \u00a0ja omafinantseering 550\u20ac. Projekti kokkuv\u00f5te: \u00a0viime &hellip; <a href=\"https:\/\/kodukantharjumaa.eu\/?page_id=112\" class=\"more-link\">Continue reading <span class=\"screen-reader-text\">V\u00e4rsket verd v\u00f5rgustikku II<\/span> <span class=\"meta-nav\">&rarr;<\/span><\/a><\/p>\n","protected":false},"author":1,"featured_media":0,"parent":15,"menu_order":0,"comment_status":"closed","ping_status":"closed","template":"","meta":{"footnotes":""},"class_list":["post-112","page","type-page","status-publish","hentry"],"_links":{"self":[{"href":"https:\/\/kodukantharjumaa.eu\/index.php?rest_route=\/wp\/v2\/pages\/112"}],"collection":[{"href":"https:\/\/kodukantharjumaa.eu\/index.php?rest_route=\/wp\/v2\/pages"}],"about":[{"href":"https:\/\/kodukantharjumaa.eu\/index.php?rest_route=\/wp\/v2\/types\/page"}],"author":[{"embeddable":true,"href":"https:\/\/kodukantharjumaa.eu\/index.php?rest_route=\/wp\/v2\/users\/1"}],"replies":[{"embeddable":true,"href":"https:\/\/kodukantharjumaa.eu\/index.php?rest_route=%2Fwp%2Fv2%2Fcomments&post=112"}],"version-history":[{"count":5,"href":"https:\/\/kodukantharjumaa.eu\/index.php?rest_route=\/wp\/v2\/pages\/112\/revisions"}],"predecessor-version":[{"id":558,"href":"https:\/\/kodukantharjumaa.eu\/index.php?rest_route=\/wp\/v2\/pages\/112\/revisions\/558"}],"up":[{"embeddable":true,"href":"https:\/\/kodukantharjumaa.eu\/index.php?rest_route=\/wp\/v2\/pages\/15"}],"wp:attachment":[{"href":"https:\/\/kodukantharjumaa.eu\/index.php?rest_route=%2Fwp%2Fv2%2Fmedia&parent=112"}],"curies":[{"name":"wp","href":"https:\/\/api.w.org\/{rel}","templated":true}]}}