{"id":117,"date":"2016-03-30T14:05:44","date_gmt":"2016-03-30T14:05:44","guid":{"rendered":"https:\/\/kodukantharjumaa.eu\/?page_id=117"},"modified":"2017-08-31T09:12:47","modified_gmt":"2017-08-31T09:12:47","slug":"aasta-sadeinimene","status":"publish","type":"page","link":"https:\/\/kodukantharjumaa.eu\/?page_id=117","title":{"rendered":"V\u00e4rsket verd v\u00f5rgustikku"},"content":{"rendered":"<p>Kodukant Harjumaa viib dets 2016-august 2017 l\u00e4bi projekti &#8220;<strong>V\u00e4rsket verd v\u00f5rgustikku<\/strong>&#8220;.<br \/>\nProjekti fookuses on kaks suunda:<br \/>\n1)MT\u00dc Kodukant Harjumaa kui maakondliku organisatsiooni liikmeskonna suurendamine;<br \/>\n2)k\u00fclaseltside\/k\u00fclaelu eestvedajate l\u00e4bip\u00f5lemisele keskendumine, selle teadvustamine ja edaspidine ennetamine.<\/p>\n<p>Viimatimainitu p\u00f5hjuseks on n\u00e4ited, kus mitmeid aastaid (m\u00f5nel juhul ka 10-20) liidrirolli kandmine k\u00fclaelu eestvedamisel on n\u00e4itamas selgeid m\u00e4rke l\u00e4bip\u00f5lemisest. Inimeste vabatahtlik panus, t\u00f6\u00f6-, une- ja perekonnaga veedetava aja arvelt k\u00fclaelu eestvedamine annab t\u00f5siseid tagasil\u00f6\u00f6ke \u2013 \u00fchenduste sisepinged ja suhtlusprobleemid, inimeste tervis ja heaolu halvenevad. Nendest p\u00f5hjustest l\u00e4htuvalt koostati\u00a0<strong>s\u00e4deinimeste koolitus-ja motivatsiooniprogramm<\/strong>, millele\u00a0lisaks viidi l\u00e4bi \u00a0<strong>l\u00f5\u00f5gastusprogramm<\/strong>, seda juba sponsorite toel.<\/p>\n<p>Osalejate registreerumine toimus detsembris 2016 \u00a0ja \u00a0jaanuaris 2017 k\u00e4ivitus\u00a0<strong>Koolitus- ja motivatsiooniprogramm, <\/strong>mis sisaldas 4 kohtumist, kus kombineeritud loeng ja arutelu spetsialisti juhendamisel. Koolitusteemad ja koolitajad:<br \/>\n11. jaanuar 2017 &#8211;\u00a0Mis on stress ja l\u00e4bip\u00f5lemine? Kas see ohustab mind? Kuidas sellega toime tulla? &#8211; \u00a0terapeut ja koolitaja Katrin Alujev<\/p>\n<p>2. veebruar 2017 \u00a0&#8211; Miks me kardame muutusi? Muutuste esilekutsumine ja nendega toimetulek. Oskus \u00f6elda EI. \u2013 \u00a0 ps\u00fchholoog, PhD Voldemar Kolga<br \/>\n1. m\u00e4rts 2017 \u00a0&#8211; Meeskond ja mina. Kas olen eestvedaja, kaasamineja, vastutaja, algataja? Kes juhib vabatahtlikku meeskonda? \u00a0 &#8211; koolitaja\u00a0Kadi Kuuskmann<\/p>\n<p>29. m\u00e4rts 2017 Kas meie juhime aega v\u00f5i juhib aeg meid? \u00a0Kuidas <em>multidasking<\/em>`u ehk r\u00f6\u00f6pr\u00e4hklemisega toime tulla \u2013\u00a0koolitaja ja terapeut Katrin Alujev<\/p>\n<p>L\u00f5\u00f5gastusprogrammi kuulusid giidiga k\u00fclastus Tervishoiumuuseumisse ja n\u00e4idistreening &#8220;Keha ja vaim&#8221; (<em>body and mind<\/em>).<\/p>\n<p><a href=\"https:\/\/kodukantharjumaa.eu\/wp-content\/uploads\/2016\/03\/Kogemusreis-Ida-Harjumaale-PROGRAMM.pdf\" rel=\"\">Kogemusreis <\/a>\u00a0viidi l\u00e4bi koost\u00f6\u00f6s Harju Ettev\u00f5tlus- ja Arenduskeskusega 21.-22. aprillil 2017. Kogemusreisi ajal, 21. aprillil toimus ka Kodukant Harjumaa liikmete \u00fcldkoosolek Kolgak\u00fcla rahvamajas.<\/p>\n<p>Projekti eelarve 22250\u20ac, millest KOP toetus 2000\u20ac ja omafinantseering 222,50\u20ac<\/p>\n<p>Projekti kajastused meedias koos viitega KOP toetusele:<\/p>\n<p><a href=\"http:\/\/www.harjuelu.ee\/2016\/12\/8300\/anneli-kana-sadeinimeste-sadelus-ei-tohi-kustuda\/\">Harju Elu 09.12.2016\u00a0S\u00e4deinimeste s\u00e4delus ei tohi kustuda<\/a><\/p>\n<p><a href=\"http:\/\/digileht.maaleht.delfi.ee\/uudised\/kulasademed-opivad-end-labipolemisest-paastma?id=77022228\">Maaleht 26.01.2017\u00a0K\u00fclas\u00e4demed \u00f5pivad end l\u00e4bip\u00f5lemisest p\u00e4\u00e4stma<\/a><\/p>\n<p>Projektijuht Anneli Kana, Kodukant Harjumaa juhatuse liige<br \/>\nKontakt: tel 53065503, annelikana@gmail.com<\/p>\n<p>Projekti toetab Kohaliku Omaalgatuse Programm\/Kodaniku\u00fchiskonna Sihtkapital<\/p>\n<p><img decoding=\"async\" class=\"alignnone size-medium wp-image-341\" src=\"https:\/\/kodukantharjumaa.eu\/wp-content\/uploads\/2016\/03\/RM-KYSK_logo_reg_toetuseks-Vektor-suur_sygis2015-1-300x138.jpg\" alt=\"RM-KYSK_logo_reg_toetuseks-Vektor-suur_sygis2015 (1)\" width=\"300\" height=\"138\" srcset=\"https:\/\/kodukantharjumaa.eu\/wp-content\/uploads\/2016\/03\/RM-KYSK_logo_reg_toetuseks-Vektor-suur_sygis2015-1-300x138.jpg 300w, https:\/\/kodukantharjumaa.eu\/wp-content\/uploads\/2016\/03\/RM-KYSK_logo_reg_toetuseks-Vektor-suur_sygis2015-1-768x353.jpg 768w, https:\/\/kodukantharjumaa.eu\/wp-content\/uploads\/2016\/03\/RM-KYSK_logo_reg_toetuseks-Vektor-suur_sygis2015-1-1024x471.jpg 1024w\" sizes=\"(max-width: 300px) 100vw, 300px\" \/><\/p>\n","protected":false},"excerpt":{"rendered":"<p>Kodukant Harjumaa viib dets 2016-august 2017 l\u00e4bi projekti &#8220;V\u00e4rsket verd v\u00f5rgustikku&#8220;. Projekti fookuses on kaks suunda: 1)MT\u00dc Kodukant Harjumaa kui maakondliku organisatsiooni liikmeskonna suurendamine; 2)k\u00fclaseltside\/k\u00fclaelu eestvedajate l\u00e4bip\u00f5lemisele keskendumine, selle teadvustamine ja edaspidine ennetamine. Viimatimainitu p\u00f5hjuseks on n\u00e4ited, kus mitmeid aastaid (m\u00f5nel juhul ka 10-20) liidrirolli kandmine k\u00fclaelu eestvedamisel on n\u00e4itamas selgeid m\u00e4rke l\u00e4bip\u00f5lemisest. Inimeste vabatahtlik &hellip; <a href=\"https:\/\/kodukantharjumaa.eu\/?page_id=117\" class=\"more-link\">Continue reading <span class=\"screen-reader-text\">V\u00e4rsket verd v\u00f5rgustikku<\/span> <span class=\"meta-nav\">&rarr;<\/span><\/a><\/p>\n","protected":false},"author":1,"featured_media":0,"parent":15,"menu_order":0,"comment_status":"closed","ping_status":"closed","template":"","meta":{"footnotes":""},"class_list":["post-117","page","type-page","status-publish","hentry"],"_links":{"self":[{"href":"https:\/\/kodukantharjumaa.eu\/index.php?rest_route=\/wp\/v2\/pages\/117"}],"collection":[{"href":"https:\/\/kodukantharjumaa.eu\/index.php?rest_route=\/wp\/v2\/pages"}],"about":[{"href":"https:\/\/kodukantharjumaa.eu\/index.php?rest_route=\/wp\/v2\/types\/page"}],"author":[{"embeddable":true,"href":"https:\/\/kodukantharjumaa.eu\/index.php?rest_route=\/wp\/v2\/users\/1"}],"replies":[{"embeddable":true,"href":"https:\/\/kodukantharjumaa.eu\/index.php?rest_route=%2Fwp%2Fv2%2Fcomments&post=117"}],"version-history":[{"count":5,"href":"https:\/\/kodukantharjumaa.eu\/index.php?rest_route=\/wp\/v2\/pages\/117\/revisions"}],"predecessor-version":[{"id":484,"href":"https:\/\/kodukantharjumaa.eu\/index.php?rest_route=\/wp\/v2\/pages\/117\/revisions\/484"}],"up":[{"embeddable":true,"href":"https:\/\/kodukantharjumaa.eu\/index.php?rest_route=\/wp\/v2\/pages\/15"}],"wp:attachment":[{"href":"https:\/\/kodukantharjumaa.eu\/index.php?rest_route=%2Fwp%2Fv2%2Fmedia&parent=117"}],"curies":[{"name":"wp","href":"https:\/\/api.w.org\/{rel}","templated":true}]}}