{"id":1440,"date":"2019-05-14T20:04:49","date_gmt":"2019-05-14T20:04:49","guid":{"rendered":"https:\/\/kodukantharjumaa.eu\/?page_id=1440"},"modified":"2026-04-08T21:49:27","modified_gmt":"2026-04-08T21:49:27","slug":"eesti-kulade-xiii-maapaev","status":"publish","type":"page","link":"https:\/\/kodukantharjumaa.eu\/?page_id=1440","title":{"rendered":"Maap\u00e4ev 2019"},"content":{"rendered":"\t\t<div data-elementor-type=\"wp-page\" data-elementor-id=\"1440\" class=\"elementor elementor-1440\">\n\t\t\t\t<div class=\"elementor-element elementor-element-78e3454 e-flex e-con-boxed e-con e-parent\" data-id=\"78e3454\" data-element_type=\"container\">\n\t\t\t\t\t<div class=\"e-con-inner\">\n\t\t\t\t<div class=\"elementor-element elementor-element-6bb72cd elementor-widget elementor-widget-text-editor\" data-id=\"6bb72cd\" data-element_type=\"widget\" data-widget_type=\"text-editor.default\">\n\t\t\t\t<div class=\"elementor-widget-container\">\n\t\t\t\t\t\t\t<h4>XIII Maap\u00e4ev 26.\u201328. juuli 2019, R\u00e4pina, P\u00f5lvamaa<\/h4>\n\n<p>\u201eTugev k\u00fcla = tugev Eesti!\u201c<\/p>\n\n<p>Kolme p\u00e4eva jooksul toimusid arutelud, k\u00fclastused ning m\u00f5ttekojad Eesti K\u00fclade XII Maap\u00e4eva Manifesti teemade alusel. K\u00fclas olid ka rahvusvahelised partnerid ning k\u00fclaliikumist tervitasid Maap\u00e4eval Eesti \u00fchiskondliku ja poliitilise elu juhtfiguurid.<\/p>\n\n<p><a href=\"https:\/\/kodukantharjumaa.eu\/wp-content\/uploads\/2019\/05\/Maap\u00e4eva-programm-26.-28.-juuli..pdf\">VAATA: Maap\u00e4eva programm 2019<\/a><\/p>\n\n<p>Maap\u00e4eva raames kuulutati ka v\u00e4lja Eesti Aasta K\u00fcla \u2013 L\u00fc\u00fcbnitsa V\u00f5rumaalt.<\/p>\t\t\t\t\t\t<\/div>\n\t\t\t\t<\/div>\n\t\t\t\t\t<\/div>\n\t\t\t\t<\/div>\n\t\t<div class=\"elementor-element elementor-element-8ace5eb e-flex e-con-boxed e-con e-parent\" data-id=\"8ace5eb\" data-element_type=\"container\">\n\t\t\t\t\t<div class=\"e-con-inner\">\n\t\t\t\t<div class=\"elementor-element elementor-element-8700640 elementor-widget elementor-widget-image\" data-id=\"8700640\" data-element_type=\"widget\" data-widget_type=\"image.default\">\n\t\t\t\t<div class=\"elementor-widget-container\">\n\t\t\t\t\t\t\t\t\t\t<figure class=\"wp-caption\">\n\t\t\t\t\t\t\t\t\t\t<img fetchpriority=\"high\" decoding=\"async\" width=\"604\" height=\"340\" src=\"https:\/\/kodukantharjumaa.eu\/wp-content\/uploads\/2026\/04\/20190726_182607_HDR-1536x864-1-1024x576.jpg\" class=\"attachment-large size-large wp-image-5994\" alt=\"\" srcset=\"https:\/\/kodukantharjumaa.eu\/wp-content\/uploads\/2026\/04\/20190726_182607_HDR-1536x864-1-1024x576.jpg 1024w, https:\/\/kodukantharjumaa.eu\/wp-content\/uploads\/2026\/04\/20190726_182607_HDR-1536x864-1-300x169.jpg 300w, https:\/\/kodukantharjumaa.eu\/wp-content\/uploads\/2026\/04\/20190726_182607_HDR-1536x864-1-768x432.jpg 768w, https:\/\/kodukantharjumaa.eu\/wp-content\/uploads\/2026\/04\/20190726_182607_HDR-1536x864-1.jpg 1536w\" sizes=\"(max-width: 604px) 100vw, 604px\" \/>\t\t\t\t\t\t\t\t\t\t\t<figcaption class=\"widget-image-caption wp-caption-text\">Maap\u00e4ev 2019, R\u00e4pinas, P\u00f5lvamaal.<\/figcaption>\n\t\t\t\t\t\t\t\t\t\t<\/figure>\n\t\t\t\t\t\t\t<\/div>\n\t\t\t\t<\/div>\n\t\t\t\t\t<\/div>\n\t\t\t\t<\/div>\n\t\t\t\t<\/div>\n\t\t","protected":false},"excerpt":{"rendered":"<p>XIII Maap\u00e4ev 26.\u201328. juuli 2019, R\u00e4pina, P\u00f5lvamaa \u201eTugev k\u00fcla = tugev Eesti!\u201c Kolme p\u00e4eva jooksul toimusid arutelud, k\u00fclastused ning m\u00f5ttekojad Eesti K\u00fclade XII Maap\u00e4eva Manifesti teemade alusel. K\u00fclas olid ka rahvusvahelised partnerid ning k\u00fclaliikumist tervitasid Maap\u00e4eval Eesti \u00fchiskondliku ja poliitilise elu juhtfiguurid. VAATA: Maap\u00e4eva programm 2019 Maap\u00e4eva raames kuulutati ka v\u00e4lja Eesti Aasta K\u00fcla \u2013 &hellip; <a href=\"https:\/\/kodukantharjumaa.eu\/?page_id=1440\" class=\"more-link\">Continue reading <span class=\"screen-reader-text\">Maap\u00e4ev 2019<\/span> <span class=\"meta-nav\">&rarr;<\/span><\/a><\/p>\n","protected":false},"author":7,"featured_media":0,"parent":0,"menu_order":0,"comment_status":"closed","ping_status":"closed","template":"","meta":{"footnotes":""},"class_list":["post-1440","page","type-page","status-publish","hentry"],"_links":{"self":[{"href":"https:\/\/kodukantharjumaa.eu\/index.php?rest_route=\/wp\/v2\/pages\/1440"}],"collection":[{"href":"https:\/\/kodukantharjumaa.eu\/index.php?rest_route=\/wp\/v2\/pages"}],"about":[{"href":"https:\/\/kodukantharjumaa.eu\/index.php?rest_route=\/wp\/v2\/types\/page"}],"author":[{"embeddable":true,"href":"https:\/\/kodukantharjumaa.eu\/index.php?rest_route=\/wp\/v2\/users\/7"}],"replies":[{"embeddable":true,"href":"https:\/\/kodukantharjumaa.eu\/index.php?rest_route=%2Fwp%2Fv2%2Fcomments&post=1440"}],"version-history":[{"count":5,"href":"https:\/\/kodukantharjumaa.eu\/index.php?rest_route=\/wp\/v2\/pages\/1440\/revisions"}],"predecessor-version":[{"id":6177,"href":"https:\/\/kodukantharjumaa.eu\/index.php?rest_route=\/wp\/v2\/pages\/1440\/revisions\/6177"}],"wp:attachment":[{"href":"https:\/\/kodukantharjumaa.eu\/index.php?rest_route=%2Fwp%2Fv2%2Fmedia&parent=1440"}],"curies":[{"name":"wp","href":"https:\/\/api.w.org\/{rel}","templated":true}]}}