{"id":198,"date":"2016-04-06T07:06:19","date_gmt":"2016-04-06T07:06:19","guid":{"rendered":"https:\/\/kodukantharjumaa.eu\/?page_id=198"},"modified":"2026-04-06T11:48:53","modified_gmt":"2026-04-06T11:48:53","slug":"juhatus","status":"publish","type":"page","link":"https:\/\/kodukantharjumaa.eu\/?page_id=198","title":{"rendered":"Juhatus"},"content":{"rendered":"\t\t<div data-elementor-type=\"wp-page\" data-elementor-id=\"198\" class=\"elementor elementor-198\">\n\t\t\t\t<div class=\"elementor-element elementor-element-1123b1c6 e-flex e-con-boxed e-con e-parent\" data-id=\"1123b1c6\" data-element_type=\"container\">\n\t\t\t\t\t<div class=\"e-con-inner\">\n\t\t\t\t<div class=\"elementor-element elementor-element-4c22687b elementor-widget elementor-widget-text-editor\" data-id=\"4c22687b\" data-element_type=\"widget\" data-widget_type=\"text-editor.default\">\n\t\t\t\t<div class=\"elementor-widget-container\">\n\t\t\t\t\t\t\t<h3>XIII koosseis (alates 2025)<\/h3>\n<p><strong>Reigo Krutto<\/strong>&nbsp;&nbsp;| MT\u00dc Lodij\u00e4rve (Klooga selts)<\/p>\n<p><strong>Suzanne Meliste&nbsp;<\/strong>|&nbsp;V\u00e4\u00e4na-J\u00f5esuu k\u00fclselts MT\u00dc<\/p>\n<p><strong>Reinar T\u00f5ruke <\/strong>| Kose-Uuem\u00f5isa Arendamise Selts MT\u00dc<\/p>\n<p><strong>Fredy Lehe <\/strong>| Suursoo k\u00fclaselts MT\u00dc<\/p>\n<p>&nbsp;<\/p>\n<h2>Eelnevad juhatused<\/h2>\n<h3>&nbsp;XII koosseis<\/h3>\n<p><b>Katrin Roomere<\/b> |&nbsp;Pikva-Arava K\u00fclaelu MT\u00dc<br>\n<strong>Reigo Krutto<\/strong>&nbsp;&nbsp;| MT\u00dc Lodij\u00e4rve (Klooga selts)<br>\n<strong>Suzanne Meliste&nbsp;<\/strong>|&nbsp;V\u00e4\u00e4na-J\u00f5esuu k\u00fclselts MT\u00dc<br>\n<strong>Margus Laula<\/strong>&nbsp;|&nbsp;Peetri selts MT\u00dc<br>\n<strong>Kristina Nurmetalu<\/strong>&nbsp;| V\u00e4\u00e4na-J\u00f5esuu k\u00fclaselts MT\u00dc<\/p>\n<h3>XI koosseis<\/h3>\n<p><strong>Anneli Kubbi<\/strong>&nbsp;| Kodukoht Kiisa MT\u00dc<br>\n<strong>Anneli Kana&nbsp;<\/strong>|&nbsp;Metsanurme MT\u00dc<br>\n<strong>Ave Kruus<\/strong>&nbsp;| \u00c4\u00e4sm\u00e4e k\u00fclakogu MT\u00dc<br>\n<strong>Kristina Nurmetalu<\/strong>&nbsp;| V\u00e4\u00e4na-J\u00f5esuu k\u00fclaselts MT\u00dc<\/p>\n<h3>X koosseis<\/h3>\n<p><strong>Anneli Kubbi<\/strong> | Kodukoht Kiisa MT\u00dc<br>\n<strong>Anneli Kana&nbsp;<\/strong>|&nbsp;Metsanurme MT\u00dc<br>\n<strong>Ave Kruus<\/strong> | \u00c4\u00e4sm\u00e4e k\u00fclakogu MT\u00dc<br>\n<strong>Kaire Nuut<\/strong> | Luige Kandikeskus MT\u00dc<\/p>\n<h3>IX koosseis<\/h3>\n<p><strong>Andrus Saliste<\/strong> | Muraste k\u00fclaselts<br>\n<strong>Anneli Kubbi<\/strong> | Kodukoht Kiisa<br>\n<strong>Margus Laula<\/strong> | Peetri selts<br>\n<strong>Ave Kruus<\/strong> | \u00c4\u00e4sm\u00e4e k\u00fclakogu<br>\n<strong>Kaire Nuut<\/strong> | Luige Kandikeskus<\/p>\n<h3>VIII koosseis<\/h3>\n<p><strong>Anneli Kubbi<\/strong> |Kodukoht Kiisa<br>\n<strong>Marianne Rosenfeld<\/strong> | Vabaajakeskus Vanad ja noored<br>\n<strong>Margus Vain<\/strong> | Rae valla alevike-ja k\u00fclavanemate selts<br>\n<strong>Margus Laula<\/strong> | Peetri selts<br>\n<strong>Andrus Saliste<\/strong> | Muraste k\u00fclaselts<br>\n<strong>Ave Kruus<\/strong> | \u00c4\u00e4sm\u00e4e k\u00fclakogu<br>\n<strong>Viigi Saksakulm<\/strong> | \u00fcksikliige<\/p>\n<h3>VII koosseis<\/h3>\n<p><strong>Eve-Liis Remmelgas<\/strong> | MT\u00dc Kiviloo K\u00fclaselts<br>\n<strong>Marianne Rosenfeld<\/strong> | MT\u00dc Vabaajakeskus vanad ja noored<br>\n<strong>Margus Vain<\/strong> | Rae Valla Alevike- ja K\u00fclavanemate Selts<br>\n<strong>Anneli Kana<\/strong> | MT\u00dc Metsanurme<br>\n<strong>Viigi Saksakulm<\/strong> | \u00fcksikliige<br>\n<strong>Anneli Kubbi<\/strong> | MT\u00dc Kodukoht Kiisa<br>\n<strong>Sirje Vinni<\/strong> | MT\u00dc Ellamaa K\u00fclaarenduskeskus<br>\n<strong>Katerina Puusepp<\/strong> | MT\u00dc Tallinna ja Harjumaa Lasterikaste Perede Liit<\/p>\n<h3>VI koosseis<\/h3>\n<p><strong>Eve-Liis Remmelgas<\/strong> | MT\u00dc Kiviloo K\u00fclaselts<br>\n<strong>Carmen Ott<\/strong> | Prangli Saare Talurahvamuuseumi Selts MT\u00dc<br>\n<strong>Marianne Rosenfeld<\/strong> | MT\u00dc Vabaajakeskus Vanad ja noored<br>\n<strong>Margus Vain<\/strong> | MT\u00dc Rae Valla Alevike- ja K\u00fclavanemate Selts<br>\n<strong>Anneli Kana<\/strong> | MT\u00dc Metsanurme<br>\n<strong>Sirli Tiik<\/strong> | MT\u00dc Rae Valla Alevike- ja K\u00fclavanemate Selts<br>\n<strong>Viigi Saksakulm<\/strong> | \u00fcksikliige<\/p>\n<h3>V koosseis<\/h3>\n<p>Anu Altmets<br>\nCarmen Ott<br>\nEve-Liis Remmelgas<br>\nHelen Haab<br>\nMarianne Rosenfeld<\/p>\n<h3>IV koosseis<\/h3>\n<p>Anu Altmets<br>\nJ\u00fcri Muru<br>\nMilvi Kopli<br>\nAnnika Heinsaar<br>\nHelen Haab<\/p>\n<h3>III koosseis<\/h3>\n<p>Katri Ots<br>\nSirje Vinni<br>\nMihkel Tiks<br>\nKaido-Allan Lainurm<br>\nAnu Altmets<br>\nDeiw Rahum\u00e4gi<br>\nEnn Karu<\/p>\n<h3>II koosseis<\/h3>\n<p>Sirje Vinni<br>\nHele-Mall Kink<br>\nMihkel Tiks<br>\nAlo Sirp<br>\nAstrid Veltsmaa<br>\nToivo Veenre<br>\nEndel Ervin<br>\nEnn Karu<br>\nKunnar Vahtras<br>\nRaul Kurg<\/p>\n<h3>I koosseis<\/h3>\n<p>Sirje Vinni<br>\nJ\u00fcri Muru<br>\nToivo Veenre<br>\nAlo Sirp<br>\nHelga Timmerman<br>\nAnts Talioja<br>\nEndel Ervin<\/p>\t\t\t\t\t\t<\/div>\n\t\t\t\t<\/div>\n\t\t\t\t\t<\/div>\n\t\t\t\t<\/div>\n\t\t\t\t<\/div>\n\t\t","protected":false},"excerpt":{"rendered":"<p>XIII koosseis (alates 2025) Reigo Krutto&nbsp;&nbsp;| MT\u00dc Lodij\u00e4rve (Klooga selts) Suzanne Meliste&nbsp;|&nbsp;V\u00e4\u00e4na-J\u00f5esuu k\u00fclselts MT\u00dc Reinar T\u00f5ruke | Kose-Uuem\u00f5isa Arendamise Selts MT\u00dc Fredy Lehe | Suursoo k\u00fclaselts MT\u00dc &nbsp; Eelnevad juhatused &nbsp;XII koosseis Katrin Roomere |&nbsp;Pikva-Arava K\u00fclaelu MT\u00dc Reigo Krutto&nbsp;&nbsp;| MT\u00dc Lodij\u00e4rve (Klooga selts) Suzanne Meliste&nbsp;|&nbsp;V\u00e4\u00e4na-J\u00f5esuu k\u00fclselts MT\u00dc Margus Laula&nbsp;|&nbsp;Peetri selts MT\u00dc Kristina Nurmetalu&nbsp;| V\u00e4\u00e4na-J\u00f5esuu k\u00fclaselts &hellip; <a href=\"https:\/\/kodukantharjumaa.eu\/?page_id=198\" class=\"more-link\">Continue reading <span class=\"screen-reader-text\">Juhatus<\/span> <span class=\"meta-nav\">&rarr;<\/span><\/a><\/p>\n","protected":false},"author":1,"featured_media":0,"parent":0,"menu_order":0,"comment_status":"closed","ping_status":"closed","template":"","meta":{"footnotes":""},"class_list":["post-198","page","type-page","status-publish","hentry"],"_links":{"self":[{"href":"https:\/\/kodukantharjumaa.eu\/index.php?rest_route=\/wp\/v2\/pages\/198"}],"collection":[{"href":"https:\/\/kodukantharjumaa.eu\/index.php?rest_route=\/wp\/v2\/pages"}],"about":[{"href":"https:\/\/kodukantharjumaa.eu\/index.php?rest_route=\/wp\/v2\/types\/page"}],"author":[{"embeddable":true,"href":"https:\/\/kodukantharjumaa.eu\/index.php?rest_route=\/wp\/v2\/users\/1"}],"replies":[{"embeddable":true,"href":"https:\/\/kodukantharjumaa.eu\/index.php?rest_route=%2Fwp%2Fv2%2Fcomments&post=198"}],"version-history":[{"count":5,"href":"https:\/\/kodukantharjumaa.eu\/index.php?rest_route=\/wp\/v2\/pages\/198\/revisions"}],"predecessor-version":[{"id":5792,"href":"https:\/\/kodukantharjumaa.eu\/index.php?rest_route=\/wp\/v2\/pages\/198\/revisions\/5792"}],"wp:attachment":[{"href":"https:\/\/kodukantharjumaa.eu\/index.php?rest_route=%2Fwp%2Fv2%2Fmedia&parent=198"}],"curies":[{"name":"wp","href":"https:\/\/api.w.org\/{rel}","templated":true}]}}