{"id":202,"date":"2016-04-06T07:08:04","date_gmt":"2016-04-06T07:08:04","guid":{"rendered":"https:\/\/kodukantharjumaa.eu\/?page_id=202"},"modified":"2026-04-06T13:49:36","modified_gmt":"2026-04-06T13:49:36","slug":"pohikiri","status":"publish","type":"page","link":"https:\/\/kodukantharjumaa.eu\/?page_id=202","title":{"rendered":"P\u00f5hikiri"},"content":{"rendered":"\t\t<div data-elementor-type=\"wp-page\" data-elementor-id=\"202\" class=\"elementor elementor-202\">\n\t\t\t\t<div class=\"elementor-element elementor-element-68ea54cf e-flex e-con-boxed e-con e-parent\" data-id=\"68ea54cf\" data-element_type=\"container\">\n\t\t\t\t\t<div class=\"e-con-inner\">\n\t\t\t\t<div class=\"elementor-element elementor-element-61a677ad elementor-widget elementor-widget-text-editor\" data-id=\"61a677ad\" data-element_type=\"widget\" data-widget_type=\"text-editor.default\">\n\t\t\t\t<div class=\"elementor-widget-container\">\n\t\t\t\t\t\t\t<p><strong>&nbsp;1. \u00dclds\u00e4tted<\/strong><br>\n1.1 K\u00e4esoleva p\u00f5hikirja alusel tegutsev Mittetulundus\u00fching KODUKANT HARJUMAA (edaspidi \u00fching) tegutseb avalikes huvides ja toimib vabatahtliku regionaalset arengut ning k\u00fclaelu v\u00e4\u00e4rtustamist taotleva s\u00f5ltumatu rahvaliikumise p\u00f5him\u00f5ttel.<br>\n1.2 \u00dching liidab Harjumaa maapiirkondade tasakaalustatud arengut taotlevaid juriidilisi ja f\u00fc\u00fcsilisi isikuid.<br>\n1.3 \u00dchingu ametlik nimetus on MITTETULUNDUS\u00dcHING KODUKANT HARJUMAA.<br>\n1.4 \u00dching omab era\u00f5iguslikku juriidilise isiku \u00f5iguseid tema kandmise momendist mittetulundus\u00fchingute ja sihtasutuste registrisse. Tal on oma s\u00fcmboolika ning iseseisev bilanss ja \u00f5igus avada pangaarveid.<br>\n1.5 \u00dching juhindub oma tegevuses Mittetulundus\u00fchingute seadusest ning teistest Eesti Vabariigis kehtivatest \u00f5igusaktidest ja k\u00e4esolevast p\u00f5hikirjast.<br>\n1.6 \u00dchingu asukohaks on Harjumaa<br>\n1.7 \u00dching on asutatud 27. m\u00e4rtsil 1998. a<br>\n1.8 \u00dchingu majandusaasta algab 1. jaanuaril ning l\u00f5peb 31. detsembril<\/p>\n<p><strong>2. \u00dchingu eesm\u00e4rk ja selle saavutamise vahendid<br>\n<\/strong>2.1 \u00dchingu tegevuse p\u00f5hieesm\u00e4rgiks on Harjumaa maaelu ja k\u00fclade s\u00e4ilimisele, taas-elustamisele ja arendamisele kaasaaitamine, sealhulgas maamajanduse ja rahvuskultuuri toetamine ning erinevate k\u00fclaliikumiste \u00fchendamine.<br>\n2.2 Tegevuse p\u00f5hieesm\u00e4rgist tulenevateks \u00fclesanneteks on:<br>\n2.2.1 eelnimetatud p\u00f5hieesm\u00e4rki taotlevate juriidiliste ja f\u00fc\u00fcsiliste isikute tegevuse \u00fchendamine ja omavahelise koost\u00f6\u00f6 korraldamine;<br>\n2.2.2 teabe hankimine, s\u00fcstematiseerimine ja levitamine;<br>\n2.2.3 koolitustegevuse korraldamine ja k\u00f5lblusnormide v\u00e4\u00e4rtustamine;<br>\n2.2.4 seltsielu toetamine ja edendamine<br>\n2.2.5 loodushoiu, maastikuhoolduse ja heakorra p\u00f5him\u00f5tete realiseerimisele kaasaaitamine;<br>\n2.2.6 ajaloo- ja kultuuriv\u00e4\u00e4rtuste kaitse ning nende rekonstrueerimisele ja renoveerimisele kaasaaitamine;<br>\n2.2.7 maamajanduse ja v\u00e4ikeettev\u00f5tluse, sealhulgas alternatiivp\u00f5llumajanduse arengule kaasaaitamine;<br>\n2.2.8 talupidamise kui eluviisi propageerimine nii tootmis-, \u00e4raelamis-, kui ka hobitalu n\u00e4ol;<br>\n2.2.9 k\u00fclaelu, kui eesti rahva, tema kultuuri ja traditsioonide kandja toetamine ja tutvustamine;<br>\n2.2.10 k\u00fcla sotsiaalsele majanduslikule arengule kaasaaitamine.<br>\n2.3 Nimetatud \u00fcleannete t\u00e4itmiseks \u00fching:<br>\n2.3.1 valmistab ette ja osaleb rahvusvahelistes, riiklikes, piirkondlikes ja kohalikes k\u00fclade ja v\u00e4ikelinnade liikumist ja arengut toetavates projektides;<br>\n2.3.2 teeb ettepanekuid k\u00fclade ja teiste asustus\u00fcksuste arengu ning regionaalpoliitika kujundamiseks, samuti k\u00fclaliikumise vajadustest linna- ja vallavalitsustele, asutustele ettev\u00f5tetele ja organisatsioonidele;<br>\n2.3.3 arendab igak\u00fclgset rahvusvahelist koost\u00f6\u00f6d teiste riikide ja piirkondade k\u00fclade ja v\u00e4ikelinnade liikumistega, samuti teiste organisatsioonide, liikumiste ja ettev\u00f5tetega;<br>\n2.3.4 loob ise ja aitab kaasa andmebaaside loomisele;<br>\n2.3.5 algatab ja aitab korraldada \u00f5ppusi, seminare, konverentse ning \u00f5piringide ja arengur\u00fchmade tegevust;<br>\n2.3.6 aitab kaasa k\u00fclade arengukavade v\u00e4ljat\u00f6\u00f6tamisele ning vastava koolituse korraldamisele;<br>\n2.3.7 n\u00f5ustab k\u00fclap\u00e4evade ja -laatade ning kultuuri- ja spordi\u00fcrituste korraldamist k\u00fclades;<br>\n2.3.8 korraldab k\u00fclade ja k\u00fclaliikumise omavahelist seltsilist tegevust ja kultuurilist suhtlemist<\/p>\n<p><strong>3. Liikmed, nende \u00f5igused ja kohustused<br>\n<\/strong>3.1 \u00dchingu liikmeks vastuv\u00f5tmist v\u00f5ib taotleda iga era\u00f5iguslik juriidiline ning f\u00fc\u00fcsiline isik, kes soovib arendada \u00fchingu eesm\u00e4rkidega koosk\u00f5las olevat tegevust ning esitab \u00fchingu juhatusele juhatuse poolt kinnitatud vormis sellekohase kirjaliku avalduse.<br>\n3.2 \u00dchingu liikmeks vastuv\u00f5tmise otsustab \u00fchingu juhatus taotleja avalduse alusel. Otsus v\u00f5etakse vastu lihth\u00e4\u00e4lteenamusega avalduse esitamisele j\u00e4rgneval juhatuse koosolekul. Juhatus korraldab ka \u00fchingu liikmete arvestuse.<br>\n3.3 \u00dchingu liikmed on kohustatud j\u00e4rgima \u00fchingu p\u00f5hikirja ning \u00fchingu juhatuse ja \u00fcldkoosoleku otsuseid, mis on vastavuses k\u00e4esoleva p\u00f5hikirjaga.<br>\n3.4 \u00dchingu liikmelisust ja liikme\u00f5iguste teostamist ei saa \u00fcle anda ega p\u00e4randada. Liikmelisus s\u00e4ilib juriidilisest isikust liikme seaduses s\u00e4testatud viisil \u00fcmberkujundamisel.<br>\n3.5 \u00dchingu liikmed v\u00f5ivad \u00fchingu liikmeskonnast lahkuda \u00fchingu juhatusele esitatava avalduse alusel. Liikmeksolek l\u00f5peb lahkumisavalduse esitamise kuup\u00e4eval.<br>\n3.6 \u00dchingu liikme v\u00f5ib \u00fchingust v\u00e4lja arvata juhul, kui tema tegevus on vastuolus \u00fchingu p\u00f5hikirjaga v\u00f5i kahjstab \u00fchingu mainet, samuti juhul, kui liige ei t\u00e4ida \u00fchingu juhatuse ja \u00fcldkoosoleku otsuseid, ei ole tasunud liikmemaksu vastavalt kehtestatud korrale v\u00f5i m\u00f5nel muul m\u00f5juval p\u00f5hjusel.<br>\n3.7 Liikme v\u00e4ljaarvamise \u00fchingust otsustab juhatus. Juhatuse sellekohase otsuse kohta v\u00f5ib \u00fchingu liige esitada kaebuse \u00fchingu \u00fcldkoosolekule, kelle otsus on l\u00f5plik.<br>\n3.8. Sisseastumis- ja liikmemaksu tasumise korra ja suuruse kehtestab \u00fcldkoosolek.<br>\n3.9 Kui liikmelisus l\u00f5peb majandusaasta keskel, tuleb liikmemaks tasuda kogu majandusaasta eest<\/p>\n<p><strong>4. Struktuur ja juhtimine<br>\n<\/strong>4.1 \u00dchingu juhtimis- ja kontrollorganid on:<br>\n4.1.1 \u00fcldkoosolek;<br>\n4.1.2 juhatus;<br>\n4.1.3 revisjonikomisjon (revident)<\/p>\n<p><strong>5. \u00dcldkoosolek<\/strong><br>\n5.1 \u00dchingu \u00fcldkoosolek on \u00fchingu k\u00f5rgeimaks organiks.<br>\n5.2 \u00dchingu \u00fcldkoosolek on p\u00e4dev otsustama ja lahendama k\u00f5iki \u00fchingu tegevusega seotud k\u00fcsimusi, mis ei ole seadusega v\u00f5i k\u00e4esoleva p\u00f5hikirjaga antud teiste organite p\u00e4devusse.<br>\n5.3 \u00dchingu ainup\u00e4devusse kuulub:<br>\n5.3.1 p\u00f5hikirja kinnitamine ja muutmine;<br>\n5.3.2 tegevuse eesm\u00e4rgi muutmine;<br>\n5.3.3 aastaaruande ja bilansi kinnitamine;<br>\n5.3.4 strateegia kindlaksm\u00e4\u00e4ramine;<br>\n5.3.5 juhtimis- ja kontrollorganite p\u00e4devuse ja materiaalse vastutuse kindlaksm\u00e4\u00e4ramine;<br>\n5.3.6 sisseastumis- ja liikmemaksude tasumise korra m\u00e4\u00e4ramine;<br>\n5.3.7 \u00dchingu l\u00f5petamise, reorganiseerimise, \u00fchinemise v\u00f5i jagunemise otsustamine;<br>\n5.4 \u00dchingu \u00fcldkoosolek toimub v\u00e4hemalt 1 kord aastas ning selle kutsub kokku \u00fchingu juhatus. Erakorralise \u00fcldkoosoleku peab juhatus kokku kutsuma, kui seda n\u00f5uab kirjalikult ja p\u00f5hjust \u00e4ra n\u00e4idates 1\/10 \u00fchingu liikmetest.<br>\n5.5 \u00dcldkoosolek on otsustusv\u00f5imeline olenemata koosolekul osalevate liikmete arvust.<br>\n5.6 \u00dcldkoosolekul h\u00e4\u00e4letamisel on igal liikmel \u00fcks h\u00e4\u00e4l.<br>\n5.7 \u00dchingu \u00fcldkoosoleku otsus on vastu v\u00f5etud, kui selle poolt antakse \u00fcle poole \u00fcldkoosolekul osalenud \u00fchingu liikmete kogusummast.<br>\n5.8 P\u00f5hikirja muutmine on otsustaud, kui selle poolt antakse \u00fcle 3\/4 \u00fcldkoosolekul osalenud \u00fchingu liikmete h\u00e4\u00e4lte kogusummast.<br>\n5.9 Elektroonilise \u00fcldkoosoleku otsus loetakse vastuv\u00f5etuks juhul, kui otsuse poolt h\u00e4\u00e4letavad kirjalikult k\u00f5ik \u00fchingu liikmed.<\/p>\n<p><strong>6. Juhatus<br>\n<\/strong>6.1 \u00dchingu tegevuse \u00fcldjuhtimiseks valitakse juhatus, mille liikmete minimaalarv on 3 liiget ja maksimaalarv 9 liiget. Juhatus valib enda hulgast juhatuse esimehe ja vajadusel aset\u00e4itja kuni kolmeks aastaks.<br>\n6.2 \u00dchingu juhatuse t\u00f6\u00f6d juhib juhatuse esimees.<br>\n6.3. \u00dchingu juhatus valitakse \u00fchingu \u00fcldkoosoleku poolt kolmeks aastaks. Juhatuse liikme v\u00f5ib tagasi kutsuda \u00fchingu \u00fcldkoosolek.<br>\n6.4 \u00dchingu juhatuse otsustada on:<br>\n6.4.1 \u00dchingu tegevuse vormide ja meetodite kindlaksm\u00e4\u00e4ramine;<br>\n6.4.2 ettepanekute esitamine \u00fchingu \u00fcldkoosoleku p\u00e4evakorda;<br>\n6.4.3 liikmete sisseastumis- ja liikmemaksude arvestuse pidamine;<br>\n6.4.4 uute liikmete vastuv\u00f5tmine ja liikmete v\u00e4ljaarvamine;<br>\n6.4.5 \u00fchingu tegevuse kavandamine;<br>\n6.4.6 aastaaruande ja bilansi l\u00e4bivaatamine ning esitamine \u00fchingu \u00fcldkoosolekule;<br>\n6.4.7 koost\u00f6\u00f6lepingute s\u00f5lmimine.<br>\n6.4.8 muude k\u00fcsimuste otsustamine, mis esitatakse \u00fchingu juhatusele arutamiseks \u00fcldkoosoleku poolt.<br>\n6.5 &nbsp;\u00dchingul on \u00f5igus ilma \u00dchingu \u00fcldkoosoleku n\u00f5usolekuta \u00dchingu p\u00f5hikirjaliste eesm\u00e4rkide t\u00e4itmiseks tasustada \u00dchingu juhatuse liikmeid. Samuti on \u00dchingu juhatuse liikmetel \u00f5igus olla \u00dchingu p\u00f5hikirjaliste eesm\u00e4rkide t\u00e4itmiseks erinevate projektide l\u00e4biviijateks ning juhatuse liikmetel on \u00f5igus taotleda projektide juhtimise eest tasu vastavalt projektides m\u00e4\u00e4ratud tingimustele. Tasude ja muude h\u00fcvede m\u00e4\u00e4ramisel ning juhatuse liikmega lepingu s\u00f5lmimisel kohustub \u00dching tagama, et juhatuse liikmele mittetulundus-\u00fchingu poolt tehtavate maksete kogusumma oleks m\u00f5istlikus vastavuses juhatuse liikme \u00fclesannete ning mittetulundus\u00fchingu majandusliku olukorraga. \u00dching kohustub esitama \u00dchingu \u00fcldkoosolekule koos majandusaasta aruandega selgituse s\u00f5lmitud lepingute ja v\u00e4ljamakstud tasude ning h\u00fcvede kohta.<br>\n6.6 \u00dchingu juhatus moodustab vajaduse korral alatisi v\u00f5i ajutisi t\u00f6\u00f6gruppe, toimkondi ja komisjone spetsiifiliste k\u00fcsimuste arutamiseks ja ettevalmistamiseks ning v\u00f5ib kutsuda nende t\u00f6\u00f6s osalema ka eksperte ja spetsialiste v\u00e4ljastpolt \u00fchingu liikmeskonda.<br>\n6.7 \u00dchingu juhatus on \u00f5igusp\u00e4dev vastu v\u00f5tma otsuseid, kui kui juhatuse koosolekul osaleb \u00fcle poole tema liikmetest, sh. juhatuse esimees v\u00f5i tema aset\u00e4itja. Juhatuse otsuse vastuv\u00f5tmiseks on n\u00f5utav juhatuse koosolekul osalenud juhatuse liikmete poolth\u00e4\u00e4lte enamus.<br>\n6.8 \u00dchingu juhatuse koosolekud toimuvad v\u00e4hemalt 4 korda aastas. \u00dchingu juhatuse koosolekud kutsub kokku juhatuse esimees. Juhatus v\u00f5ib v\u00f5tta vastu otsuseid koosolekut kokku kutsumata, kui selle poolt h\u00e4\u00e4letavad kirjalikult v\u00f5i kirjalikku taasesitamist v\u00f5imaldaval viisil k\u00f5ik juhatuse liikmed.<br>\n6.9 Juhatuse liige ei v\u00f5i oma kohustuste t\u00e4itmist volitada teistele isikutele.<br>\n6.10 Juhatus peab \u00fchingu liikmetele andma vajalikku teavet \u00fchingu juhtimise kohta ja esitab nende n\u00f5udel vastava aruande.<br>\n6.11 \u00dchingut on \u00f5igus esindada igal juhatuse liikmel eraldi.<br>\n6.12 Juhatuse liikmed vastutavad seaduse v\u00f5i p\u00f5hikirja n\u00f5uete rikkumisega, samuti oma kohustute t\u00e4itmata j\u00e4tmise v\u00f5i mitten\u00f5uetekohase t\u00e4itmisega \u00dchingule tekitatud kahju eest solidaarselt.<\/p>\n<p><strong>7. J\u00e4relvalve<br>\n<\/strong>7.1 \u00dching peab raamatupidamise arvestust ja maksab \u00f5igusaktidega s\u00e4testatud korras riigi- ja kohalikke makse.<br>\n7.2 \u00dchingu kontrollorganiks on revisjonikomisjon, mis on kuni kolmeliikmeline v\u00f5i revident. Revisjonikomisjon (revident) valitakse p\u00f5hikirjas s\u00e4testatud korras kolmeks aastaks.<br>\n7.3 Revisjonikomisjon (revident) kontrollib \u00fchingu juhtimisorganite poolt vastuv\u00f5etud otsuste ja muude aktide t\u00e4itmist, vara ja vahendite kasutamist ja k\u00e4sitamist v\u00e4hemalt \u00fcks kord aastas.<br>\n7.4 Revisjonikomisjon (revident) annab oma tegevusest aru \u00fcldkoosolekul<\/p>\n<p><strong>8<\/strong>.&nbsp;<strong>\u00dchingu vahendid, nende moodustamine ja kasutamine<br>\n<\/strong>8.1 \u00dchingu vahendid moodustuvad:<br>\n8.1.1 sisseastumis- ja liikmemaksudest;<br>\n8.1.2 nii kodu- kui v\u00e4lismaa f\u00fc\u00fcsiliste ja juriidiliste isikute rahalistest ja varalistest annetustest ja sponsorlusest;<br>\n8.1.3 heategevus\u00fcritustest saadud summadest ja \u00fchingu finantstuludest;<br>\n8.1.4 kirjanduse, \u00f5ppevahendite ja muu sarnase m\u00fc\u00fcgi tuludest;<br>\n8.1.5 \u00f5ppemaksudest, tasuliste \u00fcrituste p\u00e4\u00e4smete realiseerimsiest;<br>\n8.1.6 riiklikest toetustest<br>\n8.1.7 v\u00e4lisriikide ja rahvusvaheliste organisatsioonide abist;<br>\n8.1.8 muudest tuludest ja laekumistest;<br>\n8.2 \u00dching kasutab oma vahendeid \u00fcksnes p\u00f5hikirjaliste eesm\u00e4rkide saavutamiseks.<\/p>\n<p><strong>9. \u00dchingu reorganiseerimine v\u00f5i l\u00f5petamine<br>\n<\/strong>9.1 \u00dching reorganiseeritakse \u00fcldkoosoleku otsuse alusel.<br>\n9.2 \u00dching l\u00f5petatakse:<br>\n9.2.1 \u00dcldkoosoleku otsusel;<br>\n9.2.2 pankrotimenetluse alustamisel \u00fchingu vastu;<br>\n9.2.3 \u00fchingu liikmete arvu v\u00e4henemisel alla kahe;<br>\n9.2.4 \u00fcldkoosoleku v\u00f5imetuse korral m\u00e4\u00e4rata seaduses v\u00f5i p\u00f5hikirjas etten\u00e4htud organite liikmeid;<br>\n9.2.5 muul seaduses v\u00f5i p\u00f5hikirjas etten\u00e4htud alusel.<br>\n9.3 L\u00f5petamine \u00fcldkoosoleku otsusega.<br>\n\u00dchingu l\u00f5petamise aluseks v\u00f5ib olla \u00fcldkoosoleku sellekohane otsus. Otsus on vastu v\u00f5etud, kui selle poolt on antud \u00fcle 3\/4 \u00fcldkoosolekul osalenud v\u00f5i esindatud liikmete h\u00e4\u00e4ltest.<br>\n9.4 Pankrotiavalduse esitamine.<br>\nJuhatus peab esitama pankrotiavalduse, kui selgub, et \u00fchingul on v\u00e4hem vara, kui v\u00f5etud kohustusi. Avalduse esitamata j\u00e4tmisel v\u00f5i avalduse esitamisega viivitamisel vastutavad esitamata j\u00e4tmises v\u00f5i esitamisega viivitamises s\u00fc\u00fcdi olevad juhatuse liikmed \u00fchingule v\u00f5i kolmandatele isikutele sellega tekitatud kahju eest solidaarselt.<br>\n9.5 \u00dching sund\u00f5petatakse kohtuotsuse alusel, kui:<br>\n9.5.1 \u00fchingu eesm\u00e4rk v\u00f5i tegevus on vastuolus seadusega, p\u00f5hiseadusliku korra v\u00f5i heade kommetega;<br>\n9.5.2 \u00fchingu tegevus ei vasta tema p\u00f5hikirjalistele eesm\u00e4rkidele;<br>\n9.5.3 \u00fchingu p\u00f5hitegevuseks saab majandustegevus;<br>\n9.5.4 kui juhatus ei esita seaduses s\u00e4testatud l\u00f5petamise avaldust;<br>\n9.5.5 muudel seaduses s\u00e4testatud juhtudel;<br>\n9.6 Likvideerimine toimub seaduses etten\u00e4htud korras.<\/p>\n<p><strong>10. Vara jaotamine<br>\n<\/strong>10.1 \u00dchingu tegevuse l\u00f5petamisel antakse p\u00e4rast v\u00f5lausaldajet n\u00f5uete rahuldamist allesj\u00e4\u00e4nud vara \u00fcle tulumaksusoodustusega mittetulundus\u00fchenduste nimekirja kantud mittetulundus\u00fchingule v\u00f5i sihtasutusele, avalik-\u00f5iguslikule juriidilisele isikule sh. riigile v\u00f5i kohalikule omavalitsuse \u00fcksusele<\/p>\n<p>\u00dching on asutatud m\u00e4\u00e4ramata ajaks.<\/p>\n<p><em>\u00dchingu p\u00f5hikiri on muudetud 20.septembril 2017<\/em><\/p>\n<p><a href=\"https:\/\/kodukantharjumaa.eu\/wp-content\/uploads\/2016\/04\/MT\u00dc-Kodukant-Harjumaa-p\u00f5hikiri-20.09.2017.pdf\" rel=\"\">P\u00f5hikirja PDF versioon printimiseks<\/a><\/p>\t\t\t\t\t\t<\/div>\n\t\t\t\t<\/div>\n\t\t\t\t\t<\/div>\n\t\t\t\t<\/div>\n\t\t\t\t<\/div>\n\t\t","protected":false},"excerpt":{"rendered":"<p>&nbsp;1. \u00dclds\u00e4tted 1.1 K\u00e4esoleva p\u00f5hikirja alusel tegutsev Mittetulundus\u00fching KODUKANT HARJUMAA (edaspidi \u00fching) tegutseb avalikes huvides ja toimib vabatahtliku regionaalset arengut ning k\u00fclaelu v\u00e4\u00e4rtustamist taotleva s\u00f5ltumatu rahvaliikumise p\u00f5him\u00f5ttel. 1.2 \u00dching liidab Harjumaa maapiirkondade tasakaalustatud arengut taotlevaid juriidilisi ja f\u00fc\u00fcsilisi isikuid. 1.3 \u00dchingu ametlik nimetus on MITTETULUNDUS\u00dcHING KODUKANT HARJUMAA. 1.4 \u00dching omab era\u00f5iguslikku juriidilise isiku \u00f5iguseid tema &hellip; <a href=\"https:\/\/kodukantharjumaa.eu\/?page_id=202\" class=\"more-link\">Continue reading <span class=\"screen-reader-text\">P\u00f5hikiri<\/span> <span class=\"meta-nav\">&rarr;<\/span><\/a><\/p>\n","protected":false},"author":1,"featured_media":0,"parent":0,"menu_order":0,"comment_status":"closed","ping_status":"closed","template":"","meta":{"footnotes":""},"class_list":["post-202","page","type-page","status-publish","hentry"],"_links":{"self":[{"href":"https:\/\/kodukantharjumaa.eu\/index.php?rest_route=\/wp\/v2\/pages\/202"}],"collection":[{"href":"https:\/\/kodukantharjumaa.eu\/index.php?rest_route=\/wp\/v2\/pages"}],"about":[{"href":"https:\/\/kodukantharjumaa.eu\/index.php?rest_route=\/wp\/v2\/types\/page"}],"author":[{"embeddable":true,"href":"https:\/\/kodukantharjumaa.eu\/index.php?rest_route=\/wp\/v2\/users\/1"}],"replies":[{"embeddable":true,"href":"https:\/\/kodukantharjumaa.eu\/index.php?rest_route=%2Fwp%2Fv2%2Fcomments&post=202"}],"version-history":[{"count":5,"href":"https:\/\/kodukantharjumaa.eu\/index.php?rest_route=\/wp\/v2\/pages\/202\/revisions"}],"predecessor-version":[{"id":5862,"href":"https:\/\/kodukantharjumaa.eu\/index.php?rest_route=\/wp\/v2\/pages\/202\/revisions\/5862"}],"wp:attachment":[{"href":"https:\/\/kodukantharjumaa.eu\/index.php?rest_route=%2Fwp%2Fv2%2Fmedia&parent=202"}],"curies":[{"name":"wp","href":"https:\/\/api.w.org\/{rel}","templated":true}]}}