{"id":21,"date":"2016-02-29T18:03:25","date_gmt":"2016-02-29T18:03:25","guid":{"rendered":"https:\/\/kodukantharjumaa.eu\/?page_id=21"},"modified":"2026-04-08T22:24:00","modified_gmt":"2026-04-08T22:24:00","slug":"tunnustamine","status":"publish","type":"page","link":"https:\/\/kodukantharjumaa.eu\/?page_id=21","title":{"rendered":"Tunnustamine"},"content":{"rendered":"\t\t<div data-elementor-type=\"wp-page\" data-elementor-id=\"21\" class=\"elementor elementor-21\">\n\t\t\t\t<div class=\"elementor-element elementor-element-54368bf e-flex e-con-boxed e-con e-parent\" data-id=\"54368bf\" data-element_type=\"container\">\n\t\t\t\t\t<div class=\"e-con-inner\">\n\t\t\t\t<div class=\"elementor-element elementor-element-2879add elementor-widget elementor-widget-text-editor\" data-id=\"2879add\" data-element_type=\"widget\" data-widget_type=\"text-editor.default\">\n\t\t\t\t<div class=\"elementor-widget-container\">\n\t\t\t\t\t\t\t<p><strong>Harjumaa aasta tegija<\/strong> on konkurss, mille raames <a href=\"https:\/\/www.heak.ee\/\" target=\"_blank\" rel=\"noopener\">SA Harju Ettev\u00f5tlus- ja Arenduskeskus<\/a>, <a href=\"https:\/\/www.hol.ee\/\" target=\"_blank\" rel=\"noopener\">Harjumaa Omavalitsuste Liit<\/a>, Harjumaa LEADER tegevusgrupid ja Kodukant Harjumaa tunnustavad silmapaistvaid tegusid Harjumaal ning t\u00e4navad inimesi, kogukondi, vaba\u00fchendusi, ettev\u00f5tteid ja asutusi, kes panustavad maakonna arengusse.<\/p>\n\n<p>Konkursi l\u00e4biviimist toetab Kodaniku\u00fchiskonna Sihtkapital. Harjumaa Aasta tegijaid on tunnustatud alates 2003. aastast.<\/p>\t\t\t\t\t\t<\/div>\n\t\t\t\t<\/div>\n\t\t\t\t\t<\/div>\n\t\t\t\t<\/div>\n\t\t<div class=\"elementor-element elementor-element-12268b3 e-con-full e-flex e-con e-parent\" data-id=\"12268b3\" data-element_type=\"container\">\n\t\t\t\t<div class=\"elementor-element elementor-element-cd26baf elementor-widget elementor-widget-text-editor\" data-id=\"cd26baf\" data-element_type=\"widget\" data-widget_type=\"text-editor.default\">\n\t\t\t\t<div class=\"elementor-widget-container\">\n\t\t\t\t\t\t\t<h5><a href=\"https:\/\/www.heak.ee\/harjumaa-aasta-tegija\/\" target=\"_blank\" rel=\"noopener\">Harjumaa Aasta tegija 2025<\/a><\/h5>\n\n<p>Harjumaa Aasta Tegija 2025 konkursile esitati kaheteistk\u00fcmnes kategoorias 120 nominenti pea k\u00f5ikidest omavalitsustest. K\u00f5ige rohkem oli kandidaate Tervisetegu (21) ja S\u00e4deinimese (20) kategoorias. Tunnustamiseks esitati ka 11 sotsiaalmeetme projekti.<\/p>\n\n<p>Omavalitsustest olid k\u00f5ige aktiivsemad esitajad L\u00e4\u00e4ne-Harju, Kuusalu, Saue ja Anija vald. Korraldajad t\u00f5devad, et Harjumaal on palju teotahtelisi inimesi, kelle panust kogukonnas ja kohalikus omavalitsuses m\u00e4rgatakse.<\/p>\n\n<p><strong>Ait\u00e4h esitajatele, tunnustus nominentidele ja palju \u00f5nne Aasta Tegijatele!<\/strong><\/p>\t\t\t\t\t\t<\/div>\n\t\t\t\t<\/div>\n\t\t\t\t<div class=\"elementor-element elementor-element-c9ec0a1 elementor-widget elementor-widget-image\" data-id=\"c9ec0a1\" data-element_type=\"widget\" data-widget_type=\"image.default\">\n\t\t\t\t<div class=\"elementor-widget-container\">\n\t\t\t\t\t\t\t\t\t\t<figure class=\"wp-caption\">\n\t\t\t\t\t\t\t\t\t\t<img fetchpriority=\"high\" decoding=\"async\" width=\"604\" height=\"403\" src=\"https:\/\/kodukantharjumaa.eu\/wp-content\/uploads\/2026\/04\/Laureaatide-uhispilt-700x467-1.jpg\" class=\"attachment-large size-large wp-image-5617\" alt=\"\" srcset=\"https:\/\/kodukantharjumaa.eu\/wp-content\/uploads\/2026\/04\/Laureaatide-uhispilt-700x467-1.jpg 700w, https:\/\/kodukantharjumaa.eu\/wp-content\/uploads\/2026\/04\/Laureaatide-uhispilt-700x467-1-300x200.jpg 300w\" sizes=\"(max-width: 604px) 100vw, 604px\" \/>\t\t\t\t\t\t\t\t\t\t\t<figcaption class=\"widget-image-caption wp-caption-text\">Laureaatide \u00fchispilt. 27.11.2025 Siidrifarmis. Foto Rain Nirgi<\/figcaption>\n\t\t\t\t\t\t\t\t\t\t<\/figure>\n\t\t\t\t\t\t\t<\/div>\n\t\t\t\t<\/div>\n\t\t\t\t<div class=\"elementor-element elementor-element-a18a90b elementor-widget elementor-widget-text-editor\" data-id=\"a18a90b\" data-element_type=\"widget\" data-widget_type=\"text-editor.default\">\n\t\t\t\t<div class=\"elementor-widget-container\">\n\t\t\t\t\t\t\t<h5>Konkursi korraldajate \u00fchise otsusena tunnistati:<\/h5>\n<ul>\n<li>Aasta S\u00e4deinimeseks <strong>Eger Karuse<\/strong> (Rae vald)<\/li>\n<li>Aasta S\u00e4deinimese eripreemia saajaks <strong>Reet Purre<\/strong> (Anija vald)<\/li>\n<li>Aasta Vaba\u00fchendusteks <strong>Veljo Tormise Kultuuriselts<\/strong> (Kuusalu vald) ja <strong>Kose-Uuem\u00f5isa Arendamise Selts<\/strong> (Kose vald)<\/li>\n<li>Aasta Panustajaks <strong>Karl Biltse<\/strong> (L\u00e4\u00e4ne-Harju vald)<\/li>\n<li>Parimaks LEADER koost\u00f6\u00f6projektiks <strong>Ristema Talu Muuseumi dokumentaalfilm \u201eM\u00f5nuste paemurru lugu\u201c<\/strong> (Saue vald)<\/li>\n<li>Parimaks LEADER elukeskkonna projektiks J\u00f5el\u00e4htme Kirikum\u00f5isa SA <strong>J\u00f5el\u00e4htme kiriku restaureerimist\u00f6\u00f6d<\/strong> (J\u00f5el\u00e4htme vald)<\/li>\n<li>Parimaks LEADER ettev\u00f5tlusprojektiks <strong>O\u00dc Olliina treeningvahendite soetamine<\/strong> (L\u00e4\u00e4ne-Harju vald)<\/li>\n<li>Parimaks sotsiaalmeetme projektiks <strong>Eakate selts S\u00fcgiskuld tervisekohvikud H\u00fc\u00fcrus<\/strong> (Saue vald)<\/li>\n<li>Aasta teoks <strong>SA Arvo P\u00e4rdi Keskuse Arvo P\u00e4rdi 90. s\u00fcnnip\u00e4eva-aasta programm<\/strong> (L\u00e4\u00e4ne-Harju vald)<\/li>\n<\/ul>\n\n<h5>Harjumaa Turvalisuse n\u00f5ukogu poolt tunnistati:<\/h5>\n<ul>\n<li>Aasta Turvalisuse Tegijaks <strong>Alo Lahtvee<\/strong> (Anija vald)<\/li>\n<li>Aasta Turvalisusesse panustavaks organisatsiooniks <strong>Aegviidu P\u00e4\u00e4steselts<\/strong> (Anija vald)<\/li>\n<\/ul>\n\n<h5>Harjumaa Tervisen\u00f5ukogu poolt tunnistati:<\/h5>\n<ul>\n<li>Harjumaa Tervisetegijaks <strong>Valdo Jahilo<\/strong> (L\u00e4\u00e4ne-Harju vald)<\/li>\n<li>Harjumaa Terviseteoks Kopli s\u00f6rk, eestvedaja Kopli S\u00f6rk MT\u00dc (Tallinna linn)<\/li>\n<li>Eripreemia v\u00e4\u00e4riliseks <strong>Rae Vallavalitsus<\/strong> kui Harjumaa tervist ja heaolu v\u00e4\u00e4rtustav vald<\/li>\n<\/ul>\n\n<p><strong>Pidulik tunnustuste \u00fcleandmine toimus 27. novembril 2025 Kose vallas Siidrifarmis.<\/strong><\/p>\t\t\t\t\t\t<\/div>\n\t\t\t\t<\/div>\n\t\t\t\t<div class=\"elementor-element elementor-element-dfc98fc elementor-widget elementor-widget-image\" data-id=\"dfc98fc\" data-element_type=\"widget\" data-widget_type=\"image.default\">\n\t\t\t\t<div class=\"elementor-widget-container\">\n\t\t\t\t\t\t\t\t\t\t<figure class=\"wp-caption\">\n\t\t\t\t\t\t\t\t\t\t<img decoding=\"async\" width=\"604\" height=\"403\" src=\"https:\/\/kodukantharjumaa.eu\/wp-content\/uploads\/2026\/04\/Puhkpill-ja-vaade-saali-700x467-1.jpg\" class=\"attachment-large size-large wp-image-5618\" alt=\"\" srcset=\"https:\/\/kodukantharjumaa.eu\/wp-content\/uploads\/2026\/04\/Puhkpill-ja-vaade-saali-700x467-1.jpg 700w, https:\/\/kodukantharjumaa.eu\/wp-content\/uploads\/2026\/04\/Puhkpill-ja-vaade-saali-700x467-1-300x200.jpg 300w\" sizes=\"(max-width: 604px) 100vw, 604px\" \/>\t\t\t\t\t\t\t\t\t\t\t<figcaption class=\"widget-image-caption wp-caption-text\">Siidrifarmis 27.11.2025 Foto Rain Nirgi<\/figcaption>\n\t\t\t\t\t\t\t\t\t\t<\/figure>\n\t\t\t\t\t\t\t<\/div>\n\t\t\t\t<\/div>\n\t\t\t\t<\/div>\n\t\t<div class=\"elementor-element elementor-element-aed7b30 e-flex e-con-boxed e-con e-parent\" data-id=\"aed7b30\" data-element_type=\"container\">\n\t\t\t\t\t<div class=\"e-con-inner\">\n\t\t\t\t<div class=\"elementor-element elementor-element-d5bccdb elementor-widget-divider--view-line elementor-widget elementor-widget-divider\" data-id=\"d5bccdb\" data-element_type=\"widget\" data-widget_type=\"divider.default\">\n\t\t\t\t<div class=\"elementor-widget-container\">\n\t\t\t\t\t<div class=\"elementor-divider\">\n\t\t\t<span class=\"elementor-divider-separator\">\n\t\t\t\t\t\t<\/span>\n\t\t<\/div>\n\t\t\t\t<\/div>\n\t\t\t\t<\/div>\n\t\t\t\t\t<\/div>\n\t\t\t\t<\/div>\n\t\t<div class=\"elementor-element elementor-element-3f36f4f e-flex e-con-boxed e-con e-parent\" data-id=\"3f36f4f\" data-element_type=\"container\">\n\t\t\t\t\t<div class=\"e-con-inner\">\n\t\t\t\t<div class=\"elementor-element elementor-element-fcdc407 elementor-widget elementor-widget-text-editor\" data-id=\"fcdc407\" data-element_type=\"widget\" data-widget_type=\"text-editor.default\">\n\t\t\t\t<div class=\"elementor-widget-container\">\n\t\t\t\t\t\t\t<h5>Harjumaa Aasta Tegija varasemad aastad:<\/h5>\n\n<ul class=\"file-list\">\n<li><a href=\"https:\/\/www.heak.ee\/harjumaa-aasta-tegija\/ajalugu\/harjumaa-aasta-tegija-2024\/\" target=\"_blank\" rel=\"noopener\">Harjumaa Aasta Tegija 2024<\/a><\/li>\n<li><a href=\"https:\/\/www.heak.ee\/harjumaa-aasta-tegija-2023-2\/\" target=\"_blank\" rel=\"noopener\">Harjumaa Aasta Tegija 2023<\/a><\/li>\n<li><a href=\"https:\/\/www.heak.ee\/harjumaa-aasta-tegija-2022\/\" target=\"_blank\" rel=\"noopener\">Harjumaa Aasta Tegija 2022<\/a><\/li>\n<li><a href=\"https:\/\/www.heak.ee\/harjumaa-aasta-tegija-2021\/\" target=\"_blank\" rel=\"noopener\">Harjumaa Aasta Tegija 2021<\/a><\/li>\n<li><a href=\"https:\/\/www.heak.ee\/harjumaa-aasta-tegija-2020\/\" target=\"_blank\" rel=\"noopener\">Harjumaa Aasta Tegija 2020<\/a><\/li>\n<li><a href=\"https:\/\/www.heak.ee\/harjumaa-aasta-tegija-2019\/\" target=\"_blank\" rel=\"noopener\">Harjumaa Aasta Tegija 2019<\/a><\/li>\n<li><a href=\"https:\/\/www.heak.ee\/harjumaa-aasta-tegija-2018\/\" target=\"_blank\" rel=\"noopener\">Harjumaa Aasta Tegija 2018<\/a><\/li>\n<li><a href=\"https:\/\/www.heak.ee\/harjumaa-aasta-tegija-2017\/\" target=\"_blank\" rel=\"noopener\">Harjumaa Aasta Tegija 2017<\/a><\/li>\n<li><a href=\"https:\/\/www.heak.ee\/harjumaa-aasta-tegija-2016\/\" target=\"_blank\" rel=\"noopener\">Harjumaa Aasta Tegija 2016<\/a><\/li>\n<li><a href=\"https:\/\/www.heak.ee\/harjumaa-aasta-tegija-2015\/\" target=\"_blank\" rel=\"noopener\">Harjumaa Aasta Tegija 2015<\/a><\/li>\n<li><a href=\"https:\/\/www.heak.ee\/harjumaa-aasta-tegija-2014\/\" target=\"_blank\" rel=\"noopener\">Harjumaa Aasta Tegija 2014<\/a><\/li>\n<li><a href=\"https:\/\/www.heak.ee\/harjumaa-aasta-tegija-2013\/\" target=\"_blank\" rel=\"noopener\">Harjumaa Aasta Tegija 2013<\/a><\/li>\n<li><a href=\"https:\/\/www.heak.ee\/harjumaa-aasta-tegija-2012\/\" target=\"_blank\" rel=\"noopener\">Harjumaa Aasta Tegija 2012<\/a><\/li>\n<li><a href=\"https:\/\/www.heak.ee\/harjumaa-aasta-tegija-2011\/\" target=\"_blank\" rel=\"noopener\">Harjumaa Aasta Tegija 2011<\/a><\/li>\n<li><a href=\"https:\/\/www.heak.ee\/harjumaa-aasta-tegija-2010\/\" target=\"_blank\" rel=\"noopener\">Harjumaa Aasta Tegija 2010<\/a><\/li>\n\n<li><em>2009. aastal konkurssi ei toimunud<\/em><\/li>\n\n<li><a href=\"https:\/\/www.heak.ee\/harjumaa-aasta-tegija-2008\/\" target=\"_blank\" rel=\"noopener\">Harjumaa Aasta Tegija 2008<\/a><\/li>\n<li><a href=\"https:\/\/www.heak.ee\/harjumaa-aasta-tegija-2007\/\" target=\"_blank\" rel=\"noopener\">Harjumaa Aasta Tegija 2007<\/a><\/li>\n<\/ul>\t\t\t\t\t\t<\/div>\n\t\t\t\t<\/div>\n\t\t\t\t\t<\/div>\n\t\t\t\t<\/div>\n\t\t\t\t<\/div>\n\t\t","protected":false},"excerpt":{"rendered":"<p>Harjumaa aasta tegija on konkurss, mille raames SA Harju Ettev\u00f5tlus- ja Arenduskeskus, Harjumaa Omavalitsuste Liit, Harjumaa LEADER tegevusgrupid ja Kodukant Harjumaa tunnustavad silmapaistvaid tegusid Harjumaal ning t\u00e4navad inimesi, kogukondi, vaba\u00fchendusi, ettev\u00f5tteid ja asutusi, kes panustavad maakonna arengusse. Konkursi l\u00e4biviimist toetab Kodaniku\u00fchiskonna Sihtkapital. Harjumaa Aasta tegijaid on tunnustatud alates 2003. aastast. Harjumaa Aasta tegija 2025 Harjumaa &hellip; <a href=\"https:\/\/kodukantharjumaa.eu\/?page_id=21\" class=\"more-link\">Continue reading <span class=\"screen-reader-text\">Tunnustamine<\/span> <span class=\"meta-nav\">&rarr;<\/span><\/a><\/p>\n","protected":false},"author":1,"featured_media":0,"parent":0,"menu_order":0,"comment_status":"closed","ping_status":"closed","template":"","meta":{"footnotes":""},"class_list":["post-21","page","type-page","status-publish","hentry"],"_links":{"self":[{"href":"https:\/\/kodukantharjumaa.eu\/index.php?rest_route=\/wp\/v2\/pages\/21"}],"collection":[{"href":"https:\/\/kodukantharjumaa.eu\/index.php?rest_route=\/wp\/v2\/pages"}],"about":[{"href":"https:\/\/kodukantharjumaa.eu\/index.php?rest_route=\/wp\/v2\/types\/page"}],"author":[{"embeddable":true,"href":"https:\/\/kodukantharjumaa.eu\/index.php?rest_route=\/wp\/v2\/users\/1"}],"replies":[{"embeddable":true,"href":"https:\/\/kodukantharjumaa.eu\/index.php?rest_route=%2Fwp%2Fv2%2Fcomments&post=21"}],"version-history":[{"count":5,"href":"https:\/\/kodukantharjumaa.eu\/index.php?rest_route=\/wp\/v2\/pages\/21\/revisions"}],"predecessor-version":[{"id":6231,"href":"https:\/\/kodukantharjumaa.eu\/index.php?rest_route=\/wp\/v2\/pages\/21\/revisions\/6231"}],"wp:attachment":[{"href":"https:\/\/kodukantharjumaa.eu\/index.php?rest_route=%2Fwp%2Fv2%2Fmedia&parent=21"}],"curies":[{"name":"wp","href":"https:\/\/api.w.org\/{rel}","templated":true}]}}