{"id":216,"date":"2016-04-06T07:14:26","date_gmt":"2016-04-06T07:14:26","guid":{"rendered":"https:\/\/kodukantharjumaa.eu\/?page_id=216"},"modified":"2026-04-08T18:13:17","modified_gmt":"2026-04-08T18:13:17","slug":"liikmed","status":"publish","type":"page","link":"https:\/\/kodukantharjumaa.eu\/?page_id=216","title":{"rendered":"Liikmed"},"content":{"rendered":"\t\t<div data-elementor-type=\"wp-page\" data-elementor-id=\"216\" class=\"elementor elementor-216\">\n\t\t\t\t<div class=\"elementor-element elementor-element-3ff347eb e-flex e-con-boxed e-con e-parent\" data-id=\"3ff347eb\" data-element_type=\"container\">\n\t\t\t\t\t<div class=\"e-con-inner\">\n\t\t\t\t<div class=\"elementor-element elementor-element-7ccf5e7a elementor-widget elementor-widget-text-editor\" data-id=\"7ccf5e7a\" data-element_type=\"widget\" data-widget_type=\"text-editor.default\">\n\t\t\t\t<div class=\"elementor-widget-container\">\n\t\t\t\t\t\t\t<h6><a href=\"https:\/\/kodukantharjumaa.eu\/wp-content\/uploads\/2026\/04\/Liikmeks-astumise-avaldus-2026-1.doc\" rel=\"\">Liikmeksastumise avaldus 2026<\/a><\/h6><h3>Juriidilised isikud<\/h3><p><a href=\"http:\/\/www.peetri.ee\/selts\/\">MT\u00dc Peetri Selts<\/a><br \/><a href=\"http:\/\/aasmae.weebly.com\/\">MT\u00dc \u00c4\u00e4sm\u00e4e K\u00fclakogu<\/a><br \/><a href=\"http:\/\/muraste.ee\/\">MT\u00dc Muraste K\u00fclaselts<\/a><br \/><a href=\"http:\/\/otikylaselts.ee\/\">MT\u00dc Oti k\u00fclaselts<\/a><br \/><a href=\"http:\/\/www.tlpl.ee\/\">MT\u00dc Tallinna ja Harjumaa Lasterikaste Perede Liit<\/a><br \/><a href=\"http:\/\/www.tuhalalooduskeskus.ee\/\">Tuhala Looduskeskus<\/a><br \/><a href=\"http:\/\/www.sakuvald.ee\/6028\">MT\u00dc Kajamaa k\u00fclaselts<\/a><br \/><a href=\"http:\/\/www.sakuvald.ee\/kiisa\">MT\u00dc Kodukoht Kiisa<\/a><br \/><a href=\"http:\/\/www.metsanurme.eu\/\">MT\u00dc Metsanurme<\/a><br \/><a href=\"http:\/\/www.sakuvald.ee\/21115\">MT\u00dc Kurtna K\u00fclaselts<\/a><br \/><a href=\"http:\/\/www.okas.ee\/\">Oru K\u00fclaarendamise Selts<\/a><br \/><a href=\"https:\/\/www.facebook.com\/Turbuneeme-k%C3%BCla-144219389018141\/\">Turbuneeme k\u00fclaselts MT\u00dc<\/a><br \/><a href=\"http:\/\/www.hot.ee\/jogisoo\/\">Saue-J\u00f5gisoo Haridusselts<\/a><br \/><a href=\"#\">H\u00fc\u00fcru Teabetuba<\/a><br \/><a href=\"#\">\u00c4\u00e4sm\u00e4e Eakate \u00dchendus &#8220;S\u00fcgis&#8221;<\/a><br \/><a href=\"#\">Lehetu K\u00fclaselts<\/a><br \/><a href=\"#\">Ellamaa K\u00fclaarenduskeskus<\/a><br \/><a href=\"http:\/\/www.saidafarm.ee\/\">AS Saidafarm<\/a><br \/><a href=\"http:\/\/www.nissitrollid.ee\/\">Muusikaselts Nissi Trollid<\/a><br \/><a href=\"http:\/\/www.kolgakyla.ee\/mty.htm\">Kolgak\u00fcla Selts<\/a><br \/><a href=\"https:\/\/juminda.ee\/\">Juminda Poolsaare Selts MT\u00dc\u00a0<\/a><br \/><a href=\"http:\/\/www.raekoda.ee\/\">MT\u00dc Rae Valla Alevike- ja K\u00fclavanemate Selts<\/a><br \/><a href=\"http:\/\/www.iru.ee\/\">Iru \u00c4mma Klubi<\/a><br \/><a href=\"https:\/\/visklakyla.wordpress.com\/\">Viskla K\u00fclaarendamise Selts<\/a><br \/><a href=\"http:\/\/www.hot.ee\/kiviloomty\">MT\u00dc Kiviloo K\u00fclakeskus<\/a><br \/><a href=\"http:\/\/habajakyla.blogspot.com\/\">Habaja K\u00fclade Selts<\/a><br \/><a href=\"http:\/\/kyladeselts.blogspot.com\/\">K\u00f5ue K\u00fclade Selts<\/a><br \/><a href=\"http:\/\/www.prangli.ee\/\">Prangli Saare Talurahvamuuseumi Selts MT\u00dc<\/a><br \/><a href=\"http:\/\/www.viikingitekyla.ee\/\">Viikingite K\u00fcla MT\u00dc<\/a><br \/><a href=\"https:\/\/www.facebook.com\/vjkulaselts\">V\u00e4\u00e4na-J\u00f5esuu K\u00fclaselts<\/a><br \/><a href=\"http:\/\/www.hot.ee\/liivakalda\/kontakt.html\">MT\u00dc Kotka K\u00fclaselts<\/a><br \/><a href=\"http:\/\/www.leaderph.eu\/web\/\">P\u00f5hja-Harju Koost\u00f6\u00f6kogu<\/a><br \/><a href=\"http:\/\/www.maidlakyla.ee\/\">Maidla K\u00fclaselts<br \/><\/a><a href=\"https:\/\/lodijarv.weebly.com\/\">MT\u00dc Lodij\u00e4rv (Klooga selts)<br \/><\/a><a href=\"https:\/\/www.facebook.com\/VoosePaikesekodu\/\">MT\u00dc Voose k\u00f5rts (Voose P\u00e4ikesekodu)<br \/><\/a><a href=\"https:\/\/pikvaarava.weebly.com\/\">Pikva-Arava K\u00fclaelu MT\u00dc\u00a0<\/a><br \/><a href=\"https:\/\/www.facebook.com\/suursookylaselts\/?locale=et_EE\">Suursoo k\u00fclaselts<\/a><br \/><a href=\"https:\/\/www.facebook.com\/p\/Kose-Uuem%C3%B5isa-Arendamise-Selts-100080666079059\/\">Kose-Uuem\u00f5isa Arendamise Selts<\/a><\/p><p style=\"text-align: left;\"><span style=\"color: #f57d00;\">Eraisikud:<\/span><br \/>Enn Karu<br \/>Riina Lotam\u00f5is<br \/>Sirje Nokkur<br \/>Eha Reitelmann<br \/>Villem Madissoo<\/p>\t\t\t\t\t\t<\/div>\n\t\t\t\t<\/div>\n\t\t\t\t\t<\/div>\n\t\t\t\t<\/div>\n\t\t\t\t<\/div>\n\t\t","protected":false},"excerpt":{"rendered":"<p>Liikmeksastumise avaldus 2026 Juriidilised isikud MT\u00dc Peetri SeltsMT\u00dc \u00c4\u00e4sm\u00e4e K\u00fclakoguMT\u00dc Muraste K\u00fclaseltsMT\u00dc Oti k\u00fclaseltsMT\u00dc Tallinna ja Harjumaa Lasterikaste Perede LiitTuhala LooduskeskusMT\u00dc Kajamaa k\u00fclaseltsMT\u00dc Kodukoht KiisaMT\u00dc MetsanurmeMT\u00dc Kurtna K\u00fclaseltsOru K\u00fclaarendamise SeltsTurbuneeme k\u00fclaselts MT\u00dcSaue-J\u00f5gisoo HaridusseltsH\u00fc\u00fcru Teabetuba\u00c4\u00e4sm\u00e4e Eakate \u00dchendus &#8220;S\u00fcgis&#8221;Lehetu K\u00fclaseltsEllamaa K\u00fclaarenduskeskusAS SaidafarmMuusikaselts Nissi TrollidKolgak\u00fcla SeltsJuminda Poolsaare Selts MT\u00dc\u00a0MT\u00dc Rae Valla Alevike- ja K\u00fclavanemate SeltsIru \u00c4mma KlubiViskla K\u00fclaarendamise &hellip; <a href=\"https:\/\/kodukantharjumaa.eu\/?page_id=216\" class=\"more-link\">Continue reading <span class=\"screen-reader-text\">Liikmed<\/span> <span class=\"meta-nav\">&rarr;<\/span><\/a><\/p>\n","protected":false},"author":1,"featured_media":0,"parent":0,"menu_order":0,"comment_status":"closed","ping_status":"closed","template":"","meta":{"footnotes":""},"class_list":["post-216","page","type-page","status-publish","hentry"],"_links":{"self":[{"href":"https:\/\/kodukantharjumaa.eu\/index.php?rest_route=\/wp\/v2\/pages\/216"}],"collection":[{"href":"https:\/\/kodukantharjumaa.eu\/index.php?rest_route=\/wp\/v2\/pages"}],"about":[{"href":"https:\/\/kodukantharjumaa.eu\/index.php?rest_route=\/wp\/v2\/types\/page"}],"author":[{"embeddable":true,"href":"https:\/\/kodukantharjumaa.eu\/index.php?rest_route=\/wp\/v2\/users\/1"}],"replies":[{"embeddable":true,"href":"https:\/\/kodukantharjumaa.eu\/index.php?rest_route=%2Fwp%2Fv2%2Fcomments&post=216"}],"version-history":[{"count":5,"href":"https:\/\/kodukantharjumaa.eu\/index.php?rest_route=\/wp\/v2\/pages\/216\/revisions"}],"predecessor-version":[{"id":6082,"href":"https:\/\/kodukantharjumaa.eu\/index.php?rest_route=\/wp\/v2\/pages\/216\/revisions\/6082"}],"wp:attachment":[{"href":"https:\/\/kodukantharjumaa.eu\/index.php?rest_route=%2Fwp%2Fv2%2Fmedia&parent=216"}],"curies":[{"name":"wp","href":"https:\/\/api.w.org\/{rel}","templated":true}]}}