{"id":228,"date":"2016-04-26T14:31:05","date_gmt":"2016-04-26T14:31:05","guid":{"rendered":"https:\/\/kodukantharjumaa.eu\/?page_id=228"},"modified":"2026-04-09T12:44:50","modified_gmt":"2026-04-09T12:44:50","slug":"sundmused","status":"publish","type":"page","link":"https:\/\/kodukantharjumaa.eu\/?page_id=228","title":{"rendered":""},"content":{"rendered":"\t\t<div data-elementor-type=\"wp-page\" data-elementor-id=\"228\" class=\"elementor elementor-228\">\n\t\t\t\t<div class=\"elementor-element elementor-element-78deda2 e-flex e-con-boxed e-con e-parent\" data-id=\"78deda2\" data-element_type=\"container\">\n\t\t\t\t\t<div class=\"e-con-inner\">\n\t\t\t\t<div class=\"elementor-element elementor-element-5c78b1c elementor-widget elementor-widget-text-editor\" data-id=\"5c78b1c\" data-element_type=\"widget\" data-widget_type=\"text-editor.default\">\n\t\t\t\t<div class=\"elementor-widget-container\">\n\t\t\t\t\t\t\t<p><img fetchpriority=\"high\" decoding=\"async\" class=\"aligncenter wp-image-5576 size-full\" src=\"https:\/\/kodukantharjumaa.eu\/wp-content\/uploads\/2026\/04\/maapaev-removebg-preview-1.png\" alt=\"\" width=\"753\" height=\"259\" srcset=\"https:\/\/kodukantharjumaa.eu\/wp-content\/uploads\/2026\/04\/maapaev-removebg-preview-1.png 753w, https:\/\/kodukantharjumaa.eu\/wp-content\/uploads\/2026\/04\/maapaev-removebg-preview-1-300x103.png 300w\" sizes=\"(max-width: 753px) 100vw, 753px\" \/><\/p>\t\t\t\t\t\t<\/div>\n\t\t\t\t<\/div>\n\t\t\t\t\t<\/div>\n\t\t\t\t<\/div>\n\t\t<div class=\"elementor-element elementor-element-6e302a80 e-flex e-con-boxed e-con e-parent\" data-id=\"6e302a80\" data-element_type=\"container\">\n\t\t\t\t\t<div class=\"e-con-inner\">\n\t\t\t\t<div class=\"elementor-element elementor-element-75233bb elementor-widget elementor-widget-text-editor\" data-id=\"75233bb\" data-element_type=\"widget\" data-widget_type=\"text-editor.default\">\n\t\t\t\t<div class=\"elementor-widget-container\">\n\t\t\t\t\t\t\t<h4 class=\"section-title\">Eesti K\u00fclade XVI Maap\u00e4ev toimub 15.\u201316. augustil 2026. aastal Ida-Virumaal.<\/h4>\n\n<p>Maap\u00e4ev on Eesti k\u00fclaliikumise suurs\u00fcndmus, mida on korraldatud alates 1996. aastast. See toimub iga kahe aasta tagant eri maakondades \u00fcle Eesti, esimene Maap\u00e4ev peeti Ida-Virumaal.<\/p>\n\n<p>Maap\u00e4eva keskne eesm\u00e4rk on kujundada k\u00fclaliikumise arengusuundi, seada selgeid ja praktilisi sihte ning leida toimivaid lahendusi. \u00dchtlasi tehakse ettepanekuid Riigikogule, ministeeriumidele ja kohalikele omavalitsustele. Sama oluline on inimeste kokku toomine \u2013 et \u00fchiselt arutada igap\u00e4evaste r\u00f5\u00f5mude ja murede \u00fcle, luua uusi tutvusi ning tugevdada k\u00fclaliikumise v\u00f5rgustikku \u00fcle Eesti.<\/p>\n\n<figure id=\"attachment_5569\" aria-describedby=\"caption-attachment-5569\" style=\"width: 1505px\" class=\"wp-caption aligncenter\"><a href=\"https:\/\/kodukant.ee\/tegemised\/maapaev\/\">\n<img decoding=\"async\" class=\"wp-image-5569 size-full\" src=\"https:\/\/kodukantharjumaa.eu\/wp-content\/uploads\/2026\/04\/2024-Maapaev-Foto-Aare-Hindremae.jpg\" alt=\"Maap\u00e4ev 2024. Foto: Aare Hindrem\u00e4e\" width=\"1505\" height=\"519\" srcset=\"https:\/\/kodukantharjumaa.eu\/wp-content\/uploads\/2026\/04\/2024-Maapaev-Foto-Aare-Hindremae.jpg 1505w, https:\/\/kodukantharjumaa.eu\/wp-content\/uploads\/2026\/04\/2024-Maapaev-Foto-Aare-Hindremae-300x103.jpg 300w, https:\/\/kodukantharjumaa.eu\/wp-content\/uploads\/2026\/04\/2024-Maapaev-Foto-Aare-Hindremae-1024x353.jpg 1024w, https:\/\/kodukantharjumaa.eu\/wp-content\/uploads\/2026\/04\/2024-Maapaev-Foto-Aare-Hindremae-768x265.jpg 768w\" sizes=\"(max-width: 1505px) 100vw, 1505px\" \/>\n<\/a><figcaption id=\"caption-attachment-5569\" class=\"wp-caption-text\">Maap\u00e4ev 2024. Foto: Aare Hindrem\u00e4e<\/figcaption><\/figure>\t\t\t\t\t\t<\/div>\n\t\t\t\t<\/div>\n\t\t\t\t\t<\/div>\n\t\t\t\t<\/div>\n\t\t\t\t<\/div>\n\t\t","protected":false},"excerpt":{"rendered":"<p>Eesti K\u00fclade XVI Maap\u00e4ev toimub 15.\u201316. augustil 2026. aastal Ida-Virumaal. Maap\u00e4ev on Eesti k\u00fclaliikumise suurs\u00fcndmus, mida on korraldatud alates 1996. aastast. See toimub iga kahe aasta tagant eri maakondades \u00fcle Eesti, esimene Maap\u00e4ev peeti Ida-Virumaal. Maap\u00e4eva keskne eesm\u00e4rk on kujundada k\u00fclaliikumise arengusuundi, seada selgeid ja praktilisi sihte ning leida toimivaid lahendusi. \u00dchtlasi tehakse ettepanekuid Riigikogule, &hellip; <a href=\"https:\/\/kodukantharjumaa.eu\/?page_id=228\" class=\"more-link\">Continue reading <span class=\"screen-reader-text\"><\/span> <span class=\"meta-nav\">&rarr;<\/span><\/a><\/p>\n","protected":false},"author":1,"featured_media":0,"parent":0,"menu_order":0,"comment_status":"closed","ping_status":"closed","template":"","meta":{"footnotes":""},"class_list":["post-228","page","type-page","status-publish","hentry"],"_links":{"self":[{"href":"https:\/\/kodukantharjumaa.eu\/index.php?rest_route=\/wp\/v2\/pages\/228"}],"collection":[{"href":"https:\/\/kodukantharjumaa.eu\/index.php?rest_route=\/wp\/v2\/pages"}],"about":[{"href":"https:\/\/kodukantharjumaa.eu\/index.php?rest_route=\/wp\/v2\/types\/page"}],"author":[{"embeddable":true,"href":"https:\/\/kodukantharjumaa.eu\/index.php?rest_route=\/wp\/v2\/users\/1"}],"replies":[{"embeddable":true,"href":"https:\/\/kodukantharjumaa.eu\/index.php?rest_route=%2Fwp%2Fv2%2Fcomments&post=228"}],"version-history":[{"count":5,"href":"https:\/\/kodukantharjumaa.eu\/index.php?rest_route=\/wp\/v2\/pages\/228\/revisions"}],"predecessor-version":[{"id":6350,"href":"https:\/\/kodukantharjumaa.eu\/index.php?rest_route=\/wp\/v2\/pages\/228\/revisions\/6350"}],"wp:attachment":[{"href":"https:\/\/kodukantharjumaa.eu\/index.php?rest_route=%2Fwp%2Fv2%2Fmedia&parent=228"}],"curies":[{"name":"wp","href":"https:\/\/api.w.org\/{rel}","templated":true}]}}