{"id":23,"date":"2016-02-29T18:03:34","date_gmt":"2016-02-29T18:03:34","guid":{"rendered":"https:\/\/kodukantharjumaa.eu\/?page_id=23"},"modified":"2026-04-01T08:48:16","modified_gmt":"2026-04-01T08:48:16","slug":"eetikakoodeks","status":"publish","type":"page","link":"https:\/\/kodukantharjumaa.eu\/?page_id=23","title":{"rendered":"Eetikakoodeks"},"content":{"rendered":"<p>MT\u00dc Kodukant Harjumaa l\u00e4htub oma tegevustes <a href=\"https:\/\/heakodanik.ee\/vabauhenduste-eetikakoodeks\/\"><strong>Vaba\u00fchenduste eetikakoodeksist<\/strong>.<\/a><\/p>\n","protected":false},"excerpt":{"rendered":"<p>MT\u00dc Kodukant Harjumaa l\u00e4htub oma tegevustes Vaba\u00fchenduste eetikakoodeksist.<\/p>\n","protected":false},"author":1,"featured_media":0,"parent":0,"menu_order":0,"comment_status":"closed","ping_status":"closed","template":"","meta":{"footnotes":""},"class_list":["post-23","page","type-page","status-publish","hentry"],"_links":{"self":[{"href":"https:\/\/kodukantharjumaa.eu\/index.php?rest_route=\/wp\/v2\/pages\/23"}],"collection":[{"href":"https:\/\/kodukantharjumaa.eu\/index.php?rest_route=\/wp\/v2\/pages"}],"about":[{"href":"https:\/\/kodukantharjumaa.eu\/index.php?rest_route=\/wp\/v2\/types\/page"}],"author":[{"embeddable":true,"href":"https:\/\/kodukantharjumaa.eu\/index.php?rest_route=\/wp\/v2\/users\/1"}],"replies":[{"embeddable":true,"href":"https:\/\/kodukantharjumaa.eu\/index.php?rest_route=%2Fwp%2Fv2%2Fcomments&post=23"}],"version-history":[{"count":5,"href":"https:\/\/kodukantharjumaa.eu\/index.php?rest_route=\/wp\/v2\/pages\/23\/revisions"}],"predecessor-version":[{"id":5468,"href":"https:\/\/kodukantharjumaa.eu\/index.php?rest_route=\/wp\/v2\/pages\/23\/revisions\/5468"}],"wp:attachment":[{"href":"https:\/\/kodukantharjumaa.eu\/index.php?rest_route=%2Fwp%2Fv2%2Fmedia&parent=23"}],"curies":[{"name":"wp","href":"https:\/\/api.w.org\/{rel}","templated":true}]}}