{"id":236,"date":"2016-04-29T09:00:24","date_gmt":"2016-04-29T09:00:24","guid":{"rendered":"https:\/\/kodukantharjumaa.eu\/?page_id=236"},"modified":"2026-04-08T18:25:20","modified_gmt":"2026-04-08T18:25:20","slug":"uldkoosoleku-protokollid","status":"publish","type":"page","link":"https:\/\/kodukantharjumaa.eu\/?page_id=236","title":{"rendered":"\u00dcldkoosoleku protokollid"},"content":{"rendered":"\t\t<div data-elementor-type=\"wp-page\" data-elementor-id=\"236\" class=\"elementor elementor-236\">\n\t\t\t\t<div class=\"elementor-element elementor-element-14306954 e-flex e-con-boxed e-con e-parent\" data-id=\"14306954\" data-element_type=\"container\">\n\t\t\t\t\t<div class=\"e-con-inner\">\n\t\t\t\t<div class=\"elementor-element elementor-element-79587915 elementor-widget elementor-widget-text-editor\" data-id=\"79587915\" data-element_type=\"widget\" data-widget_type=\"text-editor.default\">\n\t\t\t\t<div class=\"elementor-widget-container\">\n\t\t\t\t\t\t\t<p>\u00a0<\/p><p><span style=\"color: #993300;\"><a style=\"color: #993300;\" href=\"https:\/\/kodukantharjumaa.eu\/wp-content\/uploads\/2016\/04\/KKH-\u00fcldkoosolek-28.03.2019-protokoll.pdf\" rel=\"\">KKH \u00fcldkoosoleku protokoll nr 1- 28.03.2019<\/a><\/span><br \/><span style=\"color: #993300;\"> <a style=\"color: #993300;\" href=\"https:\/\/kodukantharjumaa.eu\/wp-content\/uploads\/2016\/04\/REVISJONIKOMISJONI-ARVAMUS-2018.pdf\" rel=\"\">Revisjonikomisjoni arvamus 2018<\/a><\/span><\/p><p><span style=\"color: #993300;\"><a style=\"color: #993300;\" href=\"https:\/\/kodukantharjumaa.eu\/wp-content\/uploads\/2016\/04\/KKH-\u00fcldkoosolek-01.05.2018-protokoll.pdf\" rel=\"\">KKH \u00fcldkoosoleku protokoll nr 1- 01.05.2018\u00a0<\/a><\/span><br \/><span style=\"color: #993300;\"><a style=\"color: #993300;\" href=\"https:\/\/kodukantharjumaa.eu\/wp-content\/uploads\/2016\/04\/REVISJONIKOMISJONI-ARVAMUS-2017.pdf\" rel=\"\">Revisjonikomisjoni arvamus 2017<\/a><\/span><\/p><p><span style=\"color: #993300;\"><a style=\"color: #993300;\" href=\"https:\/\/kodukantharjumaa.eu\/wp-content\/uploads\/2016\/04\/KKH-\u00fcldkoosolek-20.09.2017-p\u00e4evakord-ja-protokoll.pdf\" rel=\"\">KKH \u00fcldkoosoleku protokoll nr 2- 20.09.2017 <\/a><\/span><\/p><p><span style=\"color: #993300;\"><a style=\"color: #993300;\" href=\"https:\/\/kodukantharjumaa.eu\/wp-content\/uploads\/2016\/04\/KKH-\u00fcldkoosoleku-protokoll-nr-1-21.04.17.pdf\" rel=\"\">KKH \u00fcldkoosoleku protokoll nr 1- 21.04.17<\/a><\/span><\/p><p><span style=\"color: #993300;\"><a style=\"color: #993300;\" href=\"https:\/\/kodukantharjumaa.eu\/wp-content\/uploads\/2016\/04\/REVISJONIKOMISJONI-ARVAMUS-2016.pdf\" rel=\"\">Revisjonikomisjoni arvamus-2016<\/a><\/span><\/p><p><span style=\"color: #993300;\"><a style=\"color: #993300;\" href=\"https:\/\/kodukantharjumaa.eu\/wp-content\/uploads\/2016\/04\/KKH-Yldkoosoleku-protokoll-24.04.2016.pdf\" rel=\"\">KKH \u00dcldkoosoleku protokoll 24.04.2016<\/a><\/span><\/p>\t\t\t\t\t\t<\/div>\n\t\t\t\t<\/div>\n\t\t\t\t\t<\/div>\n\t\t\t\t<\/div>\n\t\t\t\t<\/div>\n\t\t","protected":false},"excerpt":{"rendered":"<p>\u00a0 KKH \u00fcldkoosoleku protokoll nr 1- 28.03.2019 Revisjonikomisjoni arvamus 2018 KKH \u00fcldkoosoleku protokoll nr 1- 01.05.2018\u00a0Revisjonikomisjoni arvamus 2017 KKH \u00fcldkoosoleku protokoll nr 2- 20.09.2017 KKH \u00fcldkoosoleku protokoll nr 1- 21.04.17 Revisjonikomisjoni arvamus-2016 KKH \u00dcldkoosoleku protokoll 24.04.2016<\/p>\n","protected":false},"author":6,"featured_media":0,"parent":0,"menu_order":0,"comment_status":"closed","ping_status":"closed","template":"","meta":{"footnotes":""},"class_list":["post-236","page","type-page","status-publish","hentry"],"_links":{"self":[{"href":"https:\/\/kodukantharjumaa.eu\/index.php?rest_route=\/wp\/v2\/pages\/236"}],"collection":[{"href":"https:\/\/kodukantharjumaa.eu\/index.php?rest_route=\/wp\/v2\/pages"}],"about":[{"href":"https:\/\/kodukantharjumaa.eu\/index.php?rest_route=\/wp\/v2\/types\/page"}],"author":[{"embeddable":true,"href":"https:\/\/kodukantharjumaa.eu\/index.php?rest_route=\/wp\/v2\/users\/6"}],"replies":[{"embeddable":true,"href":"https:\/\/kodukantharjumaa.eu\/index.php?rest_route=%2Fwp%2Fv2%2Fcomments&post=236"}],"version-history":[{"count":5,"href":"https:\/\/kodukantharjumaa.eu\/index.php?rest_route=\/wp\/v2\/pages\/236\/revisions"}],"predecessor-version":[{"id":6097,"href":"https:\/\/kodukantharjumaa.eu\/index.php?rest_route=\/wp\/v2\/pages\/236\/revisions\/6097"}],"wp:attachment":[{"href":"https:\/\/kodukantharjumaa.eu\/index.php?rest_route=%2Fwp%2Fv2%2Fmedia&parent=236"}],"curies":[{"name":"wp","href":"https:\/\/api.w.org\/{rel}","templated":true}]}}