{"id":257,"date":"2016-06-13T12:35:49","date_gmt":"2016-06-13T12:35:49","guid":{"rendered":"https:\/\/kodukantharjumaa.eu\/?page_id=257"},"modified":"2026-04-09T06:38:04","modified_gmt":"2026-04-09T06:38:04","slug":"aasta-kula","status":"publish","type":"page","link":"https:\/\/kodukantharjumaa.eu\/?page_id=257","title":{"rendered":"Teeme \u00e4ra!"},"content":{"rendered":"\t\t<div data-elementor-type=\"wp-page\" data-elementor-id=\"257\" class=\"elementor elementor-257\">\n\t\t\t\t<div class=\"elementor-element elementor-element-bbfdd8c e-con-full e-flex e-con e-parent\" data-id=\"bbfdd8c\" data-element_type=\"container\">\n\t\t\t\t<div class=\"elementor-element elementor-element-9cb2d1c elementor-widget elementor-widget-text-editor\" data-id=\"9cb2d1c\" data-element_type=\"widget\" data-widget_type=\"text-editor.default\">\n\t\t\t\t<div class=\"elementor-widget-container\">\n\t\t\t\t\t\t\t<h3><b>Mis on Teeme \u00c4ra talgup\u00e4ev?<\/b><\/h3>\n<div>\u00dcle-eestiline Teeme \u00c4ra talgup\u00e4ev sai t\u00f5uke 2008. aasta suurest pr\u00fcgikoristusest ning sellele j\u00e4rgnenud 2009. aasta m\u00f5ttetalgutest. Alates 2010. aastast on maikuu esimesel laup\u00e4eval peetud Teeme \u00c4ra talgup\u00e4eva, kus talgute korraldamine on iga aktiivse kodaniku, kogukonna ja \u00fchenduse v\u00f5imalus midagi oma elukeskkonna heaks ise \u00e4ra teha.<\/div>\n<div>\u00a0<\/div>\n<div>Talgup\u00e4eva eesm\u00e4rk on panustada Eesti elukeskkonna ja kodaniku\u00fchiskonna arengusse, edendades kodanikes aktiivset hoiakut, tugevdades kohalikke kogukondi ning toetades nende liidrite kujunemist.<\/div>\t\t\t\t\t\t<\/div>\n\t\t\t\t<\/div>\n\t\t\t\t<\/div>\n\t\t<div class=\"elementor-element elementor-element-6474449 e-flex e-con-boxed e-con e-parent\" data-id=\"6474449\" data-element_type=\"container\">\n\t\t\t\t\t<div class=\"e-con-inner\">\n\t\t\t\t<div class=\"elementor-element elementor-element-00022c9 elementor-widget elementor-widget-image\" data-id=\"00022c9\" data-element_type=\"widget\" data-widget_type=\"image.default\">\n\t\t\t\t<div class=\"elementor-widget-container\">\n\t\t\t\t\t\t\t\t\t\t\t\t\t\t<a href=\"https:\/\/www.teemeara.ee\/\" target=\"_blank\">\n\t\t\t\t\t\t\t<img fetchpriority=\"high\" decoding=\"async\" width=\"604\" height=\"249\" src=\"https:\/\/kodukantharjumaa.eu\/wp-content\/uploads\/2026\/04\/Teeme-Ara2-1024x422.jpg\" class=\"attachment-large size-large wp-image-5532\" alt=\"\" srcset=\"https:\/\/kodukantharjumaa.eu\/wp-content\/uploads\/2026\/04\/Teeme-Ara2-1024x422.jpg 1024w, https:\/\/kodukantharjumaa.eu\/wp-content\/uploads\/2026\/04\/Teeme-Ara2-300x124.jpg 300w, https:\/\/kodukantharjumaa.eu\/wp-content\/uploads\/2026\/04\/Teeme-Ara2-768x316.jpg 768w, https:\/\/kodukantharjumaa.eu\/wp-content\/uploads\/2026\/04\/Teeme-Ara2-1536x633.jpg 1536w, https:\/\/kodukantharjumaa.eu\/wp-content\/uploads\/2026\/04\/Teeme-Ara2.jpg 1862w\" sizes=\"(max-width: 604px) 100vw, 604px\" \/>\t\t\t\t\t\t\t\t<\/a>\n\t\t\t\t\t\t\t\t\t\t\t\t\t<\/div>\n\t\t\t\t<\/div>\n\t\t\t\t\t<\/div>\n\t\t\t\t<\/div>\n\t\t<div class=\"elementor-element elementor-element-ab42c41 e-flex e-con-boxed e-con e-parent\" data-id=\"ab42c41\" data-element_type=\"container\">\n\t\t\t\t\t<div class=\"e-con-inner\">\n\t\t\t\t<div class=\"elementor-element elementor-element-420f48d elementor-widget elementor-widget-text-editor\" data-id=\"420f48d\" data-element_type=\"widget\" data-widget_type=\"text-editor.default\">\n\t\t\t\t<div class=\"elementor-widget-container\">\n\t\t\t\t\t\t\t<p>T\u00e4navu on Teeme \u00c4ra! talgutel t\u00e4helepanu all:<\/p>\n<ul>\n<li><a href=\"https:\/\/xn--teemera-9wa.ee\/tahelepanu-all\/keldrite-korrastamine-varjumiskohtadeks\">Keldrite korrastamine varjumiskohtadeks<\/a><\/li>\n<li><a href=\"https:\/\/xn--teemera-9wa.ee\/tahelepanu-all\/vaimne-tervis-ja-tasakaal-arevatel-aegadel\">Vaimne tervis ja tasakaal \u00e4revatel aegadel<\/a><\/li>\n<li><a href=\"https:\/\/xn--teemera-9wa.ee\/tahelepanu-all\/muusika-ja-uhislaulmine-igasse-talgupaika\">Muusika ja \u00fchislaulmine igasse talgupaika<\/a><\/li>\n<\/ul>\t\t\t\t\t\t<\/div>\n\t\t\t\t<\/div>\n\t\t\t\t\t<\/div>\n\t\t\t\t<\/div>\n\t\t<div class=\"elementor-element elementor-element-7f7895a e-flex e-con-boxed e-con e-parent\" data-id=\"7f7895a\" data-element_type=\"container\">\n\t\t\t\t\t<div class=\"e-con-inner\">\n\t\t\t\t<div class=\"elementor-element elementor-element-186f2d8 elementor-widget elementor-widget-text-editor\" data-id=\"186f2d8\" data-element_type=\"widget\" data-widget_type=\"text-editor.default\">\n\t\t\t\t<div class=\"elementor-widget-container\">\n\t\t\t\t\t\t\t<p>Pane oma 2026. aasta talgud kirja siin:\u00a0<a href=\"https:\/\/talgud.teemeara.ee\/events\/new\">Registreeri talgud<\/a><\/p>\t\t\t\t\t\t<\/div>\n\t\t\t\t<\/div>\n\t\t\t\t\t<\/div>\n\t\t\t\t<\/div>\n\t\t<div class=\"elementor-element elementor-element-26118fe e-flex e-con-boxed e-con e-parent\" data-id=\"26118fe\" data-element_type=\"container\">\n\t\t\t\t\t<div class=\"e-con-inner\">\n\t\t\t\t<div class=\"elementor-element elementor-element-46a951a elementor-widget-divider--view-line elementor-widget elementor-widget-divider\" data-id=\"46a951a\" data-element_type=\"widget\" data-widget_type=\"divider.default\">\n\t\t\t\t<div class=\"elementor-widget-container\">\n\t\t\t\t\t<div class=\"elementor-divider\">\n\t\t\t<span class=\"elementor-divider-separator\">\n\t\t\t\t\t\t<\/span>\n\t\t<\/div>\n\t\t\t\t<\/div>\n\t\t\t\t<\/div>\n\t\t\t\t\t<\/div>\n\t\t\t\t<\/div>\n\t\t<div class=\"elementor-element elementor-element-0a0e229 e-flex e-con-boxed e-con e-parent\" data-id=\"0a0e229\" data-element_type=\"container\">\n\t\t\t\t\t<div class=\"e-con-inner\">\n\t\t\t\t<div class=\"elementor-element elementor-element-7db4a64 elementor-widget elementor-widget-text-editor\" data-id=\"7db4a64\" data-element_type=\"widget\" data-widget_type=\"text-editor.default\">\n\t\t\t\t<div class=\"elementor-widget-container\">\n\t\t\t\t\t\t\t<h3><b>Teeme \u00c4ra talgup\u00e4ev 2025<\/b><\/h3>\t\t\t\t\t\t<\/div>\n\t\t\t\t<\/div>\n\t\t\t\t\t<\/div>\n\t\t\t\t<\/div>\n\t\t<div class=\"elementor-element elementor-element-6ede316 e-flex e-con-boxed e-con e-parent\" data-id=\"6ede316\" data-element_type=\"container\">\n\t\t\t\t\t<div class=\"e-con-inner\">\n\t\t\t\t<div class=\"elementor-element elementor-element-b492210 elementor-widget elementor-widget-image\" data-id=\"b492210\" data-element_type=\"widget\" data-widget_type=\"image.default\">\n\t\t\t\t<div class=\"elementor-widget-container\">\n\t\t\t\t\t\t\t\t\t\t\t\t\t<img decoding=\"async\" width=\"604\" height=\"340\" src=\"https:\/\/kodukantharjumaa.eu\/wp-content\/uploads\/2026\/04\/FB_IMG_1775201961079-1024x576.jpg\" class=\"attachment-large size-large wp-image-5841\" alt=\"\" srcset=\"https:\/\/kodukantharjumaa.eu\/wp-content\/uploads\/2026\/04\/FB_IMG_1775201961079-1024x576.jpg 1024w, https:\/\/kodukantharjumaa.eu\/wp-content\/uploads\/2026\/04\/FB_IMG_1775201961079-300x169.jpg 300w, https:\/\/kodukantharjumaa.eu\/wp-content\/uploads\/2026\/04\/FB_IMG_1775201961079-768x432.jpg 768w, https:\/\/kodukantharjumaa.eu\/wp-content\/uploads\/2026\/04\/FB_IMG_1775201961079-1536x864.jpg 1536w, https:\/\/kodukantharjumaa.eu\/wp-content\/uploads\/2026\/04\/FB_IMG_1775201961079.jpg 2048w\" sizes=\"(max-width: 604px) 100vw, 604px\" \/>\t\t\t\t\t\t\t\t\t\t\t\t\t<\/div>\n\t\t\t\t<\/div>\n\t\t\t\t\t<\/div>\n\t\t\t\t<\/div>\n\t\t<div class=\"elementor-element elementor-element-abee31f e-flex e-con-boxed e-con e-parent\" data-id=\"abee31f\" data-element_type=\"container\">\n\t\t\t\t\t<div class=\"e-con-inner\">\n\t\t\t\t<div class=\"elementor-element elementor-element-2b36420 elementor-widget elementor-widget-text-editor\" data-id=\"2b36420\" data-element_type=\"widget\" data-widget_type=\"text-editor.default\">\n\t\t\t\t<div class=\"elementor-widget-container\">\n\t\t\t\t\t\t\t<p>Laup\u00e4eval, 3. mail 2025, toimus \u00fcle Eesti 1052 talgut, milles osales registreeritud 37 140 talgulist!<\/p>\n\n<p>Oli t\u00f5eliselt v\u00e4gev p\u00e4ev t\u00e4is talgut\u00f6id, unistusi, koostegemist ja hoolivust. \ud83d\udc9a<\/p>\n\n<p>\ud83d\udee0\ufe0f Talgup\u00e4eva raames korraldati muuhulgas:<\/p>\n\n<ul class=\"clean-list\">\n<li>\u2714\ufe0f 161 kriisivalmiduse ja kogukonna turvalisuse talgut<\/li>\n<li>\u2714\ufe0f 50 raamatuaasta talgut<\/li>\n<li>\u2714\ufe0f 286 unistamistalgut \u2013 unistasime Eestist aastal 2050<\/li>\n<\/ul>\n\n<p>\ud83d\udcda Lisaks korrastati k\u00fclamaju, istutati metsa, meisterdati raamatujagamise kappe ja peeti lugemistalguid.<\/p>\n\n<p>\ud83d\udd25 M\u00f5nes talgupaigas panustati kogukonna kriisivalmidusse, m\u00f5nes loeti kokku suitsusaunasid, paljudes tehti erinevaid talgut\u00f6id, jagati r\u00f5\u00f5mu, suppi ja rabarberikooki.<\/p>\n\n<p>Nagu \u00fctles meie meeskonna liige Henrik Raave:<\/p>\n\n<p><strong>&#8220;Eestimaa sai t\u00e4navuse talgukevade tulemusena kindlasti paremaks paigaks, kodukant turvalisemaks ja inimesed r\u00f5\u00f5msamaks!&#8221;<\/strong><\/p>\n\n<p>\ud83e\udd0d <strong>Suur t\u00e4nu k\u00f5igile talgulistele, talgujuhtidele ja toetajatele! Teeme \u00e4ra \u2013 igal kevadel, igas Eestimaa nurgas!<\/strong><\/p>\n\n<p>Harjumaal toimus kokku 201 talgut (v.a Tallinn, kus toimus 108 talgut).<\/p>\n\n<p><strong>Talgud omavalitsuste kaupa:<\/strong><\/p>\n\n<ul class=\"clean-list\">\n<li>Anija vald \u2013 9<\/li>\n<li>Harku vald \u2013 13<\/li>\n<li>J\u00f5el\u00e4htme vald \u2013 25<\/li>\n<li>Keila \u2013 6<\/li>\n<li>Kiili vald \u2013 5<\/li>\n<li>Kose vald \u2013 12<\/li>\n<li>Kuusalu vald \u2013 12<\/li>\n<li>L\u00e4\u00e4ne-Harju vald \u2013 32<\/li>\n<li>Loksa \u2013 3<\/li>\n<li>Maardu \u2013 13<\/li>\n<li>Raasiku vald \u2013 9<\/li>\n<li>Rae vald \u2013 22<\/li>\n<li>Saku vald \u2013 11<\/li>\n<li>Saue vald \u2013 14<\/li>\n<li>Viimsi vald \u2013 15<\/li>\n<\/ul>\n\n<p>Suured t\u00e4nud Harjumaa talgujuhtide koordinaatoritele <strong>Reigo Krutto (Kodukant Harjumaa) ja Maris Ehrbachile (MT\u00dc Lodij\u00e4rv)<\/strong> Harjumaa talguavalduste l\u00e4bivaatamise ja avalikustamise eest!<\/p>\n\n<p><strong>Vunki Eestile.<br>\nVunki K\u00fcladele.<br>\nVunki meile k\u00f5igile.<\/strong><\/p>\t\t\t\t\t\t<\/div>\n\t\t\t\t<\/div>\n\t\t\t\t\t<\/div>\n\t\t\t\t<\/div>\n\t\t<div class=\"elementor-element elementor-element-d70e51d e-flex e-con-boxed e-con e-parent\" data-id=\"d70e51d\" data-element_type=\"container\">\n\t\t\t\t\t<div class=\"e-con-inner\">\n\t\t\t\t<div class=\"elementor-element elementor-element-7fd2806 elementor-widget elementor-widget-text-editor\" data-id=\"7fd2806\" data-element_type=\"widget\" data-widget_type=\"text-editor.default\">\n\t\t\t\t<div class=\"elementor-widget-container\">\n\t\t\t\t\t\t\t<h3><b>Teeme \u00c4ra talgup\u00e4ev 2024<\/b><\/h3>\t\t\t\t\t\t<\/div>\n\t\t\t\t<\/div>\n\t\t\t\t\t<\/div>\n\t\t\t\t<\/div>\n\t\t<div class=\"elementor-element elementor-element-13de3cd4 e-flex e-con-boxed e-con e-parent\" data-id=\"13de3cd4\" data-element_type=\"container\">\n\t\t\t\t\t<div class=\"e-con-inner\">\n\t\t\t\t<div class=\"elementor-element elementor-element-8537484 elementor-widget elementor-widget-image\" data-id=\"8537484\" data-element_type=\"widget\" data-widget_type=\"image.default\">\n\t\t\t\t<div class=\"elementor-widget-container\">\n\t\t\t\t\t\t\t\t\t\t\t\t\t<img decoding=\"async\" width=\"604\" height=\"340\" src=\"https:\/\/kodukantharjumaa.eu\/wp-content\/uploads\/2016\/06\/440024931_767337338870612_3746444082115803561_n-768x432.jpg\" class=\"attachment-medium_large size-medium_large wp-image-5104\" alt=\"\" srcset=\"https:\/\/kodukantharjumaa.eu\/wp-content\/uploads\/2016\/06\/440024931_767337338870612_3746444082115803561_n-768x432.jpg 768w, https:\/\/kodukantharjumaa.eu\/wp-content\/uploads\/2016\/06\/440024931_767337338870612_3746444082115803561_n-300x169.jpg 300w, https:\/\/kodukantharjumaa.eu\/wp-content\/uploads\/2016\/06\/440024931_767337338870612_3746444082115803561_n-1024x576.jpg 1024w, https:\/\/kodukantharjumaa.eu\/wp-content\/uploads\/2016\/06\/440024931_767337338870612_3746444082115803561_n.jpg 2048w\" sizes=\"(max-width: 604px) 100vw, 604px\" \/>\t\t\t\t\t\t\t\t\t\t\t\t\t<\/div>\n\t\t\t\t<\/div>\n\t\t\t\t<div class=\"elementor-element elementor-element-db8fc70 elementor-widget-divider--view-line elementor-widget elementor-widget-divider\" data-id=\"db8fc70\" data-element_type=\"widget\" data-widget_type=\"divider.default\">\n\t\t\t\t<div class=\"elementor-widget-container\">\n\t\t\t\t\t<div class=\"elementor-divider\">\n\t\t\t<span class=\"elementor-divider-separator\">\n\t\t\t\t\t\t<\/span>\n\t\t<\/div>\n\t\t\t\t<\/div>\n\t\t\t\t<\/div>\n\t\t\t\t<div class=\"elementor-element elementor-element-b3486e7 elementor-widget elementor-widget-text-editor\" data-id=\"b3486e7\" data-element_type=\"widget\" data-widget_type=\"text-editor.default\">\n\t\t\t\t<div class=\"elementor-widget-container\">\n\t\t\t\t\t\t\t<div>\n<div dir=\"auto\">Laup\u00e4eval, 4. mail.2024, peetud &#8220;Teeme \u00c4ra&#8221; talgup\u00e4eva raames toimus 1105 talgut, millel osales v\u00e4hemalt 31 000 talgulist. \u00dcle-eestiline talgup\u00e4ev \u00f5nnestus h\u00e4sti ja talgut\u00f6id tehti v\u00e4ga erinevaid, muuhulgas said 231 veekogu ohutumaks, rajati 188 elurikast \u00f5ppeaeda ning rikastati paljusid talguid kultuurielamustega.\u00a0 Talgup\u00e4eva jooksul staapi kogunenud talguleide v\u00f5ib lugeda ja Teeme \u00c4ra talgustuudio \u00fclekannet j\u00e4relvaadata aadressilt <a role=\"link\" href=\"https:\/\/l.facebook.com\/l.php?u=http%3A%2F%2Fwww.teemeara.ee%2Fotse%3Ffbclid%3DIwZXh0bgNhZW0CMTAAAR0i_U5PEGwrktZTwr_jfFE1UNyZgPdudBo5NUmAe8loQEbrqTMMC0AkSQo_aem_offAuLyj8YKA9KBiQErN2Q&amp;h=AT0oSVGQo12AnFf3hyCRis09uMBd5kgIpbIacw4t-khyDT7URGBqSZRpGCXBjAuHzuVn7DkC7Lznw3iOxGBDABJcXLNfaTsoPzL2ok8UhDyIOjRbzZyysW8fBbZsGQHt4IEn&amp;__tn__=-UK-R&amp;c[0]=AT3OZEog9tqsfL3yNhETHUY-9AackYkB10FgrqroJ5a2kloPeYRAWRrcaSCIaxSe9rpgl2BwOll7-6X9eMgCM7UlDcX3KTLKa9rzJ3e_O_IvZIYofUiIY0F3VlUe4zWgq21Pv7Vf5ZkJ5-_09ten-6N9AD5d0MQV4bmjB86soWfGghCswZaoa0yOB_JUKebM0Bg4tUAQiNaqN6sjoFr9gGqQ4Lo\" target=\"_blank\" rel=\"nofollow noopener noreferrer\" data-saferedirecturl=\"https:\/\/www.google.com\/url?q=https:\/\/l.facebook.com\/l.php?u%3Dhttp%253A%252F%252Fwww.teemeara.ee%252Fotse%253Ffbclid%253DIwZXh0bgNhZW0CMTAAAR0i_U5PEGwrktZTwr_jfFE1UNyZgPdudBo5NUmAe8loQEbrqTMMC0AkSQo_aem_offAuLyj8YKA9KBiQErN2Q%26h%3DAT0oSVGQo12AnFf3hyCRis09uMBd5kgIpbIacw4t-khyDT7URGBqSZRpGCXBjAuHzuVn7DkC7Lznw3iOxGBDABJcXLNfaTsoPzL2ok8UhDyIOjRbzZyysW8fBbZsGQHt4IEn%26__tn__%3D-UK-R%26c%5B0%5D%3DAT3OZEog9tqsfL3yNhETHUY-9AackYkB10FgrqroJ5a2kloPeYRAWRrcaSCIaxSe9rpgl2BwOll7-6X9eMgCM7UlDcX3KTLKa9rzJ3e_O_IvZIYofUiIY0F3VlUe4zWgq21Pv7Vf5ZkJ5-_09ten-6N9AD5d0MQV4bmjB86soWfGghCswZaoa0yOB_JUKebM0Bg4tUAQiNaqN6sjoFr9gGqQ4Lo&amp;source=gmail&amp;ust=1729705977161000&amp;usg=AOvVaw0_CROmiFkCNg5UWTbHm9sN\">www.teemeara.ee\/otse<\/a>.<\/div>\n<div dir=\"auto\">\u00a0<\/div>\n<\/div>\n<div>\n<div dir=\"auto\">\n<div>\n<div dir=\"auto\">Harjumaal toimus kokku 187 (v.a Tallinn, kus toimus 97 talgut).<span style=\"color: var( --e-global-color-text ); font-family: var( --e-global-typography-text-font-family ), Sans-serif; font-weight: var( --e-global-typography-text-font-weight ); text-align: var(--text-align);\">Talgud omavalitsuste kaupa:<\/span><\/div>\n<div dir=\"auto\"><span style=\"color: var( --e-global-color-text ); font-family: var( --e-global-typography-text-font-family ), Sans-serif; font-weight: var( --e-global-typography-text-font-weight ); text-align: var(--text-align);\">\u00a0<\/span><\/div>\n<div dir=\"auto\">Anija vald 7,<\/div>\n<div dir=\"auto\">Harku vald 16,<\/div>\n<div dir=\"auto\">J\u00f5el\u00e4htme vald 15,<\/div>\n<div dir=\"auto\">Keila linn 4,<\/div>\n<div dir=\"auto\">Kiili vald 9,<\/div>\n<div dir=\"auto\">Kose vald 22,<\/div>\n<div dir=\"auto\">Kuusalu vald 12,<\/div>\n<div dir=\"auto\">L\u00e4\u00e4ne-Harju vald 31,<\/div>\n<div dir=\"auto\">Loksa linn 1,<\/div>\n<div dir=\"auto\">Maardu linn 4,<\/div>\n<div dir=\"auto\">Raasiku vald 14,<\/div>\n<div dir=\"auto\">Rae vald 11,<\/div>\n<div dir=\"auto\">Saku vald 11,<\/div>\n<div dir=\"auto\">Saue vald 14,<\/div>\n<div dir=\"auto\">Viimsi vald 16.<\/div>\n<div dir=\"auto\">\u00a0<\/div>\n<\/div>\n<div>\n<div dir=\"auto\">T\u00e4name tublisid talgujuhte talguid korraldamast ja talgulisi, et p\u00e4ikselisel laup\u00e4eval v\u00f5tsite aja talgutel osalemiseks!<\/div>\n<div dir=\"auto\">\u00a0<\/div>\n<div>Alates 2024a. on Harjumaa talgujuhtide uueks kordinaatoriks Reigo Krutto, kes on\u00a0<span style=\"color: var( --e-global-color-text ); font-family: var( --e-global-typography-text-font-family ), Sans-serif; font-weight: var( --e-global-typography-text-font-weight ); text-align: var(--text-align);\">eelneval 8. aastal olnud ka ise talgujuht Kloogal.\u00a0<\/span><span style=\"color: var( --e-global-color-text ); font-family: var( --e-global-typography-text-font-family ), Sans-serif; font-weight: var( --e-global-typography-text-font-weight ); text-align: var(--text-align);\">Soovime Reigole tuult tiibadesse!<\/span><\/div>\n<div>\u00a0<\/div>\n<div>\u00a0<\/div>\n<div dir=\"auto\">Kohtume j\u00e4rgmisel aastal\u00a0<img loading=\"lazy\" decoding=\"async\" src=\"https:\/\/ci3.googleusercontent.com\/meips\/ADKq_NYJdLsbZh_T2_5LJoscLHTCNWOEe4sUlfAVIModTPymS4tWjqWt7MEollTbF2Bh60aCi6tGFSlrprNghUXZwEIVfjmC6sF9NQOlQjNioGtn512XSOcisWM=s0-d-e1-ft#https:\/\/static.xx.fbcdn.net\/images\/emoji.php\/v9\/t57\/1\/16\/1f609.png\" alt=\"\ud83d\ude09\" width=\"16\" height=\"16\" data-bit=\"iit\" \/><\/div>\n<div dir=\"auto\"><a role=\"link\" href=\"https:\/\/www.facebook.com\/hashtag\/teeme%C3%A4ra2024?__eep__=6&amp;__cft__[0]=AZXHAyJj-6GKFAkn68-sVQTkkQrx1VgHWbaK2V9TDvT0OYpZIA0BqifTaWBTuitRvhdalBbFy-M-ruQCyWy0FnQi8qD-7nYsDf6x5K51vK1gBM_5pFZiNF_6n1G_DydFQasfohTeTIAo_eNxGjdR_wZ96mz641p2P09_DwsKo-oyJ1ACtTe52NwbICZ3eYsPP_M&amp;__tn__=*NK-R\" target=\"_blank\" rel=\"noopener\" data-saferedirecturl=\"https:\/\/www.google.com\/url?q=https:\/\/www.facebook.com\/hashtag\/teeme%25C3%25A4ra2024?__eep__%3D6%26__cft__%5B0%5D%3DAZXHAyJj-6GKFAkn68-sVQTkkQrx1VgHWbaK2V9TDvT0OYpZIA0BqifTaWBTuitRvhdalBbFy-M-ruQCyWy0FnQi8qD-7nYsDf6x5K51vK1gBM_5pFZiNF_6n1G_DydFQasfohTeTIAo_eNxGjdR_wZ96mz641p2P09_DwsKo-oyJ1ACtTe52NwbICZ3eYsPP_M%26__tn__%3D*NK-R&amp;source=gmail&amp;ust=1729705977161000&amp;usg=AOvVaw1CpFiStu92ktLNJVD8O9Ne\">#teeme\u00e4ra2024<\/a><\/div>\n<\/div>\n<\/div>\n<\/div>\n<p><!-- wp:paragraph --><\/p>\n<p><!-- \/wp:paragraph --><\/p>\t\t\t\t\t\t<\/div>\n\t\t\t\t<\/div>\n\t\t\t\t\t<\/div>\n\t\t\t\t<\/div>\n\t\t<div class=\"elementor-element elementor-element-708305f e-flex e-con-boxed e-con e-parent\" data-id=\"708305f\" data-element_type=\"container\">\n\t\t\t\t\t<div class=\"e-con-inner\">\n\t\t\t\t<div class=\"elementor-element elementor-element-5e61835 elementor-widget-divider--view-line elementor-widget elementor-widget-divider\" data-id=\"5e61835\" data-element_type=\"widget\" data-widget_type=\"divider.default\">\n\t\t\t\t<div class=\"elementor-widget-container\">\n\t\t\t\t\t<div class=\"elementor-divider\">\n\t\t\t<span class=\"elementor-divider-separator\">\n\t\t\t\t\t\t<\/span>\n\t\t<\/div>\n\t\t\t\t<\/div>\n\t\t\t\t<\/div>\n\t\t\t\t\t<\/div>\n\t\t\t\t<\/div>\n\t\t<div class=\"elementor-element elementor-element-85cd110 e-con-full e-flex e-con e-parent\" data-id=\"85cd110\" data-element_type=\"container\">\n\t\t\t\t<div class=\"elementor-element elementor-element-35d9c7c elementor-widget elementor-widget-text-editor\" data-id=\"35d9c7c\" data-element_type=\"widget\" data-widget_type=\"text-editor.default\">\n\t\t\t\t<div class=\"elementor-widget-container\">\n\t\t\t\t\t\t\t<h3><b>Teeme \u00c4ra talgup\u00e4evad 2021 ja 2020. aastal<\/b><\/h3>\t\t\t\t\t\t<\/div>\n\t\t\t\t<\/div>\n\t\t\t\t<\/div>\n\t\t<div class=\"elementor-element elementor-element-7633b42 e-flex e-con-boxed e-con e-parent\" data-id=\"7633b42\" data-element_type=\"container\">\n\t\t\t\t\t<div class=\"e-con-inner\">\n\t\t\t\t<div class=\"elementor-element elementor-element-16b4336 elementor-widget elementor-widget-text-editor\" data-id=\"16b4336\" data-element_type=\"widget\" data-widget_type=\"text-editor.default\">\n\t\t\t\t<div class=\"elementor-widget-container\">\n\t\t\t\t\t\t\t<p><b>2021. aasta<\/b> talgukevad oli samuti eriline &#8211; talgup\u00e4eva meeskond\u00a0 \u00e4rgitas talguid korraldama pandeemia-ajale kohaselt <b>2+2 stiilis.<\/b> Seet\u00f5ttu suuri ja rahvarohkeid talguid selle aasta kevadel ei toimunud.<\/p>\n<p><b>2020. aastal <\/b>talgup\u00e4ev oli esimene eriline &#8211; koroonapandeemiast tingituna talguid ei toimunud, k\u00fcll aga jagus tegevust nobedatele n\u00e4ppudele.<\/p>\n<p>Toimus maski\u00f5mblemine egiidi all &#8220;Teeme Eesti viirusest puhtaks!&#8221; Teeme \u00c4ra maskitalgute l\u00f5pliku kokkuv\u00f5tte kohaselt \u00f5mmeldi k\u00f5ige rohkem maske Harjumaal, kus 148 paigas toimunud maskiteol valmistati kokku 2629 maski.<\/p>\n<p><span style=\"color: #800000;\">V\u00e4ike tagasivaade:<\/span><br \/><b>2018. aastal<\/b> korraldati Harjumaal\u00a0 303 talgut, ca 7400 talgulisega.<br \/><b>2017.aastal<\/b>\u00a0korraldati 316 talgut, ca 8229 talgulisega.<br \/><b>2016.aastal<\/b>\u00a0 korraldati 306 talgut, ca 7500 talgulisega.\u00a0<\/p>\n<p>Kodukant Harjumaa on\u00a0j\u00e4tkuvalt talgukevade eestvedaja maakonnas.<\/p>\t\t\t\t\t\t<\/div>\n\t\t\t\t<\/div>\n\t\t\t\t\t<\/div>\n\t\t\t\t<\/div>\n\t\t<div class=\"elementor-element elementor-element-63e06e7 e-flex e-con-boxed e-con e-parent\" data-id=\"63e06e7\" data-element_type=\"container\">\n\t\t\t\t\t<div class=\"e-con-inner\">\n\t\t<div class=\"elementor-element elementor-element-d46b13b e-con-full e-flex e-con e-child\" data-id=\"d46b13b\" data-element_type=\"container\">\n\t\t\t\t<div class=\"elementor-element elementor-element-40b7669 elementor-widget elementor-widget-text-editor\" data-id=\"40b7669\" data-element_type=\"widget\" data-widget_type=\"text-editor.default\">\n\t\t\t\t<div class=\"elementor-widget-container\">\n\t\t\t\t\t\t\t<p><img loading=\"lazy\" decoding=\"async\" src=\"https:\/\/kodukantharjumaa.eu\/wp-content\/uploads\/2016\/06\/20180321_140924-300x211.jpg\" alt=\"20180321_140924\" width=\"300\" height=\"211\" \/><\/p>\t\t\t\t\t\t<\/div>\n\t\t\t\t<\/div>\n\t\t\t\t<\/div>\n\t\t<div class=\"elementor-element elementor-element-86d4d22 e-con-full e-flex e-con e-child\" data-id=\"86d4d22\" data-element_type=\"container\">\n\t\t\t\t<div class=\"elementor-element elementor-element-b6c7cff elementor-widget elementor-widget-text-editor\" data-id=\"b6c7cff\" data-element_type=\"widget\" data-widget_type=\"text-editor.default\">\n\t\t\t\t<div class=\"elementor-widget-container\">\n\t\t\t\t\t\t\t<p><em>Harjumaa talgukoordinaator<\/em><br \/><strong>Anneli Kana<\/strong>, tel 5306 5503, annelikana@gmail.com<\/p>\n<p><em>Koordinaatori abik\u00e4si<\/em><br \/><strong>Anneli Kubbi<\/strong>, tel 5554 2526, annelikubbi@gmail.com<\/p>\t\t\t\t\t\t<\/div>\n\t\t\t\t<\/div>\n\t\t\t\t<\/div>\n\t\t\t\t\t<\/div>\n\t\t\t\t<\/div>\n\t\t<div class=\"elementor-element elementor-element-7781b6e e-flex e-con-boxed e-con e-parent\" data-id=\"7781b6e\" data-element_type=\"container\">\n\t\t\t\t\t<div class=\"e-con-inner\">\n\t\t\t\t<div class=\"elementor-element elementor-element-a6b3036 elementor-widget elementor-widget-text-editor\" data-id=\"a6b3036\" data-element_type=\"widget\" data-widget_type=\"text-editor.default\">\n\t\t\t\t<div class=\"elementor-widget-container\">\n\t\t\t\t\t\t\t<p><a href=\"http:\/\/www.harjuelu.ee\/talgupaeval-valmistutakse-tantsu-ja-laulupeoks\/\">Talgukajastus ajalehes Harju Elu 24.04.2019<\/a><br \/><a href=\"http:\/\/www.harjuelu.ee\/talgupaev-laheb-vastab-anneli-kubbi-aalgute-harjumaa-koordinaatori-abiline\/\">Talgukajastus ajalehes Harju Elu 01.05.2019<br \/><\/a><a href=\"http:\/\/www.harjuelu.ee\/2017\/05\/9756\/talgud-harjus-laululavad-korda-ning-abikasi-saartele\/\">Talgukajastus ajalehes Harju Elu 04.05.2017<\/a><\/p>\t\t\t\t\t\t<\/div>\n\t\t\t\t<\/div>\n\t\t\t\t\t<\/div>\n\t\t\t\t<\/div>\n\t\t<div class=\"elementor-element elementor-element-946d756 e-flex e-con-boxed e-con e-parent\" data-id=\"946d756\" data-element_type=\"container\">\n\t\t\t\t\t<div class=\"e-con-inner\">\n\t\t\t\t<div class=\"elementor-element elementor-element-26e51f1 elementor-widget elementor-widget-text-editor\" data-id=\"26e51f1\" data-element_type=\"widget\" data-widget_type=\"text-editor.default\">\n\t\t\t\t<div class=\"elementor-widget-container\">\n\t\t\t\t\t\t\t<p><img loading=\"lazy\" decoding=\"async\" class=\"alignnone\" src=\"https:\/\/kodukantharjumaa.eu\/wp-content\/uploads\/2016\/06\/Harju-Elu-169x300.jpg\" alt=\"Talgukajastus ajalehes Harju Elu 29. m\u00e4rts 2018\" width=\"169\" height=\"300\" \/><\/p>\n<p><a href=\"https:\/\/dea.digar.ee\/cgi-bin\/dea?a=d&amp;d=harjuelu20180329.2.12.1&amp;e=-------et-25--1--txt-txIN%7ctxTI%7ctxAU%7ctxTA-------------\">Talgukajastus ajalehes Harju Elu, 29.03.2018<\/a><\/p>\t\t\t\t\t\t<\/div>\n\t\t\t\t<\/div>\n\t\t\t\t\t<\/div>\n\t\t\t\t<\/div>\n\t\t\t\t<\/div>\n\t\t","protected":false},"excerpt":{"rendered":"<p>Mis on Teeme \u00c4ra talgup\u00e4ev? \u00dcle-eestiline Teeme \u00c4ra talgup\u00e4ev sai t\u00f5uke 2008. aasta suurest pr\u00fcgikoristusest ning sellele j\u00e4rgnenud 2009. aasta m\u00f5ttetalgutest. Alates 2010. aastast on maikuu esimesel laup\u00e4eval peetud Teeme \u00c4ra talgup\u00e4eva, kus talgute korraldamine on iga aktiivse kodaniku, kogukonna ja \u00fchenduse v\u00f5imalus midagi oma elukeskkonna heaks ise \u00e4ra teha. \u00a0 Talgup\u00e4eva eesm\u00e4rk on panustada &hellip; <a href=\"https:\/\/kodukantharjumaa.eu\/?page_id=257\" class=\"more-link\">Continue reading <span class=\"screen-reader-text\">Teeme \u00e4ra!<\/span> <span class=\"meta-nav\">&rarr;<\/span><\/a><\/p>\n","protected":false},"author":7,"featured_media":0,"parent":0,"menu_order":0,"comment_status":"closed","ping_status":"closed","template":"","meta":{"footnotes":""},"class_list":["post-257","page","type-page","status-publish","hentry"],"_links":{"self":[{"href":"https:\/\/kodukantharjumaa.eu\/index.php?rest_route=\/wp\/v2\/pages\/257"}],"collection":[{"href":"https:\/\/kodukantharjumaa.eu\/index.php?rest_route=\/wp\/v2\/pages"}],"about":[{"href":"https:\/\/kodukantharjumaa.eu\/index.php?rest_route=\/wp\/v2\/types\/page"}],"author":[{"embeddable":true,"href":"https:\/\/kodukantharjumaa.eu\/index.php?rest_route=\/wp\/v2\/users\/7"}],"replies":[{"embeddable":true,"href":"https:\/\/kodukantharjumaa.eu\/index.php?rest_route=%2Fwp%2Fv2%2Fcomments&post=257"}],"version-history":[{"count":5,"href":"https:\/\/kodukantharjumaa.eu\/index.php?rest_route=\/wp\/v2\/pages\/257\/revisions"}],"predecessor-version":[{"id":6336,"href":"https:\/\/kodukantharjumaa.eu\/index.php?rest_route=\/wp\/v2\/pages\/257\/revisions\/6336"}],"wp:attachment":[{"href":"https:\/\/kodukantharjumaa.eu\/index.php?rest_route=%2Fwp%2Fv2%2Fmedia&parent=257"}],"curies":[{"name":"wp","href":"https:\/\/api.w.org\/{rel}","templated":true}]}}