{"id":3698,"date":"2020-06-20T12:43:13","date_gmt":"2020-06-20T12:43:13","guid":{"rendered":"https:\/\/kodukantharjumaa.eu\/?page_id=3698"},"modified":"2020-06-22T14:53:58","modified_gmt":"2020-06-22T14:53:58","slug":"koolitus-meie-kula-film","status":"publish","type":"page","link":"https:\/\/kodukantharjumaa.eu\/?page_id=3698","title":{"rendered":"Koolitusprojekt &#8211; Harjumaa k\u00fclad liikuvas pildis"},"content":{"rendered":"<p><img fetchpriority=\"high\" decoding=\"async\" class=\"size-medium wp-image-3702 alignleft\" src=\"https:\/\/kodukantharjumaa.eu\/wp-content\/uploads\/2020\/06\/video-journalism-300x175.jpg\" alt=\"video-journalism\" width=\"300\" height=\"175\" srcset=\"https:\/\/kodukantharjumaa.eu\/wp-content\/uploads\/2020\/06\/video-journalism-300x175.jpg 300w, https:\/\/kodukantharjumaa.eu\/wp-content\/uploads\/2020\/06\/video-journalism-768x449.jpg 768w, https:\/\/kodukantharjumaa.eu\/wp-content\/uploads\/2020\/06\/video-journalism.jpg 1000w\" sizes=\"(max-width: 300px) 100vw, 300px\" \/><\/p>\n<p><strong><span style=\"color: #339966;\">TEEME OMA K\u00dcLA(ST) FILMI!<\/span><\/strong><\/p>\n<p>Harjumaa k\u00fclade esindajatele toimub suvel 2020 kolmeosaline koolitus &#8220;Harjumaa k\u00fclad liikuvas pildis&#8221;. \u00d5pime lihtsate v\u00f5tete ja k\u00e4ep\u00e4raste vahenditega tegema videosalvestusi ning vabavaraliste programmidega videot\u00f6\u00f6tlusi. N\u00e4idete p\u00f5hjal v\u00f5ib \u00f6elda, et sellega saavad hakkama\u00a0 k\u00f5ik, kes v\u00e4hegi on kasv\u00f5i telefoniga videoklippe filminud.<\/p>\n<p>Esimene\u00a0praktiline koolitus, kus teemaks filmimise v\u00f5tted ja n\u00e4pun\u00e4ited, toimub <strong>2. juulil kell 18.30-21.00 Rae kultuurikeskuses<\/strong> (J\u00fcri alevik, Aruk\u00fcla tee 9).<br \/>\nKoolitaja Raido Paurson \/Mavex Production<br \/>\nKoolitus toimub projekti &#8220;Harjumaa k\u00fclad liikuvas pildis&#8221; raames, rahastab Kohaliku Omaalgatuse Programm.<\/p>\n<p>Koolitusel osalemiseks registreeru hiljemalt 1. juuli keskp\u00e4evaks <span style=\"color: #3366ff;\"><strong><a style=\"color: #3366ff;\" href=\"https:\/\/forms.gle\/ZakoaRBFi5kiizaP8\">SIIN<\/a><\/strong><\/span><\/p>\n<p><span style=\"color: #99cc00;\"><em>NB! Koolitusele eelneb <strong>kell 18-18.30 MT\u00dc Kodukant Harjumaa \u00fcldkoosolek<\/strong>, p\u00e4evakorras 2019. a. majandusaasta aruande kinnitamine ja juhatuse liikme(te) valimine. Osalemiseks registreeruda eelneval koolituslingil!\u00a0<\/em><\/span><\/p>\n","protected":false},"excerpt":{"rendered":"<p>TEEME OMA K\u00dcLA(ST) FILMI! Harjumaa k\u00fclade esindajatele toimub suvel 2020 kolmeosaline koolitus &#8220;Harjumaa k\u00fclad liikuvas pildis&#8221;. \u00d5pime lihtsate v\u00f5tete ja k\u00e4ep\u00e4raste vahenditega tegema videosalvestusi ning vabavaraliste programmidega videot\u00f6\u00f6tlusi. N\u00e4idete p\u00f5hjal v\u00f5ib \u00f6elda, et sellega saavad hakkama\u00a0 k\u00f5ik, kes v\u00e4hegi on kasv\u00f5i telefoniga videoklippe filminud. Esimene\u00a0praktiline koolitus, kus teemaks filmimise v\u00f5tted ja n\u00e4pun\u00e4ited, toimub 2. juulil &hellip; <a href=\"https:\/\/kodukantharjumaa.eu\/?page_id=3698\" class=\"more-link\">Continue reading <span class=\"screen-reader-text\">Koolitusprojekt &#8211; Harjumaa k\u00fclad liikuvas pildis<\/span> <span class=\"meta-nav\">&rarr;<\/span><\/a><\/p>\n","protected":false},"author":7,"featured_media":0,"parent":0,"menu_order":0,"comment_status":"closed","ping_status":"closed","template":"","meta":{"footnotes":""},"class_list":["post-3698","page","type-page","status-publish","hentry"],"_links":{"self":[{"href":"https:\/\/kodukantharjumaa.eu\/index.php?rest_route=\/wp\/v2\/pages\/3698"}],"collection":[{"href":"https:\/\/kodukantharjumaa.eu\/index.php?rest_route=\/wp\/v2\/pages"}],"about":[{"href":"https:\/\/kodukantharjumaa.eu\/index.php?rest_route=\/wp\/v2\/types\/page"}],"author":[{"embeddable":true,"href":"https:\/\/kodukantharjumaa.eu\/index.php?rest_route=\/wp\/v2\/users\/7"}],"replies":[{"embeddable":true,"href":"https:\/\/kodukantharjumaa.eu\/index.php?rest_route=%2Fwp%2Fv2%2Fcomments&post=3698"}],"version-history":[{"count":5,"href":"https:\/\/kodukantharjumaa.eu\/index.php?rest_route=\/wp\/v2\/pages\/3698\/revisions"}],"predecessor-version":[{"id":3711,"href":"https:\/\/kodukantharjumaa.eu\/index.php?rest_route=\/wp\/v2\/pages\/3698\/revisions\/3711"}],"wp:attachment":[{"href":"https:\/\/kodukantharjumaa.eu\/index.php?rest_route=%2Fwp%2Fv2%2Fmedia&parent=3698"}],"curies":[{"name":"wp","href":"https:\/\/api.w.org\/{rel}","templated":true}]}}