{"id":452,"date":"2017-06-05T19:03:18","date_gmt":"2017-06-05T19:03:18","guid":{"rendered":"https:\/\/kodukantharjumaa.eu\/?page_id=452"},"modified":"2017-09-16T08:30:07","modified_gmt":"2017-09-16T08:30:07","slug":"tmaapaev-2017","status":"publish","type":"page","link":"https:\/\/kodukantharjumaa.eu\/?page_id=452","title":{"rendered":"Maap\u00e4ev 2017"},"content":{"rendered":"<p><img decoding=\"async\" class=\"alignnone size-medium wp-image-456\" src=\"https:\/\/kodukantharjumaa.eu\/wp-content\/uploads\/2017\/06\/maap\u00e4ev-2017-300x121.jpg\" alt=\"maap\u00e4ev 2017\" width=\"300\" height=\"121\" srcset=\"https:\/\/kodukantharjumaa.eu\/wp-content\/uploads\/2017\/06\/maap\u00e4ev-2017-300x121.jpg 300w, https:\/\/kodukantharjumaa.eu\/wp-content\/uploads\/2017\/06\/maap\u00e4ev-2017-768x310.jpg 768w, https:\/\/kodukantharjumaa.eu\/wp-content\/uploads\/2017\/06\/maap\u00e4ev-2017-1024x413.jpg 1024w, https:\/\/kodukantharjumaa.eu\/wp-content\/uploads\/2017\/06\/maap\u00e4ev-2017.jpg 1600w\" sizes=\"(max-width: 300px) 100vw, 300px\" \/><\/p>\n<p><span style=\"color: #800080;\"><strong>Eesti k\u00fclade 12. Maap\u00e4ev on t\u00e4naseks ajalugu. \u00a0<\/strong><span style=\"color: #000000;\">4.-6. augustil 2017 Viljandimaal, Vana-V\u00f5idus\u00a0toimunud<\/span><\/span><span style=\"color: #000000;\">\u00a0k\u00fclaliikumise suurs\u00fcndmusel osales 15-liikmeline Harjumaa delegatsioon.\u00a0<\/span>\u00a0Esimese p\u00e4eva hommikupooliku veetsime\u00a0Valma k\u00fcla tegemistega tutvudes (<a href=\"https:\/\/kodukantharjumaa.eu\/wp-content\/uploads\/2017\/06\/Valma-k\u00fcla-programm.pdf\" rel=\"\">VAATA PROGRAMMI<\/a>) \u00a0Valma on \u00a0V\u00f5rtsj\u00e4rve \u00e4\u00e4res olev paik, kus ehitatakse kalepurjekaid, arendatakse turismi, k\u00fclavanemaks on endine p\u00f5llumajandusminister ja Maa\u00fclikooli professor Jaan Leetsaar. <a href=\"https:\/\/www.youtube.com\/watch?v=-uOIkI14848\">VAATA VIDEOT!<\/a>\u00a0Maap\u00e4eva avarongk\u00e4ik toimus\u00a0\u00a0Viljandi kesklinnas ning endise P\u00f5llumeeste seltsi hoovil pidas s\u00fcmboolse k\u00f5ne C.R Jakobsoni rollis endine linnapea ja praegune Viljandi kutsehariduskeskuse direktor Tarmo Loodus. Maap\u00e4ev j\u00e4tkus oma p\u00f5hilises toimumiskohas Vana-V\u00f5idus. \u00a0Kolme p\u00e4eva jooksul osaleti aasta k\u00fcla v\u00e4ljakuulutamise tseremoonial, iga maakond pakkus \u00f5htus\u00f6\u00f6gil nimega &#8220;maakondade maitsed&#8221; oma parimat kohalikku toodangut, v\u00f5eti osa mitmetest t\u00f6\u00f6tubades, mille tulemustest s\u00fcndis <a href=\"https:\/\/kodukant.ee\/wp-content\/uploads\/2017\/08\/Eesti-K%C3%BClade-XII-Maap%C3%A4eva-manifest.pdf\"><strong>k\u00fclaliikumise manifest<\/strong><\/a>, m\u00f5eldi raamidest v\u00e4lja Urmas Vaino juhtimisel ja teravate k\u00fcsimustega foorumil &#8220;Eesti eesistumise m\u00f5ju Euroopa maaelupoliitikale&#8221;, mida vedas eest M\u00e4rt Treier. \u00a0Peeti v\u00e4\u00e4rikas avatseremoonia programmile &#8220;EV100 igas k\u00fclas&#8221;, mille k\u00e4igus istutas iga maakond oma p\u00e4rna Vana-V\u00f5idu p\u00e4ikseses\u00f5\u00f5ri ning esitles videona \u00fchte maakonna k\u00fclade poolt tehtavat kingitust Eestile. Harjumaa tutvustas Kiisa aleviku kingitust\u00a0<a href=\"https:\/\/www.youtube.com\/watch?v=tiSs2YUyWCY&amp;feature=youtu.be\">&#8220;Saku valla alevike ja k\u00fclade 100 maakivi park &#8220;.<\/a><\/p>\n<p>Maap\u00e4eva esimesel p\u00e4eval osales Riigikogu esimees, teisel p\u00e4eval EV President ja kolmandal EV peaminister ja maaeluminister.\u00a0Viimastele anti \u00fcle ka k\u00fclaliikumise manifest. Maaeluminister lausus manifesti teksti vastu v\u00f5ttes, et selle t\u00e4itmine \u00f5nnestub kahe aasta jooksul 99,9%liselt. peaminister lausus seepeale: &#8220;Mina nii optimistlik ei ole!&#8221; Vaatame siis kuidas l\u00e4heb ja anname hinnagu j\u00e4rgmisel Maap\u00e4eval 2019. a. P\u00f5lvamaal.<\/p>\n<p><img fetchpriority=\"high\" decoding=\"async\" class=\"alignnone size-medium wp-image-470\" src=\"https:\/\/kodukantharjumaa.eu\/wp-content\/uploads\/2017\/06\/harjumaa-paraadil-2-300x200.jpg\" alt=\"harjumaa paraadil 2\" width=\"300\" height=\"200\" srcset=\"https:\/\/kodukantharjumaa.eu\/wp-content\/uploads\/2017\/06\/harjumaa-paraadil-2-300x200.jpg 300w, https:\/\/kodukantharjumaa.eu\/wp-content\/uploads\/2017\/06\/harjumaa-paraadil-2-768x512.jpg 768w, https:\/\/kodukantharjumaa.eu\/wp-content\/uploads\/2017\/06\/harjumaa-paraadil-2-1024x683.jpg 1024w, https:\/\/kodukantharjumaa.eu\/wp-content\/uploads\/2017\/06\/harjumaa-paraadil-2.jpg 2048w\" sizes=\"(max-width: 300px) 100vw, 300px\" \/><img decoding=\"async\" class=\"alignnone size-medium wp-image-471\" src=\"https:\/\/kodukantharjumaa.eu\/wp-content\/uploads\/2017\/06\/Harjumaa-paraadil-300x200.jpg\" alt=\"Harjumaa paraadil\" width=\"300\" height=\"200\" srcset=\"https:\/\/kodukantharjumaa.eu\/wp-content\/uploads\/2017\/06\/Harjumaa-paraadil-300x200.jpg 300w, https:\/\/kodukantharjumaa.eu\/wp-content\/uploads\/2017\/06\/Harjumaa-paraadil-768x512.jpg 768w, https:\/\/kodukantharjumaa.eu\/wp-content\/uploads\/2017\/06\/Harjumaa-paraadil-1024x683.jpg 1024w, https:\/\/kodukantharjumaa.eu\/wp-content\/uploads\/2017\/06\/Harjumaa-paraadil.jpg 2048w\" sizes=\"(max-width: 300px) 100vw, 300px\" \/><\/p>\n<p><em>\u00a0 \u00a0 \u00a0 \u00a0 \u00a0 \u00a0 \u00a0 \u00a0 \u00a0 \u00a0 \u00a0 \u00a0 \u00a0 \u00a0 \u00a0 \u00a0 \u00a0 \u00a0 \u00a0 \u00a0 \u00a0 \u00a0Harjakad rongk\u00e4igus, \u00a0Harjumaa lippu hoiti k\u00f5rgel! \u00a0 \u00a0 \u00a0 \u00a0 \u00a0 \u00a0 \u00a0 \u00a0 \u00a0 \u00a0 \u00a0 \u00a0 \u00a0 \u00a0 \u00a0 \u00a0 \u00a0 \u00a0 \u00a0 \u00a0 \u00a0 \u00a0 \u00a0 \u00a0 \u00a0 \u00a0 \u00a0 \u00a0 \u00a0 \u00a0<\/em><em>\u00a0 \u00a0 \u00a0<\/em>\u00a0<img loading=\"lazy\" decoding=\"async\" class=\"alignnone size-medium wp-image-472\" src=\"https:\/\/kodukantharjumaa.eu\/wp-content\/uploads\/2017\/06\/Harjumaa-toidulaud-300x200.jpg\" alt=\"Harjumaa toidulaud\" width=\"300\" height=\"200\" srcset=\"https:\/\/kodukantharjumaa.eu\/wp-content\/uploads\/2017\/06\/Harjumaa-toidulaud-300x200.jpg 300w, https:\/\/kodukantharjumaa.eu\/wp-content\/uploads\/2017\/06\/Harjumaa-toidulaud-768x512.jpg 768w, https:\/\/kodukantharjumaa.eu\/wp-content\/uploads\/2017\/06\/Harjumaa-toidulaud-1024x683.jpg 1024w, https:\/\/kodukantharjumaa.eu\/wp-content\/uploads\/2017\/06\/Harjumaa-toidulaud.jpg 2048w\" sizes=\"(max-width: 300px) 100vw, 300px\" \/><\/p>\n<p><em>Har<\/em><em>jumaa toidulaual leidus v\u00e4iketootjate h\u00e4id maitseid, veinist lihani, juustust kurkideni<\/em><\/p>\n<p><img loading=\"lazy\" decoding=\"async\" class=\"alignnone size-medium wp-image-475\" src=\"https:\/\/kodukantharjumaa.eu\/wp-content\/uploads\/2017\/06\/t\u00f6\u00f6tuba2-300x179.jpg\" alt=\"t\u00f6\u00f6tuba2\" width=\"300\" height=\"179\" srcset=\"https:\/\/kodukantharjumaa.eu\/wp-content\/uploads\/2017\/06\/t\u00f6\u00f6tuba2-300x179.jpg 300w, https:\/\/kodukantharjumaa.eu\/wp-content\/uploads\/2017\/06\/t\u00f6\u00f6tuba2-768x459.jpg 768w, https:\/\/kodukantharjumaa.eu\/wp-content\/uploads\/2017\/06\/t\u00f6\u00f6tuba2-1024x612.jpg 1024w, https:\/\/kodukantharjumaa.eu\/wp-content\/uploads\/2017\/06\/t\u00f6\u00f6tuba2.jpg 2048w\" sizes=\"(max-width: 300px) 100vw, 300px\" \/><img loading=\"lazy\" decoding=\"async\" class=\"alignnone wp-image-477\" src=\"https:\/\/kodukantharjumaa.eu\/wp-content\/uploads\/2017\/06\/t\u00f6\u00f6tuba4-300x200.jpg\" alt=\"t\u00f6\u00f6tuba4\" width=\"266\" height=\"177\" srcset=\"https:\/\/kodukantharjumaa.eu\/wp-content\/uploads\/2017\/06\/t\u00f6\u00f6tuba4-300x200.jpg 300w, https:\/\/kodukantharjumaa.eu\/wp-content\/uploads\/2017\/06\/t\u00f6\u00f6tuba4-768x512.jpg 768w, https:\/\/kodukantharjumaa.eu\/wp-content\/uploads\/2017\/06\/t\u00f6\u00f6tuba4-1024x683.jpg 1024w, https:\/\/kodukantharjumaa.eu\/wp-content\/uploads\/2017\/06\/t\u00f6\u00f6tuba4.jpg 2048w\" sizes=\"(max-width: 266px) 100vw, 266px\" \/><\/p>\n<p><em>T\u00f6\u00f6tubades\u00a0peeti t\u00f5sised arutelusid<\/em><\/p>\n<p><img loading=\"lazy\" decoding=\"async\" class=\"alignnone size-medium wp-image-478\" src=\"https:\/\/kodukantharjumaa.eu\/wp-content\/uploads\/2017\/06\/delegatsioon-300x225.jpg\" alt=\"delegatsioon\" width=\"300\" height=\"225\" srcset=\"https:\/\/kodukantharjumaa.eu\/wp-content\/uploads\/2017\/06\/delegatsioon-300x225.jpg 300w, https:\/\/kodukantharjumaa.eu\/wp-content\/uploads\/2017\/06\/delegatsioon.jpg 480w\" sizes=\"(max-width: 300px) 100vw, 300px\" \/>\u00a0 \u00a0\u00a0<em>Harjumaa delegatsiooni \u00fchispilt<\/em><\/p>\n<p>Osalemist Maap\u00e4eval toetas Kohaliku Omaalgatuse programm projektiga &#8220;<a href=\"https:\/\/kodukantharjumaa.eu\/?page_id=112\">V\u00e4rsket verd v\u00f5rgustikku II etapp<\/a>&#8221;<\/p>\n<p>&nbsp;<\/p>\n<p><img loading=\"lazy\" decoding=\"async\" class=\"alignnone size-medium wp-image-341\" src=\"https:\/\/kodukantharjumaa.eu\/wp-content\/uploads\/2016\/03\/RM-KYSK_logo_reg_toetuseks-Vektor-suur_sygis2015-1-300x138.jpg\" alt=\"RM-KYSK_logo_reg_toetuseks-Vektor-suur_sygis2015 (1)\" width=\"300\" height=\"138\" srcset=\"https:\/\/kodukantharjumaa.eu\/wp-content\/uploads\/2016\/03\/RM-KYSK_logo_reg_toetuseks-Vektor-suur_sygis2015-1-300x138.jpg 300w, https:\/\/kodukantharjumaa.eu\/wp-content\/uploads\/2016\/03\/RM-KYSK_logo_reg_toetuseks-Vektor-suur_sygis2015-1-768x353.jpg 768w, https:\/\/kodukantharjumaa.eu\/wp-content\/uploads\/2016\/03\/RM-KYSK_logo_reg_toetuseks-Vektor-suur_sygis2015-1-1024x471.jpg 1024w\" sizes=\"(max-width: 300px) 100vw, 300px\" \/><\/p>\n<p>&nbsp;<\/p>\n<p>&nbsp;<\/p>\n<p>&nbsp;<\/p>\n","protected":false},"excerpt":{"rendered":"<p>Eesti k\u00fclade 12. Maap\u00e4ev on t\u00e4naseks ajalugu. \u00a04.-6. augustil 2017 Viljandimaal, Vana-V\u00f5idus\u00a0toimunud\u00a0k\u00fclaliikumise suurs\u00fcndmusel osales 15-liikmeline Harjumaa delegatsioon.\u00a0\u00a0Esimese p\u00e4eva hommikupooliku veetsime\u00a0Valma k\u00fcla tegemistega tutvudes (VAATA PROGRAMMI) \u00a0Valma on \u00a0V\u00f5rtsj\u00e4rve \u00e4\u00e4res olev paik, kus ehitatakse kalepurjekaid, arendatakse turismi, k\u00fclavanemaks on endine p\u00f5llumajandusminister ja Maa\u00fclikooli professor Jaan Leetsaar. VAATA VIDEOT!\u00a0Maap\u00e4eva avarongk\u00e4ik toimus\u00a0\u00a0Viljandi kesklinnas ning endise P\u00f5llumeeste seltsi hoovil &hellip; <a href=\"https:\/\/kodukantharjumaa.eu\/?page_id=452\" class=\"more-link\">Continue reading <span class=\"screen-reader-text\">Maap\u00e4ev 2017<\/span> <span class=\"meta-nav\">&rarr;<\/span><\/a><\/p>\n","protected":false},"author":7,"featured_media":0,"parent":0,"menu_order":0,"comment_status":"closed","ping_status":"closed","template":"","meta":{"footnotes":""},"class_list":["post-452","page","type-page","status-publish","hentry"],"_links":{"self":[{"href":"https:\/\/kodukantharjumaa.eu\/index.php?rest_route=\/wp\/v2\/pages\/452"}],"collection":[{"href":"https:\/\/kodukantharjumaa.eu\/index.php?rest_route=\/wp\/v2\/pages"}],"about":[{"href":"https:\/\/kodukantharjumaa.eu\/index.php?rest_route=\/wp\/v2\/types\/page"}],"author":[{"embeddable":true,"href":"https:\/\/kodukantharjumaa.eu\/index.php?rest_route=\/wp\/v2\/users\/7"}],"replies":[{"embeddable":true,"href":"https:\/\/kodukantharjumaa.eu\/index.php?rest_route=%2Fwp%2Fv2%2Fcomments&post=452"}],"version-history":[{"count":5,"href":"https:\/\/kodukantharjumaa.eu\/index.php?rest_route=\/wp\/v2\/pages\/452\/revisions"}],"predecessor-version":[{"id":509,"href":"https:\/\/kodukantharjumaa.eu\/index.php?rest_route=\/wp\/v2\/pages\/452\/revisions\/509"}],"wp:attachment":[{"href":"https:\/\/kodukantharjumaa.eu\/index.php?rest_route=%2Fwp%2Fv2%2Fmedia&parent=452"}],"curies":[{"name":"wp","href":"https:\/\/api.w.org\/{rel}","templated":true}]}}