{"id":4626,"date":"2022-03-12T09:12:24","date_gmt":"2022-03-12T09:12:24","guid":{"rendered":"https:\/\/kodukantharjumaa.eu\/?page_id=4626"},"modified":"2026-04-01T08:59:12","modified_gmt":"2026-04-01T08:59:12","slug":"kulaliikumise-toetus-ukraina-partneritele","status":"publish","type":"page","link":"https:\/\/kodukantharjumaa.eu\/?page_id=4626","title":{"rendered":"K\u00fclaliikumise toetus Ukraina partneritele M\u00e4rts 2022"},"content":{"rendered":"<p>11. m\u00e4rtsil jagasime allpool olevat \u00fcleskutset ja infot.<br \/>\nAnnetuskampaaniaga kogusime 3050\u20ac. Ukraina partnerite poolt tuli palve raha asemel saata hoopis ravimeid, mida sealkandis napib.<br \/>\nKiisa apteegi abiga komplekteerisime Ukrainast saabunud nimekirja alusel saadetise, millele apteek lisas ka oma panuse ning omakorda nende koost\u00f6\u00f6partner oma. Kokku sai pakitud valuvaigisteid, haavasalve, steriilseid sidemeid, k\u00fclmetusvastaseid ravimeid ja s\u00fcstlaid, mida saavad kasutada nii meedikud kui ka kroonilisi haigusi p\u00f5devad inimesed (nt insuliinis\u00fcstideks). Saadetis on \u00fcle antud Ukraina Kultuurikeskusele, kes korraldab selle j\u00f5udmise adressaadini Dolynas.<br \/>\n30.03.2022<br \/>\n*********************************************<\/p>\n<p>P\u00f6\u00f6rdumine Eestimaa k\u00fclaliikumise eestvedajate poole (11.03.2022)<\/p>\n<p><img decoding=\"async\" class=\"alignnone size-thumbnail wp-image-4631\" src=\"https:\/\/kodukantharjumaa.eu\/wp-content\/uploads\/2022\/03\/Eesti-Ukraina-150x150.jpg\" alt=\"Eesti-Ukraina\" width=\"150\" height=\"150\" \/><\/p>\n<p>Eestimaa s\u00fcda tuksub Ukrainale ja hinges on \u00e4revus omaenda maa ja rahva julgeoleku p\u00e4rast. Euroopa on muutunud s\u00f5jatandriks, selle asemel, et r\u00f5\u00f5mustada pandeemia l\u00f5pu ja kevade tuleku \u00fcle.<br \/>\nEsimene \u0161okk vallandas heategevuslaine, inimesed annetasid raha, asju, oma vabatahtlikku t\u00f6\u00f6d ja teevad seda siiani. Minu m\u00f5tetes on k\u00f5ik need 2 n\u00e4dalat olnud tuttavad\/s\u00f5brad ja projektipartnerid Ukrainast. Eesti K\u00fclaliikumine Kodukant on alati olnud ka rahvusvaheliselt aktiivne, kuulume kahte \u00fcle-euroopalisse maaeluorganisatsioonide \u00fchendusse (<a href=\"http:\/\/www.preparenetwork.org\/\">PREPARE<\/a> ja<a href=\"https:\/\/www.forum-synergies.eu\/index_en.html\"> Forum Synergies<\/a>), kes teevad\u00a0 koost\u00f6\u00f6d ka \u00fcle EL piiride. \u00dcks sellistest piirkondadest on olnud Dolyna piirkond Ivano-Frankiivski rajoonis, Karpaatide k\u00fclje all L\u00e4\u00e4ne-Ukrainas.<br \/>\nT\u00e4pselt 7 aastat tagasi, 9.-13. m\u00e4rtsil 2015 olime koos Aare Hindrem\u00e4ega Rapla k\u00fclade liidust, Dolynas ja selle \u00fcmbruses. Meie kohtumiste teemaks oli kodaniku\u00fchiskonna arendamine ja toetamine, Eesti n\u00e4idete tutvustamine. PREPARE\u00a0 poolt rahastatud projekt p\u00f5hines meie juba varasemal koost\u00f6\u00f6l sealsete inimestega. Paljud kohtumised kohalike inimeste ja organisatsioonidega andsid meile kinnitust nende tahtest oma elu ise muuta. Tuletan meelde, et see k\u00fclask\u00e4ik toimus\u00a0v\u00e4hem kui aasta peale\u00a0 2014. a. s\u00f5jalise konflikti algust Ida-Ukrainas. Kesk-Euroopa inimesed Ukrainasse s\u00f5ita ei julgenud, eestlased aga k\u00fcll \ud83d\ude42<br \/>\nMeie k\u00e4ik oli ka ettevalmistus aasta hiljem toimunud (oktoobris 2016) Forum Synergie koost\u00f6\u00f6seminariks <a href=\"https:\/\/www.forum-synergies.eu\/article2.html\">&#8220;Lifeshop in Dolyna&#8221;<\/a>. Ka sellel osalesid Eestimaa k\u00fclaliigutajate esindajad &#8211; Lea Viik, Heleri Wazza ja Aare Hindrem\u00e4e. Kogu selle koost\u00f6\u00f6 taga seisis kohalik MT\u00dc, Karpatskoje Kolo ja selle v\u00e4simatu eestvedaja Rostyslav Kos. Rostyslav ja tema kaaslased on k\u00e4inud erinevate programmide toel ka Eestis, nad on osalenud 2 Maap\u00e4eval ning PREPARE koosolekul.<br \/>\n2014. aasta s\u00fcndmuste j\u00e4rel\u00a0liitus ta oma piirkonna\u00a0\u00a0m\u00f5ttekaaslastega \u00fchendusega\u00a0\u00a0Blagodijnyj Fond Maidanu (International Charitable Foundation &#8220;Maidan&#8221;), luues kohapealse alaorganisatsiooni, et n\u00f6 tagalast Ida-Ukraina v\u00f5itlejaid toetada.<br \/>\nV\u00f5tsin temaga 10. m\u00e4rtsil \u00fchendust, et k\u00fcsida, kuidas sealse kogukonna inimesed hakkama saavad ja kas saame kuidagi neid aidata. Rostyslav vastas mulle nii: &#8220;Ait\u00e4h, et hoolid! Katsume anda oma parimat, et toetada neid, kes s\u00f5jas eesliinil. Saadan sulle homme infot meie heategevusliku organisatsiooni kohta.&#8221; J\u00e4rgmise p\u00e4eva s\u00f5num algas juba paraku kurvemalt:&#8221; T\u00e4nane p\u00e4ev ei ole kuigi hea, Ivano-Frankiivski lennujaama pommitati ja ka meie siin veetsime m\u00f5ned tunnid varjendis&#8230;&#8221;<br \/>\nRostyslav saatis\u00a0 tutvustuse eelpool mainitud organisatsioonist, mis eesti keeles k\u00f5lab nii:<br \/>\n<em>Fond tegutseb selleks, et aidata inimesi, kes on kannatanud Venemaa agressiooni all v\u00f5i osalevad v\u00f5itluses Vene okupantide vastu. Sihtasutus loodi 2014. aastal V\u00e4\u00e4rikuse revolutsiooni ajal ja on n\u00fc\u00fcdseks oma tegevuse taastanud.\u00a0<span style=\"font-family: 'Times New Roman', serif;\"><span style=\"font-size: medium;\">Meie p\u00f5hitegevused:<br \/>\n1) s\u00f5jatsoonist p\u00f5genike toetamine,<br \/>\n2) haiglate toetamine,<br \/>\n3) s\u00f5durite varustamine ravimite ja toiduga (mitte relvadega).<br \/>\nKoostame oma tegevuse kohta \u00fcksikasjalikud aruanded ja jagame neid k\u00f5igi annetajatega.<\/span><\/span><\/em><\/p>\n<p>K\u00f5ik see on eellugu minu j\u00e4rgmisele <strong>p\u00f6\u00f6rdumisele<\/strong>:<br \/>\nHea Eestimaa k\u00fclaliigutaja! Kui sa tunned, et sinus on soovi ja tahtmist aidata Ukraina k\u00fclaliikumise eestvedajaid\u00a0 l\u00e4bi kontaktide, mis on otsesed ja personaalsed, siis on sinu, sinu kogukonna\/seltsi annetus \u00fcks v\u00f5imalustest. Sealsed inimesed teavad ise k\u00f5ige t\u00e4psemalt, kuidas toetust kasutada ja reageerivad operatiivselt vastavalt vajadusele.<\/p>\n<p>Anneli Kana<br \/>\nk\u00fclaliikumise rahvusvahelise koost\u00f6\u00f6 vabatahtlik kontaktisik<br \/>\nMT\u00dc Kodukant Harjumaa juhatuse liige<br \/>\ntel 5288810<\/p>\n<p>MT\u00dc Kodukant Harjumaa on loonud eraldi spetsiaalse konto (Ukraina-Dolyna),\u00a0 millele laekuva \u00fchise summa kanname sealse piirkonna heategevusorganisatsiooni kontole 20. m\u00e4rtsil, kevade esimesel p\u00e4eval.<br \/>\n<strong>Annetuste tegemise periood 11.-19. m\u00e4rts 2022<\/strong> (1 n\u00e4dal). Seej\u00e4rel teavitame meie \u00fchispanusest oma v\u00f5rgustiku kaudu.<\/p>\n<p>Saaja nimi: <strong>MT\u00dc Kodukant Harjumaa<\/strong><br \/>\nSaaja konto number:\u00a0<b class=\"text-bold\">EE337700771007685074\u00a0 \u00a0LHV pank<br \/>\n<\/b>Makse kirjeldus:<b class=\"text-bold\"> Ukraina Dolyna<\/b><\/p>\n<p><img decoding=\"async\" class=\"alignnone size-thumbnail wp-image-4630\" src=\"https:\/\/kodukantharjumaa.eu\/wp-content\/uploads\/2022\/03\/10854441_935793499785519_8269027063942043845_o-150x150.jpg\" alt=\"10854441_935793499785519_8269027063942043845_o\" width=\"150\" height=\"150\" \/>Rostyslav fotol paremal, meie visiit 2015<b class=\"text-bold\"><br \/>\n<\/b><\/p>\n<p align=\"CENTER\">\n","protected":false},"excerpt":{"rendered":"<p>11. m\u00e4rtsil jagasime allpool olevat \u00fcleskutset ja infot. Annetuskampaaniaga kogusime 3050\u20ac. Ukraina partnerite poolt tuli palve raha asemel saata hoopis ravimeid, mida sealkandis napib. Kiisa apteegi abiga komplekteerisime Ukrainast saabunud nimekirja alusel saadetise, millele apteek lisas ka oma panuse ning omakorda nende koost\u00f6\u00f6partner oma. Kokku sai pakitud valuvaigisteid, haavasalve, steriilseid sidemeid, k\u00fclmetusvastaseid ravimeid ja s\u00fcstlaid, &hellip; <a href=\"https:\/\/kodukantharjumaa.eu\/?page_id=4626\" class=\"more-link\">Continue reading <span class=\"screen-reader-text\">K\u00fclaliikumise toetus Ukraina partneritele M\u00e4rts 2022<\/span> <span class=\"meta-nav\">&rarr;<\/span><\/a><\/p>\n","protected":false},"author":7,"featured_media":0,"parent":0,"menu_order":0,"comment_status":"closed","ping_status":"closed","template":"","meta":{"footnotes":""},"class_list":["post-4626","page","type-page","status-publish","hentry"],"_links":{"self":[{"href":"https:\/\/kodukantharjumaa.eu\/index.php?rest_route=\/wp\/v2\/pages\/4626"}],"collection":[{"href":"https:\/\/kodukantharjumaa.eu\/index.php?rest_route=\/wp\/v2\/pages"}],"about":[{"href":"https:\/\/kodukantharjumaa.eu\/index.php?rest_route=\/wp\/v2\/types\/page"}],"author":[{"embeddable":true,"href":"https:\/\/kodukantharjumaa.eu\/index.php?rest_route=\/wp\/v2\/users\/7"}],"replies":[{"embeddable":true,"href":"https:\/\/kodukantharjumaa.eu\/index.php?rest_route=%2Fwp%2Fv2%2Fcomments&post=4626"}],"version-history":[{"count":5,"href":"https:\/\/kodukantharjumaa.eu\/index.php?rest_route=\/wp\/v2\/pages\/4626\/revisions"}],"predecessor-version":[{"id":5472,"href":"https:\/\/kodukantharjumaa.eu\/index.php?rest_route=\/wp\/v2\/pages\/4626\/revisions\/5472"}],"wp:attachment":[{"href":"https:\/\/kodukantharjumaa.eu\/index.php?rest_route=%2Fwp%2Fv2%2Fmedia&parent=4626"}],"curies":[{"name":"wp","href":"https:\/\/api.w.org\/{rel}","templated":true}]}}