{"id":4638,"date":"2022-03-16T10:00:03","date_gmt":"2022-03-16T10:00:03","guid":{"rendered":"https:\/\/kodukantharjumaa.eu\/?page_id=4638"},"modified":"2026-04-01T09:01:16","modified_gmt":"2026-04-01T09:01:16","slug":"harjumaa-kulade-kulalislahkuse-programm","status":"publish","type":"page","link":"https:\/\/kodukantharjumaa.eu\/?page_id=4638","title":{"rendered":"Harjumaa k\u00fclade k\u00fclalislahkuse programm Kevad 2022"},"content":{"rendered":"<p><span style=\"color: #800080;\"><strong>Harjumaa k\u00fclade k\u00fclalislahkuse programm Maap\u00e4eval<\/strong><\/span><\/p>\n<p><span style=\"color: #000000;\">Projekti elluviimise aeg- kevad 2022<br \/>\nProjekt valmistab Harjumaa k\u00fclakogukondi ette 6.-7. augustil 2022 toimuva Eesti k\u00fclade XIV Maap\u00e4eva v\u00f5\u00f5rustamiseks.<\/span><\/p>\n<p>Seminarid ja arutelud keskenduvad teemadele, mis seotud k\u00fclaliste v\u00f5\u00f5rustamisega &#8211; ettevalmistust\u00f6\u00f6d, maksumuse kalkuleerimine, k\u00fclalislahkus, k\u00fclalise teekonna kujundamine, info levitamine.<\/p>\n<p>Seminaride teemad:<br \/>\n16.02.2022 K\u00fclalislahke kogukond<br \/>\n23.03.2022 Teenuste hinnakujundus ja kalkulatsioonid<br \/>\n30.03.2022 Kogukonnaliikmete ja partnerite\u00a0 kaasamine teenuste pakkumiseks<br \/>\n31.03.2022 Klienditeekonna anal\u00fc\u00fcs, kokkuv\u00f5tted ja ideed k\u00fclaliste v\u00f5\u00f5rustamiseks<\/p>\n<p>Seminari materjal: <a href=\"https:\/\/kodukantharjumaa.eu\/wp-content\/uploads\/2022\/03\/K\u00fclalislahkuse-seminar-Harjumaa-k\u00fcladele-MT\u00dc-Eesti-Maaturism.-.pdf\" rel=\"\">K\u00dcLALISLAHKUS<\/a> (16.02.2022, Raili Mengel, MT\u00dc Eesti Maaturism)<br \/>\nSeminari materjal: <a href=\"https:\/\/kodukantharjumaa.eu\/wp-content\/uploads\/2022\/03\/Hinnastamise-koolituse-kokkuv\u00f5te-23.03.22.pdf\" rel=\"\">HINNASTAMINE<\/a> (23.03.2022, Inna P\u00f5ld)<\/p>\n<p>Projekti toetas Kohaliku Omaalgatuse Programm<\/p>\n<p>Lisainfo:<br \/>\nAnneli Kana<br \/>\ntel 5288810, kkharjumaa@gmail.com<\/p>\n<p>&nbsp;<\/p>\n","protected":false},"excerpt":{"rendered":"<p>Harjumaa k\u00fclade k\u00fclalislahkuse programm Maap\u00e4eval Projekti elluviimise aeg- kevad 2022 Projekt valmistab Harjumaa k\u00fclakogukondi ette 6.-7. augustil 2022 toimuva Eesti k\u00fclade XIV Maap\u00e4eva v\u00f5\u00f5rustamiseks. Seminarid ja arutelud keskenduvad teemadele, mis seotud k\u00fclaliste v\u00f5\u00f5rustamisega &#8211; ettevalmistust\u00f6\u00f6d, maksumuse kalkuleerimine, k\u00fclalislahkus, k\u00fclalise teekonna kujundamine, info levitamine. Seminaride teemad: 16.02.2022 K\u00fclalislahke kogukond 23.03.2022 Teenuste hinnakujundus ja kalkulatsioonid 30.03.2022 Kogukonnaliikmete &hellip; <a href=\"https:\/\/kodukantharjumaa.eu\/?page_id=4638\" class=\"more-link\">Continue reading <span class=\"screen-reader-text\">Harjumaa k\u00fclade k\u00fclalislahkuse programm Kevad 2022<\/span> <span class=\"meta-nav\">&rarr;<\/span><\/a><\/p>\n","protected":false},"author":7,"featured_media":0,"parent":0,"menu_order":0,"comment_status":"closed","ping_status":"closed","template":"","meta":{"footnotes":""},"class_list":["post-4638","page","type-page","status-publish","hentry"],"_links":{"self":[{"href":"https:\/\/kodukantharjumaa.eu\/index.php?rest_route=\/wp\/v2\/pages\/4638"}],"collection":[{"href":"https:\/\/kodukantharjumaa.eu\/index.php?rest_route=\/wp\/v2\/pages"}],"about":[{"href":"https:\/\/kodukantharjumaa.eu\/index.php?rest_route=\/wp\/v2\/types\/page"}],"author":[{"embeddable":true,"href":"https:\/\/kodukantharjumaa.eu\/index.php?rest_route=\/wp\/v2\/users\/7"}],"replies":[{"embeddable":true,"href":"https:\/\/kodukantharjumaa.eu\/index.php?rest_route=%2Fwp%2Fv2%2Fcomments&post=4638"}],"version-history":[{"count":5,"href":"https:\/\/kodukantharjumaa.eu\/index.php?rest_route=\/wp\/v2\/pages\/4638\/revisions"}],"predecessor-version":[{"id":5474,"href":"https:\/\/kodukantharjumaa.eu\/index.php?rest_route=\/wp\/v2\/pages\/4638\/revisions\/5474"}],"wp:attachment":[{"href":"https:\/\/kodukantharjumaa.eu\/index.php?rest_route=%2Fwp%2Fv2%2Fmedia&parent=4638"}],"curies":[{"name":"wp","href":"https:\/\/api.w.org\/{rel}","templated":true}]}}