{"id":4783,"date":"2022-07-02T18:00:44","date_gmt":"2022-07-02T18:00:44","guid":{"rendered":"https:\/\/kodukantharjumaa.eu\/?page_id=4783"},"modified":"2022-08-08T19:02:19","modified_gmt":"2022-08-08T19:02:19","slug":"maapaev-2022","status":"publish","type":"page","link":"https:\/\/kodukantharjumaa.eu\/?page_id=4783","title":{"rendered":"Maap\u00e4ev 2022"},"content":{"rendered":"<p>Eesti k\u00fclade Maap\u00e4ev on Eesti k\u00fclaliikumise Kodukant suurs\u00fcndmus, mis toimub iga 2 aasta j\u00e4rel.\u00a0 6.-7. augustil 2022 on Harjumaal r\u00f5\u00f5m, au ja kohustus k\u00fclaliigutajaid ja kogukonnajuhte v\u00f5\u00f5rustada\u00a0 &#8211; toimub XIV Maap\u00e4ev. Toimumiskoht Nelij\u00e4rve Puhkekeskus, kuhu tuleb kokku ca 300 k\u00fclalist k\u00f5ikidest Eestimaa maakondadest.<\/p>\n<p><a href=\"https:\/\/kodukantharjumaa.eu\/wp-content\/uploads\/2022\/07\/XIV-Maap\u00e4eva-tulemused.pdf\" rel=\"\">XIV Maap\u00e4eva tulemused<\/a><\/p>\n<p>T\u00e4iendav info kkharjumaa@gmail.com v\u00f5i tel 5288810 (Anneli Kana)<\/p>\n","protected":false},"excerpt":{"rendered":"<p>Eesti k\u00fclade Maap\u00e4ev on Eesti k\u00fclaliikumise Kodukant suurs\u00fcndmus, mis toimub iga 2 aasta j\u00e4rel.\u00a0 6.-7. augustil 2022 on Harjumaal r\u00f5\u00f5m, au ja kohustus k\u00fclaliigutajaid ja kogukonnajuhte v\u00f5\u00f5rustada\u00a0 &#8211; toimub XIV Maap\u00e4ev. Toimumiskoht Nelij\u00e4rve Puhkekeskus, kuhu tuleb kokku ca 300 k\u00fclalist k\u00f5ikidest Eestimaa maakondadest. XIV Maap\u00e4eva tulemused T\u00e4iendav info kkharjumaa@gmail.com v\u00f5i tel 5288810 (Anneli Kana)<\/p>\n","protected":false},"author":7,"featured_media":0,"parent":0,"menu_order":0,"comment_status":"closed","ping_status":"closed","template":"","meta":{"footnotes":""},"class_list":["post-4783","page","type-page","status-publish","hentry"],"_links":{"self":[{"href":"https:\/\/kodukantharjumaa.eu\/index.php?rest_route=\/wp\/v2\/pages\/4783"}],"collection":[{"href":"https:\/\/kodukantharjumaa.eu\/index.php?rest_route=\/wp\/v2\/pages"}],"about":[{"href":"https:\/\/kodukantharjumaa.eu\/index.php?rest_route=\/wp\/v2\/types\/page"}],"author":[{"embeddable":true,"href":"https:\/\/kodukantharjumaa.eu\/index.php?rest_route=\/wp\/v2\/users\/7"}],"replies":[{"embeddable":true,"href":"https:\/\/kodukantharjumaa.eu\/index.php?rest_route=%2Fwp%2Fv2%2Fcomments&post=4783"}],"version-history":[{"count":5,"href":"https:\/\/kodukantharjumaa.eu\/index.php?rest_route=\/wp\/v2\/pages\/4783\/revisions"}],"predecessor-version":[{"id":4833,"href":"https:\/\/kodukantharjumaa.eu\/index.php?rest_route=\/wp\/v2\/pages\/4783\/revisions\/4833"}],"wp:attachment":[{"href":"https:\/\/kodukantharjumaa.eu\/index.php?rest_route=%2Fwp%2Fv2%2Fmedia&parent=4783"}],"curies":[{"name":"wp","href":"https:\/\/api.w.org\/{rel}","templated":true}]}}