{"id":526,"date":"2017-10-13T16:59:21","date_gmt":"2017-10-13T16:59:21","guid":{"rendered":"https:\/\/kodukantharjumaa.eu\/?page_id=526"},"modified":"2017-10-13T17:43:03","modified_gmt":"2017-10-13T17:43:03","slug":"kogemusreis-karjalasse","status":"publish","type":"page","link":"https:\/\/kodukantharjumaa.eu\/?page_id=526","title":{"rendered":"Kogemusreis Karjalasse"},"content":{"rendered":"<p>Kodukant Harjumaa korraldas 28.09.-01.10.2017\u00a0maakonna maaelu edendajatele \u00fchise reisi Soome, P\u00f5hja-Karjalasse. Osalesid\u00a027 k\u00fclaliigutajat, p\u00f5llumeest, koduloo-uurijat, turismiettev\u00f5tjat ja\u00a0 maakonna arenduskeskuse esindajat.<\/p>\n<p><img fetchpriority=\"high\" decoding=\"async\" class=\"alignright wp-image-530 size-medium\" src=\"https:\/\/kodukantharjumaa.eu\/wp-content\/uploads\/2017\/10\/DSC_0538_maaturism-300x200.jpg\" alt=\"DSC_0538_maaturism\" width=\"300\" height=\"200\" srcset=\"https:\/\/kodukantharjumaa.eu\/wp-content\/uploads\/2017\/10\/DSC_0538_maaturism-300x200.jpg 300w, https:\/\/kodukantharjumaa.eu\/wp-content\/uploads\/2017\/10\/DSC_0538_maaturism-768x512.jpg 768w, https:\/\/kodukantharjumaa.eu\/wp-content\/uploads\/2017\/10\/DSC_0538_maaturism-1024x682.jpg 1024w, https:\/\/kodukantharjumaa.eu\/wp-content\/uploads\/2017\/10\/DSC_0538_maaturism.jpg 1064w\" sizes=\"(max-width: 300px) 100vw, 300px\" \/><\/p>\n<p>Mineku-tuleku s\u00f5iduprogrammi kuulusid jalutusk\u00e4ik\u00a0Savonlinnas Olavilinna kindluseni kui\u00a0 \u00a0Euroopa suurima puukiriku imetlemine Kerim\u00e4el. Tagasitee kulges l\u00e4bi Joensuu kunstikvartali ja P\u00f5hja-Karjala muusemi ning Imatra kose maailisi vaateid nautides. Kohapeal, Liperi vallas,\u00a0saime osa\u00a0Soome k\u00fcnnimeistriv\u00f5istlustest ning pikkade traditsioonidega\u00a0Leivap\u00e4evast, millele lisaks kohalik mess, kohaliku toidu ja k\u00e4sit\u00f6\u00f6 laat.\u00a0 K\u00fclastame Liperi-Seura (\u00fcle 50 a tegutsenud kodulooselts) poolt rajatud\u00a0muuseume\u00a0&#8211; K\u00e4r\u00e4j\u00e4tupa, veski,\u00a0 2014. aastal valminud maamajandus-muuseumi T\u00e4hk\u00e4 ja Enwaldi muuseumi. Tegime p\u00f5gusa peatuse Roukalahti k\u00fclamaja ja suveteatri juures ja seej\u00e4rel uudistasime Mattisenlahti k\u00fclamaja tegemisi. P\u00f5ikasime sisse metsseakasvatustallu, kus t\u00e4itsa maakeeli jutud r\u00e4\u00e4gitud said- eestlasest pereanine Anne on sealkandis elanud pea 20 aastat. Liperi vallavalitsuse k\u00fclalislahkust kinnitas v\u00f5\u00f5rustajatepoolne kohvipaus kohalike karjala pirukatega vastavatud maatursimiettev\u00f5ttes Ollilan Tupa.\u00a0 Silmailu ja ostur\u00f5\u00f5mu pakkus piirkonna k\u00e4sit\u00f6\u00f6liste \u00fchine kauplus Lippi ja uudistamist jagus P\u00f5hjala suurimas eraautomuuseumis Myllyn Wanhat autot.\u00a0 Majutuspaiga pererahvas andis v\u00f5imaluse igal \u00f5htul valida kolme sauna vahel- \u00f5htu ilma saunata pole Soomes ju m\u00f5eldav \ud83d\ude42<\/p>\n<p>Lisaks vaatamisele-kogemisele kohtusime Joensuu piirkonna arenduskeskuse JOSEK esindajaga, kes andis p\u00f5hjaliku \u00fclevaate nende tegevusest &#8211; juttu ja k\u00fcsimusi j\u00e4tkus! P\u00f5nev ja huvitav oli ka Liperi ettev\u00f5tjate \u00fchenduse esindajatega kokkusaamine-\u00a0 on h\u00e4id eeskujusid, mida ja keda j\u00e4rgida.<\/p>\n<p>Reisiseltskond oli tore, Karjala pakkus meile kauneid vaateid s\u00fcgisv\u00e4rvilisele loodusele ja m\u00f5nusaid kohtumisi k\u00fclalislahkete inimestega.<\/p>\n<p><img decoding=\"async\" class=\"alignnone size-medium wp-image-531\" src=\"https:\/\/kodukantharjumaa.eu\/wp-content\/uploads\/2017\/10\/DSC_0376_Savonlinna-300x200.jpg\" alt=\"DSC_0376_Savonlinna\" width=\"300\" height=\"200\" srcset=\"https:\/\/kodukantharjumaa.eu\/wp-content\/uploads\/2017\/10\/DSC_0376_Savonlinna-300x200.jpg 300w, https:\/\/kodukantharjumaa.eu\/wp-content\/uploads\/2017\/10\/DSC_0376_Savonlinna-768x512.jpg 768w, https:\/\/kodukantharjumaa.eu\/wp-content\/uploads\/2017\/10\/DSC_0376_Savonlinna-1024x683.jpg 1024w, https:\/\/kodukantharjumaa.eu\/wp-content\/uploads\/2017\/10\/DSC_0376_Savonlinna.jpg 1155w\" sizes=\"(max-width: 300px) 100vw, 300px\" \/><\/p>\n<h5><strong><a href=\"https:\/\/drive.google.com\/drive\/folders\/0B6jfT3I-2iMQV2NOQ0p6enNVTk0?usp=sharing\">Meie v\u00e4ike reisigalerii<\/a><\/strong><\/h5>\n<p>\u00dclej\u00e4\u00e4nud pildid on n\u00e4htavad vaid siseringile \ud83d\ude09<\/p>\n<p>&nbsp;<\/p>\n","protected":false},"excerpt":{"rendered":"<p>Kodukant Harjumaa korraldas 28.09.-01.10.2017\u00a0maakonna maaelu edendajatele \u00fchise reisi Soome, P\u00f5hja-Karjalasse. Osalesid\u00a027 k\u00fclaliigutajat, p\u00f5llumeest, koduloo-uurijat, turismiettev\u00f5tjat ja\u00a0 maakonna arenduskeskuse esindajat. Mineku-tuleku s\u00f5iduprogrammi kuulusid jalutusk\u00e4ik\u00a0Savonlinnas Olavilinna kindluseni kui\u00a0 \u00a0Euroopa suurima puukiriku imetlemine Kerim\u00e4el. Tagasitee kulges l\u00e4bi Joensuu kunstikvartali ja P\u00f5hja-Karjala muusemi ning Imatra kose maailisi vaateid nautides. Kohapeal, Liperi vallas,\u00a0saime osa\u00a0Soome k\u00fcnnimeistriv\u00f5istlustest ning pikkade traditsioonidega\u00a0Leivap\u00e4evast, millele lisaks &hellip; <a href=\"https:\/\/kodukantharjumaa.eu\/?page_id=526\" class=\"more-link\">Continue reading <span class=\"screen-reader-text\">Kogemusreis Karjalasse<\/span> <span class=\"meta-nav\">&rarr;<\/span><\/a><\/p>\n","protected":false},"author":7,"featured_media":0,"parent":0,"menu_order":0,"comment_status":"closed","ping_status":"closed","template":"","meta":{"footnotes":""},"class_list":["post-526","page","type-page","status-publish","hentry"],"_links":{"self":[{"href":"https:\/\/kodukantharjumaa.eu\/index.php?rest_route=\/wp\/v2\/pages\/526"}],"collection":[{"href":"https:\/\/kodukantharjumaa.eu\/index.php?rest_route=\/wp\/v2\/pages"}],"about":[{"href":"https:\/\/kodukantharjumaa.eu\/index.php?rest_route=\/wp\/v2\/types\/page"}],"author":[{"embeddable":true,"href":"https:\/\/kodukantharjumaa.eu\/index.php?rest_route=\/wp\/v2\/users\/7"}],"replies":[{"embeddable":true,"href":"https:\/\/kodukantharjumaa.eu\/index.php?rest_route=%2Fwp%2Fv2%2Fcomments&post=526"}],"version-history":[{"count":3,"href":"https:\/\/kodukantharjumaa.eu\/index.php?rest_route=\/wp\/v2\/pages\/526\/revisions"}],"predecessor-version":[{"id":532,"href":"https:\/\/kodukantharjumaa.eu\/index.php?rest_route=\/wp\/v2\/pages\/526\/revisions\/532"}],"wp:attachment":[{"href":"https:\/\/kodukantharjumaa.eu\/index.php?rest_route=%2Fwp%2Fv2%2Fmedia&parent=526"}],"curies":[{"name":"wp","href":"https:\/\/api.w.org\/{rel}","templated":true}]}}