{"id":569,"date":"2018-02-08T22:31:02","date_gmt":"2018-02-08T22:31:02","guid":{"rendered":"https:\/\/kodukantharjumaa.eu\/?page_id=569"},"modified":"2026-04-08T23:27:04","modified_gmt":"2026-04-08T23:27:04","slug":"ton-2018","status":"publish","type":"page","link":"https:\/\/kodukantharjumaa.eu\/?page_id=569","title":{"rendered":"Aasta S\u00e4deinimene"},"content":{"rendered":"\t\t<div data-elementor-type=\"wp-page\" data-elementor-id=\"569\" class=\"elementor elementor-569\">\n\t\t\t\t<div class=\"elementor-element elementor-element-b2f04db e-con-full e-flex e-con e-parent\" data-id=\"b2f04db\" data-element_type=\"container\">\n\t\t\t\t<div class=\"elementor-element elementor-element-883c8be elementor-widget elementor-widget-text-editor\" data-id=\"883c8be\" data-element_type=\"widget\" data-widget_type=\"text-editor.default\">\n\t\t\t\t<div class=\"elementor-widget-container\">\n\t\t\t\t\t\t\t<div class=\"quote-box\">\n\n<p><em>\u201cS\u00e4deinimese tiitel on \u00fcks m\u00f5nus koorem kanda \u2013 t\u00e4nuga, m\u00f5nuga, r\u00f5\u00f5muga. M\u00e4rka ja sind m\u00e4rgatakse, tunnusta ja sind tunnustatakse \u2013 nii v\u00f5ib \u00f6elda k\u00f5igi Harjumaa s\u00e4deinimeste kohta!\u201d<\/em><\/p>\n\n<p><strong>Anneli Kana<\/strong>, MT\u00dc Metsanurme tegevjuht, 2016. aasta s\u00e4deinimene<\/p>\n\n<\/div>\n\n<p>Aasta S\u00e4deinimese tunnustus antakse v\u00e4lja eraisikule, kes tegutseb Harjumaal (v.a Tallinn). Tunnustuse v\u00e4ljaandmise algatas Kodukant Harjumaa 2003. aastal.<\/p>\n\n<p><strong>Laureaat on:<\/strong><\/p>\n\n<ul class=\"clean-list\">\n<li>kogukonda \u00fchendav ja kogukonnas olulist rolli omav isik;<\/li>\n<li>panustanud oma m\u00f5tete v\u00f5i tegevusega piirkonna ja\/v\u00f5i maakonna arengusse;<\/li>\n<li>aktiivne ja koost\u00f6\u00f6aldis.<\/li>\n<\/ul>\t\t\t\t\t\t<\/div>\n\t\t\t\t<\/div>\n\t\t\t\t<\/div>\n\t\t<div class=\"elementor-element elementor-element-c80a759 e-flex e-con-boxed e-con e-parent\" data-id=\"c80a759\" data-element_type=\"container\">\n\t\t\t\t\t<div class=\"e-con-inner\">\n\t\t\t\t<div class=\"elementor-element elementor-element-82bda38 elementor-widget elementor-widget-text-editor\" data-id=\"82bda38\" data-element_type=\"widget\" data-widget_type=\"text-editor.default\">\n\t\t\t\t<div class=\"elementor-widget-container\">\n\t\t\t\t\t\t\t<h2>Aasta S\u00e4deinimene 2025<\/h2>\n<h3>Eger Karuse (Rae vald)<\/h3>\t\t\t\t\t\t<\/div>\n\t\t\t\t<\/div>\n\t\t\t\t\t<\/div>\n\t\t\t\t<\/div>\n\t\t<div class=\"elementor-element elementor-element-833f51e e-flex e-con-boxed e-con e-parent\" data-id=\"833f51e\" data-element_type=\"container\">\n\t\t\t\t\t<div class=\"e-con-inner\">\n\t\t\t\t<div class=\"elementor-element elementor-element-f923837 elementor-widget elementor-widget-image\" data-id=\"f923837\" data-element_type=\"widget\" data-widget_type=\"image.default\">\n\t\t\t\t<div class=\"elementor-widget-container\">\n\t\t\t\t\t\t\t\t\t\t<figure class=\"wp-caption\">\n\t\t\t\t\t\t\t\t\t\t<img fetchpriority=\"high\" decoding=\"async\" width=\"604\" height=\"403\" src=\"https:\/\/kodukantharjumaa.eu\/wp-content\/uploads\/2026\/04\/Sadeinimene_Eger-Karuse-700x467-1.jpg\" class=\"attachment-large size-large wp-image-5736\" alt=\"\" srcset=\"https:\/\/kodukantharjumaa.eu\/wp-content\/uploads\/2026\/04\/Sadeinimene_Eger-Karuse-700x467-1.jpg 700w, https:\/\/kodukantharjumaa.eu\/wp-content\/uploads\/2026\/04\/Sadeinimene_Eger-Karuse-700x467-1-300x200.jpg 300w\" sizes=\"(max-width: 604px) 100vw, 604px\" \/>\t\t\t\t\t\t\t\t\t\t\t<figcaption class=\"widget-image-caption wp-caption-text\">S\u00e4deinimene Eger Karuse. Foto: Rain Nirgi<\/figcaption>\n\t\t\t\t\t\t\t\t\t\t<\/figure>\n\t\t\t\t\t\t\t<\/div>\n\t\t\t\t<\/div>\n\t\t\t\t\t<\/div>\n\t\t\t\t<\/div>\n\t\t<div class=\"elementor-element elementor-element-6b2fac8 e-con-full e-flex e-con e-parent\" data-id=\"6b2fac8\" data-element_type=\"container\">\n\t\t\t\t<div class=\"elementor-element elementor-element-008341f elementor-widget elementor-widget-text-editor\" data-id=\"008341f\" data-element_type=\"widget\" data-widget_type=\"text-editor.default\">\n\t\t\t\t<div class=\"elementor-widget-container\">\n\t\t\t\t\t\t\t<strong>Ait\u00e4h, et s\u00fc\u00fctad leegi seal, kuhu l\u00e4hed, \u00fchendad inimesi, julgustad tegutsema ja viid ideed ellu. T\u00e4name Sind siiruse, p\u00fchendumise ja suure s\u00fcdame eest!<\/strong>\n\n<u>Egeri esitajad iseloomustasid teda nii:<\/u>\n\n<em>Eger Karuse on kogukonda \u00fchendav, inspireeriv ja v\u00e4simatu eestvedaja, kelle tegevus on oluliselt rikastanud nii Rae valla kui kogu Harjumaa haridus-, keskkonna- ja spordielu. Ta on algatanud projekte, leidnud nendele rahastuse ja toonud kokku inimesi, et ideedest saaksid teod.<\/em>\n\n<em>Eger on alates 2021. aastast vedanud MT\u00dc Kindluse Kooli, mis toetab ja arendab Rae valla \u00fcht suurimat ja uuenduslikumat kooli. Tema juhtimisel on loodud ja ellu viidud mitmeid kogukonda \u00fchendavaid algatusi \u2013 nende seas Kindluse Kooli stipendiumiprogramm, mis tunnustab ja toetab nii \u00f5pilasi kui \u00f5petajaid. Tegemist on ainulaadse algatusega Rae valla p\u00f5hikoolide seas ning 2025. aastal p\u00e4lvis see Rae valla \u201cAasta haridustegu\u201d tiitli. Lisaks juhib Eger sellest aastast Kindluse Koolis t\u00fcdrukute Unicorn Squad tehnoloogiaringi, innustades noori t\u00fcdrukuid tehnoloogia ja inseneeria vastu huvi tundma.<\/em>\t\t\t\t\t\t<\/div>\n\t\t\t\t<\/div>\n\t\t\t\t<\/div>\n\t\t<div class=\"elementor-element elementor-element-8437c81 e-flex e-con-boxed e-con e-parent\" data-id=\"8437c81\" data-element_type=\"container\">\n\t\t\t\t\t<div class=\"e-con-inner\">\n\t\t\t\t<div class=\"elementor-element elementor-element-7c0ecde elementor-widget elementor-widget-image\" data-id=\"7c0ecde\" data-element_type=\"widget\" data-widget_type=\"image.default\">\n\t\t\t\t<div class=\"elementor-widget-container\">\n\t\t\t\t\t\t\t\t\t\t\t\t\t<img decoding=\"async\" width=\"604\" height=\"468\" src=\"https:\/\/kodukantharjumaa.eu\/wp-content\/uploads\/2026\/04\/Kindluse-koolis-grupiga-700x542-1.jpg\" class=\"attachment-large size-large wp-image-5737\" alt=\"\" srcset=\"https:\/\/kodukantharjumaa.eu\/wp-content\/uploads\/2026\/04\/Kindluse-koolis-grupiga-700x542-1.jpg 700w, https:\/\/kodukantharjumaa.eu\/wp-content\/uploads\/2026\/04\/Kindluse-koolis-grupiga-700x542-1-300x232.jpg 300w\" sizes=\"(max-width: 604px) 100vw, 604px\" \/>\t\t\t\t\t\t\t\t\t\t\t\t\t<\/div>\n\t\t\t\t<\/div>\n\t\t\t\t\t<\/div>\n\t\t\t\t<\/div>\n\t\t<div class=\"elementor-element elementor-element-4f094df e-con-full e-flex e-con e-parent\" data-id=\"4f094df\" data-element_type=\"container\">\n\t\t\t\t<div class=\"elementor-element elementor-element-67696e0 elementor-widget elementor-widget-text-editor\" data-id=\"67696e0\" data-element_type=\"widget\" data-widget_type=\"text-editor.default\">\n\t\t\t\t<div class=\"elementor-widget-container\">\n\t\t\t\t\t\t\t<em>Tema eestvedamisel on MT\u00dc Kindluse Kool kasvanud tugevaks kooli toetavaks organisatsiooniks, mis korraldab nii huviharidust, eelkooli kui ka \u00f5petajatele ning \u00f5pilastele suunatud t\u00e4nupidusid ja muid kogukonnale suunatud \u00fcritusi ning algatusi. Eger oskab tuua kokku \u00fchise eesm\u00e4rgi nimel erinevad osapooled (lapsevanemad, \u00f5petajad, \u00f5pilased, ettev\u00f5tjad jne), et luua toetav ja inspireeriv hariduskeskkond. Alates 2025. aastast on ta ka Kindluse Kooli hoolekogu esimees, mis on samuti \u00fcks v\u00e4ga t\u00e4nuv\u00e4\u00e4rne v\u00f5imalus r\u00e4\u00e4kida kaasa Kindluse Kooli kui kogukonnakooli arendamise teemadel.<\/em>\n\n<em>Lisaks haridusele panustab Eger aktiivselt spordi ja kogukonna arendamisse. Ta on spordiklubi BMX Tallinn MT\u00dc juhatuse liige ja eestvedaja, vastutades nii strateegilise juhtimise kui ka igap\u00e4evase majandamise eest. T\u00e4nu tema sihikindlusele ja oskusele kaasata kogukonda ning erinevaid rahastajaid, valmis 2024. aastal avalik BMX jalgrattakrossirada Uuesalus, mis on saanud populaarseks kogukonna kohtumispaigaks ja noorte liikumisharjumuste edendajaks terves Uuesalu-J\u00e4rvek\u00fcla-Peetri piirkonnas. Seda avalikuks kasutuseks m\u00f5eldud spordirajatist ning sellega seotud teenuseid arendab Eger edasi ka t\u00e4nasel p\u00e4eval. Samuti panustab ta laiemalt kogu Eesti BMX-krossi ala arengusse, p\u00fc\u00fcdes luua noortele selliseid tingimusi ja v\u00f5imalusi, et just Rae valla v\u00f5i miks mitte ka Uuesalu k\u00fcla sportlane oleks esimene Eestist, kes sel alal ol\u00fcmpiale j\u00f5uab.<\/em>\t\t\t\t\t\t<\/div>\n\t\t\t\t<\/div>\n\t\t\t\t<\/div>\n\t\t<div class=\"elementor-element elementor-element-433c1e3 e-flex e-con-boxed e-con e-parent\" data-id=\"433c1e3\" data-element_type=\"container\">\n\t\t\t\t\t<div class=\"e-con-inner\">\n\t\t\t\t<div class=\"elementor-element elementor-element-eb2509e elementor-widget elementor-widget-image\" data-id=\"eb2509e\" data-element_type=\"widget\" data-widget_type=\"image.default\">\n\t\t\t\t<div class=\"elementor-widget-container\">\n\t\t\t\t\t\t\t\t\t\t<figure class=\"wp-caption\">\n\t\t\t\t\t\t\t\t\t\t<img decoding=\"async\" width=\"604\" height=\"904\" src=\"https:\/\/kodukantharjumaa.eu\/wp-content\/uploads\/2026\/04\/Eger-BMX-684x1024-1.jpeg\" class=\"attachment-large size-large wp-image-5738\" alt=\"\" srcset=\"https:\/\/kodukantharjumaa.eu\/wp-content\/uploads\/2026\/04\/Eger-BMX-684x1024-1.jpeg 684w, https:\/\/kodukantharjumaa.eu\/wp-content\/uploads\/2026\/04\/Eger-BMX-684x1024-1-200x300.jpeg 200w\" sizes=\"(max-width: 604px) 100vw, 604px\" \/>\t\t\t\t\t\t\t\t\t\t\t<figcaption class=\"widget-image-caption wp-caption-text\">Eger Karuse<\/figcaption>\n\t\t\t\t\t\t\t\t\t\t<\/figure>\n\t\t\t\t\t\t\t<\/div>\n\t\t\t\t<\/div>\n\t\t\t\t\t<\/div>\n\t\t\t\t<\/div>\n\t\t<div class=\"elementor-element elementor-element-b9a5d99 e-flex e-con-boxed e-con e-parent\" data-id=\"b9a5d99\" data-element_type=\"container\">\n\t\t\t\t\t<div class=\"e-con-inner\">\n\t\t\t\t<div class=\"elementor-element elementor-element-ca3c0d6 elementor-widget elementor-widget-text-editor\" data-id=\"ca3c0d6\" data-element_type=\"widget\" data-widget_type=\"text-editor.default\">\n\t\t\t\t<div class=\"elementor-widget-container\">\n\t\t\t\t\t\t\t<em>Egeri s\u00e4de ja p\u00fchendumus ulatuvad ka keskkonnahariduse ja rohep\u00f6\u00f6rde teemadeni. Ta on olnud alates 2018. aastast Eesti Maailmakoristusp\u00e4eva ja MT\u00dc Puhta Ilma Koja \u00fcks v\u00f5tmeisikuid, aidates kujundada Eesti inimeste keskkonnateadlikkust ning viies ellu mitmeid kogukonnap\u00f5hiseid keskkonnaprojekte, sh Maailmakoristusp\u00e4ev, L\u00e4\u00e4nemere p\u00e4ev, keskkonnamatkad ja keskkonna teemalised orienteerumised. Vabal ajal tegeleb ta korilusega, armastab loodust ning loodusandide hoidmist ja s\u00e4ilitamist talveks. Tema silmad s\u00e4ravad, kui inimesed tarbivad targalt ja hoiavad \u00fcmbritsevat keskkonda. Nelja lapse, sh kolmikute emana, on ta inspireeriv eeskuju, kes oma tegudega muudab kogukonna \u00fchtsemaks, n\u00e4htavamaks ja tugevamaks.<\/em>\n\n<em>Eger Karuse on inimene, kes s\u00fc\u00fctab teistes s\u00e4det \u2013 olgu selleks noored t\u00fcdrukud, keda ta julgustab tehnoloogiat \u00f5ppima, lapsevanemad, keda ta kaasab kooliellu, v\u00f5i kogukonnaliikmed, kellele ta loob v\u00f5imalusi tegutsemiseks, \u00f5ppimiseks ja liikumiseks. Tema energia, koost\u00f6\u00f6valmidus ja s\u00fcsteemsus muudavad ideed reaalsuseks ning \u00fchendavad inimesi parema ja teadlikuma tuleviku nimel.<\/em>\t\t\t\t\t\t<\/div>\n\t\t\t\t<\/div>\n\t\t\t\t\t<\/div>\n\t\t\t\t<\/div>\n\t\t<div class=\"elementor-element elementor-element-1317fe0 e-flex e-con-boxed e-con e-parent\" data-id=\"1317fe0\" data-element_type=\"container\">\n\t\t\t\t\t<div class=\"e-con-inner\">\n\t\t\t\t<div class=\"elementor-element elementor-element-1d2844a elementor-widget elementor-widget-text-editor\" data-id=\"1d2844a\" data-element_type=\"widget\" data-widget_type=\"text-editor.default\">\n\t\t\t\t<div class=\"elementor-widget-container\">\n\t\t\t\t\t\t\t<h2>Aasta S\u00e4deinimene 2025<\/h2>\n\n<h3>Reet Purre (Anija vald)<\/h3>\n\n<h5>Eripreemia pikaajalise silmapaistva p\u00fchendumuse eest<\/h5>\n\n<p class=\"highlight-text\"><strong>T\u00e4name Sind aastatepikkuse m\u00e4rkimisv\u00e4\u00e4rse ja muljetavaldava t\u00f6\u00f6 eest! Sinu s\u00fcdamega kantud visioon on rikastanud kogukonda v\u00e4\u00e4rtusega, mis j\u00e4\u00e4b kestma ning innustab ka tulevasi p\u00f5lvkondi.<\/strong><\/p>\t\t\t\t\t\t<\/div>\n\t\t\t\t<\/div>\n\t\t\t\t\t<\/div>\n\t\t\t\t<\/div>\n\t\t<div class=\"elementor-element elementor-element-81f5224 e-flex e-con-boxed e-con e-parent\" data-id=\"81f5224\" data-element_type=\"container\">\n\t\t\t\t\t<div class=\"e-con-inner\">\n\t\t\t\t<div class=\"elementor-element elementor-element-39b05fd elementor-widget elementor-widget-image\" data-id=\"39b05fd\" data-element_type=\"widget\" data-widget_type=\"image.default\">\n\t\t\t\t<div class=\"elementor-widget-container\">\n\t\t\t\t\t\t\t\t\t\t<figure class=\"wp-caption\">\n\t\t\t\t\t\t\t\t\t\t<img loading=\"lazy\" decoding=\"async\" width=\"604\" height=\"358\" src=\"https:\/\/kodukantharjumaa.eu\/wp-content\/uploads\/2026\/04\/Reet-Purre-oues-700x415-1.jpg\" class=\"attachment-large size-large wp-image-5739\" alt=\"\" srcset=\"https:\/\/kodukantharjumaa.eu\/wp-content\/uploads\/2026\/04\/Reet-Purre-oues-700x415-1.jpg 700w, https:\/\/kodukantharjumaa.eu\/wp-content\/uploads\/2026\/04\/Reet-Purre-oues-700x415-1-300x178.jpg 300w\" sizes=\"(max-width: 604px) 100vw, 604px\" \/>\t\t\t\t\t\t\t\t\t\t\t<figcaption class=\"widget-image-caption wp-caption-text\">S\u00e4deinimene Reet Purre<\/figcaption>\n\t\t\t\t\t\t\t\t\t\t<\/figure>\n\t\t\t\t\t\t\t<\/div>\n\t\t\t\t<\/div>\n\t\t\t\t\t<\/div>\n\t\t\t\t<\/div>\n\t\t<div class=\"elementor-element elementor-element-b700af5 e-flex e-con-boxed e-con e-parent\" data-id=\"b700af5\" data-element_type=\"container\">\n\t\t\t\t\t<div class=\"e-con-inner\">\n\t\t\t\t<div class=\"elementor-element elementor-element-f0a6612 elementor-widget elementor-widget-text-editor\" data-id=\"f0a6612\" data-element_type=\"widget\" data-widget_type=\"text-editor.default\">\n\t\t\t\t<div class=\"elementor-widget-container\">\n\t\t\t\t\t\t\t<p><span style=\"text-decoration: underline;\">Reeta iseloomustati nii:<\/span><\/p><p><em>Reet Purre on s\u00e4rav n\u00e4ide inimesest, kelle elut\u00f6\u00f6, hoiakud ja tegutsemistahe inspireerivad kogu Harjumaa kogukonda. Ta on rohkem kui ettev\u00f5tja \u2013 ta on s\u00fcdamega looja, kogukonna hoidja ja elur\u00f5\u00f5mu kehastus, kelle energia ja p\u00fchendumus on t\u00f5eline s\u00e4de nii tema t\u00f6\u00f6kaaslaste, k\u00fclaliste kui ka laiemalt kohalike inimeste jaoks.<\/em><\/p><p><em>Reet juhib j\u00e4tkuvalt aktiivselt Nelij\u00e4rve puhkekeskust ning panustab igap\u00e4evaselt kohaliku turismi ja ettev\u00f5tluse arengusse. Tema t\u00f6\u00f6 ei ole pelgalt \u00e4ri \u2013 see on eluviis, mille kaudu ta on loonud koha, kus inimesed tunnevad end oodatuna, v\u00e4\u00e4rtustatuna ja koduselt. Reet on oma tegude ja suhtumisega n\u00e4idanud, et vanus ei m\u00e4\u00e4ra inimese teotahet ega v\u00f5imet midagi p\u00e4riselt muuta.<\/em><\/p>\t\t\t\t\t\t<\/div>\n\t\t\t\t<\/div>\n\t\t\t\t\t<\/div>\n\t\t\t\t<\/div>\n\t\t<div class=\"elementor-element elementor-element-1c912c3 e-flex e-con-boxed e-con e-parent\" data-id=\"1c912c3\" data-element_type=\"container\">\n\t\t\t\t\t<div class=\"e-con-inner\">\n\t\t\t\t<div class=\"elementor-element elementor-element-0a6519b elementor-widget elementor-widget-image\" data-id=\"0a6519b\" data-element_type=\"widget\" data-widget_type=\"image.default\">\n\t\t\t\t<div class=\"elementor-widget-container\">\n\t\t\t\t\t\t\t\t\t\t<figure class=\"wp-caption\">\n\t\t\t\t\t\t\t\t\t\t<img loading=\"lazy\" decoding=\"async\" width=\"604\" height=\"403\" src=\"https:\/\/kodukantharjumaa.eu\/wp-content\/uploads\/2026\/04\/Sadeinimene_Reet-Purre-700x467-1.jpg\" class=\"attachment-large size-large wp-image-5740\" alt=\"\" srcset=\"https:\/\/kodukantharjumaa.eu\/wp-content\/uploads\/2026\/04\/Sadeinimene_Reet-Purre-700x467-1.jpg 700w, https:\/\/kodukantharjumaa.eu\/wp-content\/uploads\/2026\/04\/Sadeinimene_Reet-Purre-700x467-1-300x200.jpg 300w\" sizes=\"(max-width: 604px) 100vw, 604px\" \/>\t\t\t\t\t\t\t\t\t\t\t<figcaption class=\"widget-image-caption wp-caption-text\">S\u00e4deinimene Reet Purre<\/figcaption>\n\t\t\t\t\t\t\t\t\t\t<\/figure>\n\t\t\t\t\t\t\t<\/div>\n\t\t\t\t<\/div>\n\t\t\t\t\t<\/div>\n\t\t\t\t<\/div>\n\t\t<div class=\"elementor-element elementor-element-419d071 e-flex e-con-boxed e-con e-parent\" data-id=\"419d071\" data-element_type=\"container\">\n\t\t\t\t\t<div class=\"e-con-inner\">\n\t\t\t\t<div class=\"elementor-element elementor-element-73cccc4 elementor-widget elementor-widget-text-editor\" data-id=\"73cccc4\" data-element_type=\"widget\" data-widget_type=\"text-editor.default\">\n\t\t\t\t<div class=\"elementor-widget-container\">\n\t\t\t\t\t\t\t<p>Tema<em> j\u00e4rjekindlus, positiivne ellusuhtumine ja hoolivus teiste vastu on muutnud temast&nbsp;<\/em><em>eeskuju paljudele. Ta v\u00e4\u00e4rtustab koost\u00f6\u00f6d ja on alati valmis aitama nii inimesi oma kogukonnast kui ka kaugemalt, n\u00e4iteks Ukrainast saabunud abivajajaid. Reet on toetanud kultuuri ja kogukonnategevusi, sh panustanud kohalike kirikute, seltsimajade ja \u00fchistesse ettev\u00f5tmistesse, mille eest ta sai 2023.aastal Harjumaa aasta panustaja auhinna.<\/em><\/p>\n<p><em>\nReet Purre on t\u00f5eline Harjumaa S\u00e4de \u2013 inimene, kes s\u00fc\u00fctab teisteski soovi midagi head teha. Ta n\u00e4itab, et hoolivus, t\u00f6\u00f6tahe ja positiivne ellusuhtumine v\u00f5ivad muuta maailma nii v\u00e4ikestes kogukondades kui ka laiemalt. Tema elur\u00f5\u00f5m, p\u00fchendumus ja siirus teevad temast inimesena eeskuju, kes kannab edasi v\u00e4\u00e4rikust, soojuse ja tegutsemisindu, mis on iga kogukonna hing.&nbsp;<\/em><\/p>\n<p>\nS\u00f5numitooja:&nbsp;<a href=\"https:\/\/sonumitooja.ee\/nelijarve-puhkekeskuse-perenaine-kinkis-aegviidu-kirikule-poranda\/\">Neli\u00adj\u00e4r\u00adve puh\u00adke\u00adkes\u00adku\u00adse pe\u00adre\u00adnai\u00adne kin\u00adkis Aeg\u00advii\u00addu ki\u00adri\u00adku\u00adle p\u00f5\u00adran\u00adda &nbsp;<\/a><\/p>\n<p>\n\u00c4rip\u00e4ev:&nbsp;<a href=\"https:\/\/www.aripaev.ee\/uudised\/2024\/02\/10\/83aastane-ettevotja-kihutab-tipus-ega-plaanigi-peatuda\">83aastane ettev\u00f5tja kihutab tipus ega plaanigi peatuda<\/a><\/p>\n<p><a href=\"https:\/\/arhiiv.err.ee\/video\/vaata\/prillitoos-672\">\nPrillitoos : 672 | Videoarhiiv | ERR<\/a><\/p>\t\t\t\t\t\t<\/div>\n\t\t\t\t<\/div>\n\t\t\t\t\t<\/div>\n\t\t\t\t<\/div>\n\t\t<div class=\"elementor-element elementor-element-fead7ca e-flex e-con-boxed e-con e-parent\" data-id=\"fead7ca\" data-element_type=\"container\">\n\t\t\t\t\t<div class=\"e-con-inner\">\n\t\t\t\t<div class=\"elementor-element elementor-element-c9b3b6b elementor-widget elementor-widget-text-editor\" data-id=\"c9b3b6b\" data-element_type=\"widget\" data-widget_type=\"text-editor.default\">\n\t\t\t\t<div class=\"elementor-widget-container\">\n\t\t\t\t\t\t\t<div class=\"years-list\"><h6><span style=\"color: #385403;\">2025. aastal esitatud kandidaadid:<\/span><\/h6><ol style=\"margin-top: 0cm;\" start=\"1\" type=\"1\"><li>Veronika Selge (L\u00e4\u00e4ne-Harju vald)<\/li><li>Kristiina V\u00e4hk (L\u00e4\u00e4ne-Harju vald)<\/li><li>Eger Karuse (Rae vald)<\/li><li>Egert Ermel (Keila linn)<\/li><li>Raimo Tann (Viimsi vald)<\/li><li>Maarja Udde (Kose vald)<\/li><li>Kadri Kittask (Kose vald)<\/li><li>Age Viimsalu (L\u00e4\u00e4ne-Harju vald)<\/li><li>Tormi Tabor (Saue vald)<\/li><li>K\u00e4ti Te\u00e4r-Riisaar (L\u00e4\u00e4ne-Harju vald)<\/li><li>Kaidi Torjus (L\u00e4\u00e4ne-Harju vald)<\/li><li>Urmas Kirtsi (Kuusalu vald)<\/li><li>Marianne Adson (L\u00e4\u00e4ne-Harju vald)<\/li><li>Reet Purre (Anija vald)<\/li><li>Heret Annus (Kiili vald)<\/li><li>Tiiu Niglas (Saue vald)<\/li><li>Marju Tamm (Kose vald)<\/li><li>Anne Oruaas (Anija vald)<\/li><li>Ulvi Rand (Kuusalu vald)<\/li><li>Helju Kadakas (Raasiku vald)<\/li><\/ol><div class=\"years-list\">\u00a0<\/div><\/div>\t\t\t\t\t\t<\/div>\n\t\t\t\t<\/div>\n\t\t\t\t\t<\/div>\n\t\t\t\t<\/div>\n\t\t<div class=\"elementor-element elementor-element-c376408 e-flex e-con-boxed e-con e-parent\" data-id=\"c376408\" data-element_type=\"container\">\n\t\t\t\t\t<div class=\"e-con-inner\">\n\t\t\t\t<div class=\"elementor-element elementor-element-0043c76 elementor-widget-divider--view-line elementor-widget elementor-widget-divider\" data-id=\"0043c76\" data-element_type=\"widget\" data-widget_type=\"divider.default\">\n\t\t\t\t<div class=\"elementor-widget-container\">\n\t\t\t\t\t<div class=\"elementor-divider\">\n\t\t\t<span class=\"elementor-divider-separator\">\n\t\t\t\t\t\t<\/span>\n\t\t<\/div>\n\t\t\t\t<\/div>\n\t\t\t\t<\/div>\n\t\t\t\t\t<\/div>\n\t\t\t\t<\/div>\n\t\t<div class=\"elementor-element elementor-element-e0f6fe4 e-con-full e-flex e-con e-parent\" data-id=\"e0f6fe4\" data-element_type=\"container\">\n\t\t\t\t<div class=\"elementor-element elementor-element-c1a4a19 elementor-widget elementor-widget-text-editor\" data-id=\"c1a4a19\" data-element_type=\"widget\" data-widget_type=\"text-editor.default\">\n\t\t\t\t<div class=\"elementor-widget-container\">\n\t\t\t\t\t\t\t<div class=\"years-list\">\n\n<h6 class=\"section-title\">Aasta S\u00e4deinimesed Harjumaal:<\/h6>\n\n<p><strong>2025<\/strong> \u2013 Eger Karuse (Rae vald) ja<br>\nReet Purre (Anija vald)<\/p>\n\n<p><strong>2024<\/strong> \u2013 Gerli Lehe (Rae vald)<\/p>\n<p><strong>2023<\/strong> \u2013 Erkki Karjamaa (Kose vald)<\/p>\n<p><strong>2022<\/strong> \u2013 B\u00e4rbel Salum\u00e4e (Rae vald)<\/p>\n<p><strong>2021<\/strong> \u2013 Marje Suharov (Saue vald)<\/p>\n<p><strong>2020<\/strong> \u2013 Aivar Aasam\u00e4e (Rae vald)<\/p>\n<p><strong>2019<\/strong> \u2013 Tiiu M\u00e4gi (L\u00e4\u00e4ne-Harju vald)<\/p>\n<p><strong>2018<\/strong> \u2013 Alice Suurkuusk (Raasiku vald)<\/p>\n<p><strong>2017<\/strong> \u2013 Kaisa Linno (Kuusalu vald)<\/p>\n<p><strong>2016<\/strong> \u2013 Anneli Kana (Saku vald)<\/p>\n<p><strong>2015<\/strong> \u2013 Andrus Saliste (Harku vald)<\/p>\n<p><strong>2014<\/strong> \u2013 Maret V\u00e4li (Keila linn)<\/p>\n<p><strong>2013<\/strong> \u2013 Margus Vain (Rae vald)<\/p>\n<p><strong>2012<\/strong> \u2013 Tanel Ots (Saku vald)<\/p>\n<p><strong>2011<\/strong> \u2013 Heli Sepp (Kose vald)<\/p>\n<p><strong>2010<\/strong> \u2013 Asko Aug (Kuusalu vald)<\/p>\n\n<p><strong>2009<\/strong> \u2013 <em>konkurssi ei toimunud<\/em><\/p>\n\n<p><strong>2008<\/strong> \u2013 Tiiu L\u00f5oke (K\u00f5ue vald)<\/p>\n<p><strong>2007<\/strong> \u2013 Olvia Laur (Nissi vald)<\/p>\n<p><strong>2006<\/strong> \u2013 Rein Viilu (Kernu vald)<\/p>\n<p><strong>2005<\/strong> \u2013 Peeter Leidmaa (Saku vald)<\/p>\n<p><strong>2004<\/strong> \u2013 Sirje \u00d5ruste (Saku vald)<\/p>\n<p><strong>2003<\/strong> \u2013 Garina Toomingas (end Paiste) (Raasiku vald)<\/p>\n\n<\/div>\t\t\t\t\t\t<\/div>\n\t\t\t\t<\/div>\n\t\t\t\t<\/div>\n\t\t\t\t<\/div>\n\t\t","protected":false},"excerpt":{"rendered":"<p>\u201cS\u00e4deinimese tiitel on \u00fcks m\u00f5nus koorem kanda \u2013 t\u00e4nuga, m\u00f5nuga, r\u00f5\u00f5muga. M\u00e4rka ja sind m\u00e4rgatakse, tunnusta ja sind tunnustatakse \u2013 nii v\u00f5ib \u00f6elda k\u00f5igi Harjumaa s\u00e4deinimeste kohta!\u201d Anneli Kana, MT\u00dc Metsanurme tegevjuht, 2016. aasta s\u00e4deinimene Aasta S\u00e4deinimese tunnustus antakse v\u00e4lja eraisikule, kes tegutseb Harjumaal (v.a Tallinn). Tunnustuse v\u00e4ljaandmise algatas Kodukant Harjumaa 2003. aastal. Laureaat on: &hellip; <a href=\"https:\/\/kodukantharjumaa.eu\/?page_id=569\" class=\"more-link\">Continue reading <span class=\"screen-reader-text\">Aasta S\u00e4deinimene<\/span> <span class=\"meta-nav\">&rarr;<\/span><\/a><\/p>\n","protected":false},"author":7,"featured_media":0,"parent":0,"menu_order":0,"comment_status":"closed","ping_status":"closed","template":"","meta":{"footnotes":""},"class_list":["post-569","page","type-page","status-publish","hentry"],"_links":{"self":[{"href":"https:\/\/kodukantharjumaa.eu\/index.php?rest_route=\/wp\/v2\/pages\/569"}],"collection":[{"href":"https:\/\/kodukantharjumaa.eu\/index.php?rest_route=\/wp\/v2\/pages"}],"about":[{"href":"https:\/\/kodukantharjumaa.eu\/index.php?rest_route=\/wp\/v2\/types\/page"}],"author":[{"embeddable":true,"href":"https:\/\/kodukantharjumaa.eu\/index.php?rest_route=\/wp\/v2\/users\/7"}],"replies":[{"embeddable":true,"href":"https:\/\/kodukantharjumaa.eu\/index.php?rest_route=%2Fwp%2Fv2%2Fcomments&post=569"}],"version-history":[{"count":5,"href":"https:\/\/kodukantharjumaa.eu\/index.php?rest_route=\/wp\/v2\/pages\/569\/revisions"}],"predecessor-version":[{"id":6329,"href":"https:\/\/kodukantharjumaa.eu\/index.php?rest_route=\/wp\/v2\/pages\/569\/revisions\/6329"}],"wp:attachment":[{"href":"https:\/\/kodukantharjumaa.eu\/index.php?rest_route=%2Fwp%2Fv2%2Fmedia&parent=569"}],"curies":[{"name":"wp","href":"https:\/\/api.w.org\/{rel}","templated":true}]}}