{"id":6036,"date":"2026-04-08T16:51:37","date_gmt":"2026-04-08T16:51:37","guid":{"rendered":"https:\/\/kodukantharjumaa.eu\/?page_id=6036"},"modified":"2026-04-08T19:48:55","modified_gmt":"2026-04-08T19:48:55","slug":"aasta-kula-2026","status":"publish","type":"page","link":"https:\/\/kodukantharjumaa.eu\/?page_id=6036","title":{"rendered":"Aasta k\u00fcla 2026"},"content":{"rendered":"\t\t<div data-elementor-type=\"wp-page\" data-elementor-id=\"6036\" class=\"elementor elementor-6036\">\n\t\t\t\t<div class=\"elementor-element elementor-element-4401a59 e-con-full e-flex e-con e-parent\" data-id=\"4401a59\" data-element_type=\"container\">\n\t\t\t\t<div class=\"elementor-element elementor-element-594d672 elementor-widget elementor-widget-text-editor\" data-id=\"594d672\" data-element_type=\"widget\" data-widget_type=\"text-editor.default\">\n\t\t\t\t<div class=\"elementor-widget-container\">\n\t\t\t\t\t\t\t<p class=\"isSelectedEnd\"><strong>Aasta k\u00fcla 2026 konkurss on avatud!<\/strong><\/p><p class=\"isSelectedEnd\">Alates 10. aprillist on avatud Aasta k\u00fcla konkurss, kuhu oodatakse osalema k\u00f5iki tegusaid ja oman\u00e4olisi k\u00fclasid, alevikke ja k\u00fclade piirkondi \u00fcle kogu Harjumaa.<\/p><p class=\"isSelectedEnd\">Konkursi eesm\u00e4rk on tunnustada k\u00fclasid ja alevikke, kus v\u00e4\u00e4rtustatakse kogukonnatunnet, hoitakse elus kohalikke traditsioone ning panustatakse aktiivselt elukeskkonna arengusse. Aasta k\u00fcla tiitel toob esile kogukonnad, kus inimesed tegutsevad \u00fchiselt ja loovad inspireerivat eeskuju teistele.<\/p><p class=\"isSelectedEnd\">Kutsume k\u00f5iki Harjumaa k\u00fclasid konkursist osa v\u00f5tma ja oma lugu ning teekonda jagama!<\/p><p class=\"isSelectedEnd\"><strong>Avaldusi saab esitada kuni 10.mai 2026.<\/strong> Avaldus on leitav <a href=\"https:\/\/kodukantharjumaa.eu\/wp-content\/uploads\/2026\/04\/Aasta-kula-ankeet-2026.docx\"><span style=\"text-decoration: underline;\">siit<\/span><\/a><\/p><p>T\u00e4idetud avaldus palume saata: <strong>kkharjumaa@gmail.com<\/strong><\/p><p><strong>Lisainfo:<\/strong><br \/>Moonika Aasna \/ tel: 55530506 \/ kkharjumaa@gmail.com<\/p>\t\t\t\t\t\t<\/div>\n\t\t\t\t<\/div>\n\t\t\t\t<\/div>\n\t\t<div class=\"elementor-element elementor-element-dfd3c9e e-flex e-con-boxed e-con e-parent\" data-id=\"dfd3c9e\" data-element_type=\"container\">\n\t\t\t\t\t<div class=\"e-con-inner\">\n\t\t\t\t<div class=\"elementor-element elementor-element-3e6423d elementor-widget elementor-widget-text-editor\" data-id=\"3e6423d\" data-element_type=\"widget\" data-widget_type=\"text-editor.default\">\n\t\t\t\t<div class=\"elementor-widget-container\">\n\t\t\t\t\t\t\t<p><a href=\"https:\/\/kodukantharjumaa.eu\/?page_id=317\">Aasta k\u00fcla 2024<\/a><\/p>\t\t\t\t\t\t<\/div>\n\t\t\t\t<\/div>\n\t\t\t\t\t<\/div>\n\t\t\t\t<\/div>\n\t\t<div class=\"elementor-element elementor-element-0b28afa e-flex e-con-boxed e-con e-parent\" data-id=\"0b28afa\" data-element_type=\"container\">\n\t\t\t\t\t<div class=\"e-con-inner\">\n\t\t\t\t<div class=\"elementor-element elementor-element-68e1a25 elementor-widget elementor-widget-image\" data-id=\"68e1a25\" data-element_type=\"widget\" data-widget_type=\"image.default\">\n\t\t\t\t<div class=\"elementor-widget-container\">\n\t\t\t\t\t\t\t\t\t\t\t\t\t\t<a href=\"https:\/\/kodukantharjumaa.eu\/?page_id=317\" target=\"_blank\">\n\t\t\t\t\t\t\t<img fetchpriority=\"high\" decoding=\"async\" width=\"300\" height=\"300\" src=\"https:\/\/kodukantharjumaa.eu\/wp-content\/uploads\/2026\/04\/AASTa_Kula_labipaistev_png-01-300x300.png\" class=\"attachment-medium size-medium wp-image-5806\" alt=\"\" srcset=\"https:\/\/kodukantharjumaa.eu\/wp-content\/uploads\/2026\/04\/AASTa_Kula_labipaistev_png-01-300x300.png 300w, https:\/\/kodukantharjumaa.eu\/wp-content\/uploads\/2026\/04\/AASTa_Kula_labipaistev_png-01-1024x1022.png 1024w, https:\/\/kodukantharjumaa.eu\/wp-content\/uploads\/2026\/04\/AASTa_Kula_labipaistev_png-01-150x150.png 150w, https:\/\/kodukantharjumaa.eu\/wp-content\/uploads\/2026\/04\/AASTa_Kula_labipaistev_png-01-768x766.png 768w, https:\/\/kodukantharjumaa.eu\/wp-content\/uploads\/2026\/04\/AASTa_Kula_labipaistev_png-01-1536x1533.png 1536w, https:\/\/kodukantharjumaa.eu\/wp-content\/uploads\/2026\/04\/AASTa_Kula_labipaistev_png-01-2048x2044.png 2048w\" sizes=\"(max-width: 300px) 100vw, 300px\" \/>\t\t\t\t\t\t\t\t<\/a>\n\t\t\t\t\t\t\t\t\t\t\t\t\t<\/div>\n\t\t\t\t<\/div>\n\t\t\t\t\t<\/div>\n\t\t\t\t<\/div>\n\t\t\t\t<\/div>\n\t\t","protected":false},"excerpt":{"rendered":"<p>Aasta k\u00fcla 2026 konkurss on avatud! Alates 10. aprillist on avatud Aasta k\u00fcla konkurss, kuhu oodatakse osalema k\u00f5iki tegusaid ja oman\u00e4olisi k\u00fclasid, alevikke ja k\u00fclade piirkondi \u00fcle kogu Harjumaa. Konkursi eesm\u00e4rk on tunnustada k\u00fclasid ja alevikke, kus v\u00e4\u00e4rtustatakse kogukonnatunnet, hoitakse elus kohalikke traditsioone ning panustatakse aktiivselt elukeskkonna arengusse. Aasta k\u00fcla tiitel toob esile kogukonnad, kus &hellip; <a href=\"https:\/\/kodukantharjumaa.eu\/?page_id=6036\" class=\"more-link\">Continue reading <span class=\"screen-reader-text\">Aasta k\u00fcla 2026<\/span> <span class=\"meta-nav\">&rarr;<\/span><\/a><\/p>\n","protected":false},"author":7,"featured_media":0,"parent":0,"menu_order":0,"comment_status":"closed","ping_status":"closed","template":"","meta":{"footnotes":""},"class_list":["post-6036","page","type-page","status-publish","hentry"],"_links":{"self":[{"href":"https:\/\/kodukantharjumaa.eu\/index.php?rest_route=\/wp\/v2\/pages\/6036"}],"collection":[{"href":"https:\/\/kodukantharjumaa.eu\/index.php?rest_route=\/wp\/v2\/pages"}],"about":[{"href":"https:\/\/kodukantharjumaa.eu\/index.php?rest_route=\/wp\/v2\/types\/page"}],"author":[{"embeddable":true,"href":"https:\/\/kodukantharjumaa.eu\/index.php?rest_route=\/wp\/v2\/users\/7"}],"replies":[{"embeddable":true,"href":"https:\/\/kodukantharjumaa.eu\/index.php?rest_route=%2Fwp%2Fv2%2Fcomments&post=6036"}],"version-history":[{"count":28,"href":"https:\/\/kodukantharjumaa.eu\/index.php?rest_route=\/wp\/v2\/pages\/6036\/revisions"}],"predecessor-version":[{"id":6162,"href":"https:\/\/kodukantharjumaa.eu\/index.php?rest_route=\/wp\/v2\/pages\/6036\/revisions\/6162"}],"wp:attachment":[{"href":"https:\/\/kodukantharjumaa.eu\/index.php?rest_route=%2Fwp%2Fv2%2Fmedia&parent=6036"}],"curies":[{"name":"wp","href":"https:\/\/api.w.org\/{rel}","templated":true}]}}