{"id":6101,"date":"2026-04-08T18:29:22","date_gmt":"2026-04-08T18:29:22","guid":{"rendered":"https:\/\/kodukantharjumaa.eu\/?page_id=6101"},"modified":"2026-04-08T18:35:45","modified_gmt":"2026-04-08T18:35:45","slug":"ton-taiskasvanud-oppija-nadal","status":"publish","type":"page","link":"https:\/\/kodukantharjumaa.eu\/?page_id=6101","title":{"rendered":"T\u00d5N &#8211; t\u00e4iskasvanud \u00f5ppija n\u00e4dal"},"content":{"rendered":"\t\t<div data-elementor-type=\"wp-page\" data-elementor-id=\"6101\" class=\"elementor elementor-6101\">\n\t\t\t\t<div class=\"elementor-element elementor-element-1e651ee e-flex e-con-boxed e-con e-parent\" data-id=\"1e651ee\" data-element_type=\"container\">\n\t\t\t\t\t<div class=\"e-con-inner\">\n\t\t\t\t<div class=\"elementor-element elementor-element-bdad1e1 elementor-widget elementor-widget-image\" data-id=\"bdad1e1\" data-element_type=\"widget\" data-widget_type=\"image.default\">\n\t\t\t\t<div class=\"elementor-widget-container\">\n\t\t\t\t\t\t\t\t\t\t\t\t\t<img fetchpriority=\"high\" decoding=\"async\" width=\"604\" height=\"365\" src=\"https:\/\/kodukantharjumaa.eu\/wp-content\/uploads\/2026\/04\/t6n_kuubikud-1170x707-1-1024x619.png\" class=\"attachment-large size-large wp-image-5771\" alt=\"\" srcset=\"https:\/\/kodukantharjumaa.eu\/wp-content\/uploads\/2026\/04\/t6n_kuubikud-1170x707-1-1024x619.png 1024w, https:\/\/kodukantharjumaa.eu\/wp-content\/uploads\/2026\/04\/t6n_kuubikud-1170x707-1-300x181.png 300w, https:\/\/kodukantharjumaa.eu\/wp-content\/uploads\/2026\/04\/t6n_kuubikud-1170x707-1-768x464.png 768w, https:\/\/kodukantharjumaa.eu\/wp-content\/uploads\/2026\/04\/t6n_kuubikud-1170x707-1.png 1170w\" sizes=\"(max-width: 604px) 100vw, 604px\" \/>\t\t\t\t\t\t\t\t\t\t\t\t\t<\/div>\n\t\t\t\t<\/div>\n\t\t\t\t\t<\/div>\n\t\t\t\t<\/div>\n\t\t<div class=\"elementor-element elementor-element-7675369 e-flex e-con-boxed e-con e-parent\" data-id=\"7675369\" data-element_type=\"container\">\n\t\t\t\t\t<div class=\"e-con-inner\">\n\t\t\t\t<div class=\"elementor-element elementor-element-12b212d elementor-widget elementor-widget-text-editor\" data-id=\"12b212d\" data-element_type=\"widget\" data-widget_type=\"text-editor.default\">\n\t\t\t\t<div class=\"elementor-widget-container\">\n\t\t\t\t\t\t\t<h3><strong>T\u00d5N 2026<\/strong><\/h3><div><strong> 14. oktoobrist \u2013 25. oktoobrini toimub traditsiooniline t\u00e4iskasvanud \u00f5ppija n\u00e4dal (T\u00d5N)<\/strong>, mida koordineerib ETKA Andras koost\u00f6\u00f6s Haridus- ja Teadusministeeriumiga. T\u00d5Ni raames toimub erinevates Eestimaa paigus arvukalt t\u00e4iskasvanuharidust populariseerivaid ning \u00f5ppimisv\u00f5imalusi tutvustavaid tegevusi. T\u00e4histatakse elukestvas \u00f5ppes osalemist ja tunnustatakse inimeste\u00a0 \u00f5ppimisalaseid saavutusi ning kohalikes\u00a0omavalitsustes toimunud \u00f5pitegusid.<br \/>Vaata T\u00d5Ni s\u00fcndmuste kalendrit <a href=\"https:\/\/andras.ee\/taiskasvanud-oppija-nadal-ton\/\">siit:<\/a><\/div>\t\t\t\t\t\t<\/div>\n\t\t\t\t<\/div>\n\t\t\t\t\t<\/div>\n\t\t\t\t<\/div>\n\t\t<div class=\"elementor-element elementor-element-fbebb9e e-flex e-con-boxed e-con e-parent\" data-id=\"fbebb9e\" data-element_type=\"container\">\n\t\t\t\t\t<div class=\"e-con-inner\">\n\t\t\t\t<div class=\"elementor-element elementor-element-f444a3d elementor-widget-divider--view-line elementor-widget elementor-widget-divider\" data-id=\"f444a3d\" data-element_type=\"widget\" data-widget_type=\"divider.default\">\n\t\t\t\t<div class=\"elementor-widget-container\">\n\t\t\t\t\t<div class=\"elementor-divider\">\n\t\t\t<span class=\"elementor-divider-separator\">\n\t\t\t\t\t\t<\/span>\n\t\t<\/div>\n\t\t\t\t<\/div>\n\t\t\t\t<\/div>\n\t\t\t\t\t<\/div>\n\t\t\t\t<\/div>\n\t\t<div class=\"elementor-element elementor-element-4f15d96 e-flex e-con-boxed e-con e-parent\" data-id=\"4f15d96\" data-element_type=\"container\">\n\t\t\t\t\t<div class=\"e-con-inner\">\n\t\t\t\t<div class=\"elementor-element elementor-element-6c22a62 elementor-widget elementor-widget-text-editor\" data-id=\"6c22a62\" data-element_type=\"widget\" data-widget_type=\"text-editor.default\">\n\t\t\t\t<div class=\"elementor-widget-container\">\n\t\t\t\t\t\t\t<div><strong>T\u00e4iskasvanud \u00d5ppija N\u00e4dala (T\u00d5N) <\/strong>eestvedajaks aastatel 2018-2022 oli Kodukant Harjumaa.<br \/>Alates 2023. aastast tegutseb t\u00e4iskasvanuhariduse koordinaatorina maakonnas Aira J\u00f5\u00f5ts Raasiku raamatukogust.<\/div><div>\u00a0<\/div><p>T\u00e4iskasvanuhariduse tegevuste ja T\u00d5N korralduse elluviijaks Eestis on\u00a0 ETKA Andras koost\u00f6\u00f6s Haridus- ja Teadusministeeriumiga.<\/p><p>Perioodil 2015-2023 viis Haridus- ja Teadusministeerium<strong>\u00a0<\/strong>ellu Euroopa Sotsiaalfondi projekti\u00a0<a href=\"https:\/\/andras.ee\/esf-2015-2023-taiskasvanuhariduse-edendamine-ja-oppimisvoimaluste-avardamine-0\/\">\u201cT\u00e4iskasvanuhariduse edendamine ja \u00f5ppimisv\u00f5imaluste avardamine\u201d.<\/a><\/p><p><span style=\"color: #f57d00;\"><b>INFOKANALID T\u00c4ISKASVANUD \u00d5PPIJALE:<\/b><\/span><\/p><p><a href=\"http:\/\/andras.ee\/et\/oppijale\">Eesti T\u00e4iskasvanute Koolitajate Assotsiatsioon<\/a><\/p><p><a href=\"https:\/\/tg.edu.ee\/\" target=\"_blank\" rel=\"noopener\">Tallinna T\u00e4sikasvanute G\u00fcmnaasium<\/a><\/p><p>Vaata, j\u00e4lgi, lisa meeldivaks\u00a0<span style=\"font-weight: bold;\"><a href=\"https:\/\/www.facebook.com\/profile.php?id=100091497297055\">\u00d5ppiv Harjumaa Facebookis<\/a><\/span><\/p>\t\t\t\t\t\t<\/div>\n\t\t\t\t<\/div>\n\t\t\t\t\t<\/div>\n\t\t\t\t<\/div>\n\t\t<div class=\"elementor-element elementor-element-1344503 e-flex e-con-boxed e-con e-parent\" data-id=\"1344503\" data-element_type=\"container\">\n\t\t\t\t\t<div class=\"e-con-inner\">\n\t\t<div class=\"elementor-element elementor-element-429f6bb e-con-full e-flex e-con e-child\" data-id=\"429f6bb\" data-element_type=\"container\">\n\t\t\t\t<div class=\"elementor-element elementor-element-b60de47 elementor-widget elementor-widget-image\" data-id=\"b60de47\" data-element_type=\"widget\" data-widget_type=\"image.default\">\n\t\t\t\t<div class=\"elementor-widget-container\">\n\t\t\t\t\t\t\t\t\t\t\t\t\t<img decoding=\"async\" width=\"150\" height=\"150\" src=\"https:\/\/kodukantharjumaa.eu\/wp-content\/uploads\/2026\/04\/Elukestva-oppe-puu-istutamine-150x150-1.jpg\" class=\"attachment-large size-large wp-image-5746\" alt=\"\" \/>\t\t\t\t\t\t\t\t\t\t\t\t\t<\/div>\n\t\t\t\t<\/div>\n\t\t\t\t<\/div>\n\t\t<div class=\"elementor-element elementor-element-5957454 e-con-full e-flex e-con e-child\" data-id=\"5957454\" data-element_type=\"container\">\n\t\t\t\t<div class=\"elementor-element elementor-element-128f1d1 elementor-widget elementor-widget-text-editor\" data-id=\"128f1d1\" data-element_type=\"widget\" data-widget_type=\"text-editor.default\">\n\t\t\t\t<div class=\"elementor-widget-container\">\n\t\t\t\t\t\t\t<p>Harjumaa tunnustuss\u00fcndmusel 13.10.2021 istutati Raasikule maakonna elukestva \u00f5ppe puu, pihlakas.<\/p>\t\t\t\t\t\t<\/div>\n\t\t\t\t<\/div>\n\t\t\t\t<\/div>\n\t\t\t\t\t<\/div>\n\t\t\t\t<\/div>\n\t\t<div class=\"elementor-element elementor-element-bc8ee72 e-flex e-con-boxed e-con e-parent\" data-id=\"bc8ee72\" data-element_type=\"container\">\n\t\t\t\t\t<div class=\"e-con-inner\">\n\t\t\t\t<div class=\"elementor-element elementor-element-c3f442f elementor-widget elementor-widget-text-editor\" data-id=\"c3f442f\" data-element_type=\"widget\" data-widget_type=\"text-editor.default\">\n\t\t\t\t<div class=\"elementor-widget-container\">\n\t\t\t\t\t\t\t<p><strong>2022. aasta Harjumaa laureaadid:<br \/><\/strong>Aasta \u00f5ppija &#8211; Age Saks<br \/>Aasta koolitaja &#8211; Siiri Einaste<br \/>Aasta \u00f5ppijas\u00f5bralikum organisatsioon &#8211;\u00a0Raasiku valla raamatukogu<br \/>Aasta \u00f5pitegu &#8211; kodanike kriisikoolitus\/ Saku naiskodukaitse<\/p><p><strong>2021. aasta Harjumaa laureaadid:<\/strong><br \/>Aasta \u00f5ppija ja \u00fcle-eestilise h\u00e4\u00e4letuse rahva lemmik-\u00a0<a href=\"https:\/\/www.youtube.com\/watch?v=3qoU-NnBUNk\">Aira J\u00f5\u00f5ts<\/a><br \/>Aasta koolitaja &#8211;\u00a0<a href=\"https:\/\/andras.ee\/et\/ilona-saalik-harjumaa\">Ilona S\u00e4\u00e4lik<\/a><br \/>Aasta \u00f5ppijas\u00f5bralikum organisatsioon &#8211; Kiili G\u00fcmnaasium<br \/>Aasta \u00f5pitegu &#8211;\u00a0<a href=\"https:\/\/andras.ee\/et\/lahemaa-giidide-koolitus-harjumaa\">Lahemaa giidikoolitus<\/a>\/ MT\u00dc Lahemaa Turismi\u00fching<\/p><p><strong>2020. aasta Harjumaa laureaadid<\/strong>:<br \/>Aasta \u00f5ppija- Rutt Veide<br \/>Aasta koolitaja- Priit Kuuskme<br \/>Aasta \u00f5ppijas\u00f5bralikum organisatsioon- J\u00e4rvek\u00fcla kool<br \/>Aasta \u00f5pitegu &#8211; J\u00fcri G\u00fcmnaasiumi \u00f5pikogukonnad<\/p><p><strong>2019. aasta Harjumaa laureaadid<\/strong><br \/>Aasta \u00f5ppija\u00a0 &#8211; Brenda Edovald<br \/>Aasta \u00f5pitegu &#8211;\u00a0<a href=\"https:\/\/www.youtube.com\/watch?v=44OCZQOqFjQ&amp;utm_source=newsletter&amp;utm_medium=email&amp;utm_campaign=infokiri_nr_4&amp;utm_term=2020-09-29\"><strong>Harjumaa giidi\u00f5pe<\/strong>\u00a0(ka \u00fcle-eestiline \u00f5piteo laureaat!)<\/a><\/p><p><strong>2018. aasta Harjumaa laureaadid<\/strong><br \/><a href=\"https:\/\/andras.ee\/node\/2604\">Aasta \u00f5ppija\u00a0 \u2013 Tuuliki Kupper,\u00a0 Ida-Tallinna Keskhaigla abi\u00f5de<\/a><br \/>Aasta koolitaja\u00a0 \u2013 Katrin Alujev, Katrin Alujev O\u00dc\/Elamise kergus<br \/>Aasta \u00f5pitegu\u00a0 &#8211; \u00c4\u00e4sm\u00e4e k\u00fclakogu 11 inimese pagar-kondiitri koolitus<br \/>Aasta \u00f5ppijas\u00f5bralikum t\u00f6\u00f6andja &#8211; Saue Production O\u00dc<\/p><p><strong><a href=\"http:\/\/www.harjuelu.ee\/galleries\/harjumaa-aasta-oppija-gala-tallinnas-24-10-2018-fotod-andres-tohver\/\">FOTOGALERII 2018.a. TUNNUSTUSS\u00dcNDMUSEST<\/a><\/strong><br \/><strong><a href=\"http:\/\/www.harjuelu.ee\/aasta-oppijaks-valiti-haigla-abiode\/\">Artikkel ajalehes Harju Elu 26.10.2018<\/a><\/strong><\/p><p><strong>2017. aasta Harjumaa laureaadid:<\/strong><br \/>Aasta \u00f5ppija &#8211; Laura Telling, ringijuhendaja Saku Huvikeskuses<br \/>Aasta koolitaja &#8211; Maret Lepiksaar, Harjumaa Ettev\u00f5tlus- ja Arenduskeskuse konsultant<br \/>Aasta koolituss\u00f5bralikum organisatsioon- Viimsi vallavalitsus<br \/>Aasta \u00f5pitegu &#8211; Keila v\u00e4\u00e4rikate \u00fclikool<br \/>Aasta raamatukogu &#8211; Saue linna raamatukogu<\/p>\t\t\t\t\t\t<\/div>\n\t\t\t\t<\/div>\n\t\t\t\t\t<\/div>\n\t\t\t\t<\/div>\n\t\t\t\t<\/div>\n\t\t","protected":false},"excerpt":{"rendered":"<p>T\u00d5N 2026 14. oktoobrist \u2013 25. oktoobrini toimub traditsiooniline t\u00e4iskasvanud \u00f5ppija n\u00e4dal (T\u00d5N), mida koordineerib ETKA Andras koost\u00f6\u00f6s Haridus- ja Teadusministeeriumiga. T\u00d5Ni raames toimub erinevates Eestimaa paigus arvukalt t\u00e4iskasvanuharidust populariseerivaid ning \u00f5ppimisv\u00f5imalusi tutvustavaid tegevusi. T\u00e4histatakse elukestvas \u00f5ppes osalemist ja tunnustatakse inimeste\u00a0 \u00f5ppimisalaseid saavutusi ning kohalikes\u00a0omavalitsustes toimunud \u00f5pitegusid.Vaata T\u00d5Ni s\u00fcndmuste kalendrit siit: T\u00e4iskasvanud \u00d5ppija N\u00e4dala (T\u00d5N) &hellip; <a href=\"https:\/\/kodukantharjumaa.eu\/?page_id=6101\" class=\"more-link\">Continue reading <span class=\"screen-reader-text\">T\u00d5N &#8211; t\u00e4iskasvanud \u00f5ppija n\u00e4dal<\/span> <span class=\"meta-nav\">&rarr;<\/span><\/a><\/p>\n","protected":false},"author":7,"featured_media":0,"parent":0,"menu_order":0,"comment_status":"closed","ping_status":"closed","template":"","meta":{"footnotes":""},"class_list":["post-6101","page","type-page","status-publish","hentry"],"_links":{"self":[{"href":"https:\/\/kodukantharjumaa.eu\/index.php?rest_route=\/wp\/v2\/pages\/6101"}],"collection":[{"href":"https:\/\/kodukantharjumaa.eu\/index.php?rest_route=\/wp\/v2\/pages"}],"about":[{"href":"https:\/\/kodukantharjumaa.eu\/index.php?rest_route=\/wp\/v2\/types\/page"}],"author":[{"embeddable":true,"href":"https:\/\/kodukantharjumaa.eu\/index.php?rest_route=\/wp\/v2\/users\/7"}],"replies":[{"embeddable":true,"href":"https:\/\/kodukantharjumaa.eu\/index.php?rest_route=%2Fwp%2Fv2%2Fcomments&post=6101"}],"version-history":[{"count":4,"href":"https:\/\/kodukantharjumaa.eu\/index.php?rest_route=\/wp\/v2\/pages\/6101\/revisions"}],"predecessor-version":[{"id":6107,"href":"https:\/\/kodukantharjumaa.eu\/index.php?rest_route=\/wp\/v2\/pages\/6101\/revisions\/6107"}],"wp:attachment":[{"href":"https:\/\/kodukantharjumaa.eu\/index.php?rest_route=%2Fwp%2Fv2%2Fmedia&parent=6101"}],"curies":[{"name":"wp","href":"https:\/\/api.w.org\/{rel}","templated":true}]}}