{"id":6353,"date":"2026-04-09T12:47:08","date_gmt":"2026-04-09T12:47:08","guid":{"rendered":"https:\/\/kodukantharjumaa.eu\/?page_id=6353"},"modified":"2026-04-09T13:07:20","modified_gmt":"2026-04-09T13:07:20","slug":"maapaev-2015","status":"publish","type":"page","link":"https:\/\/kodukantharjumaa.eu\/?page_id=6353","title":{"rendered":"Maap\u00e4ev 2015"},"content":{"rendered":"\t\t<div data-elementor-type=\"wp-page\" data-elementor-id=\"6353\" class=\"elementor elementor-6353\">\n\t\t\t\t<div class=\"elementor-element elementor-element-0f61b17 e-con-full e-flex e-con e-parent\" data-id=\"0f61b17\" data-element_type=\"container\">\n\t\t\t\t<div class=\"elementor-element elementor-element-6f0be7c elementor-widget elementor-widget-text-editor\" data-id=\"6f0be7c\" data-element_type=\"widget\" data-widget_type=\"text-editor.default\">\n\t\t\t\t<div class=\"elementor-widget-container\">\n\t\t\t\t\t\t\t<h4>XI Maap\u00e4ev 7.\u20139. august 2015, S\u00e4revere, J\u00e4rvamaa<\/h4>\n<p class=\"quote-line\">\u201cKuulakem, k\u00fclad k\u00f5nelevad!\u201d<\/p>\n<p>Maap\u00e4eva k\u00fclastas ligi 380 k\u00fclalist. Esimesel p\u00e4eval olid maakonna delegatsioonid oodatud <a href=\"https:\/\/kodukant.ee\/wp-content\/uploads\/2023\/11\/Jarvamaa-kulade-avatud-uste-paevad-7-08-2015-1.pdf\" target=\"_blank\" rel=\"noopener\">J\u00e4rvamaa valdadesse<\/a>. Kuulutati v\u00e4lja <strong>Aasta k\u00fcla<\/strong>, mille p\u00e4lvis Leedri k\u00fcla Saaremaalt. Laup\u00e4eva varahommik suunas maap\u00e4evalised ideeretkedele, kust v\u00f5eti m\u00f5tteid p\u00e4rastl\u00f5unastesse k\u00e4rgedesse teemadel: t\u00f6\u00f6h\u00f5ive, \u00f5ppiv k\u00fcla, turvalisus, k\u00fcla- ja linnakogukondade koost\u00f6\u00f6 ning Euroopa Liidu m\u00f5ju k\u00fclas.<\/p>\n<p><strong>K\u00e4rajad viies k\u00e4rjes<\/strong> panid kaasa m\u00f5tlema ning t\u00f5id v\u00e4lja maakogukondade jaoks olulisimad kitsaskohad.<\/p>\n<p>P\u00fchap\u00e4eval hoidsid elevust <a href=\"https:\/\/kodukant.ee\/wp-content\/uploads\/2023\/11\/2015-Maapaeva-Elav-Raamatukogu.pdf\" target=\"_blank\" rel=\"noopener\">Elav raamatukogu<\/a>, t\u00f6\u00f6toad jm.&nbsp;Selle aasta kogukondade <a href=\"https:\/\/kodukant.ee\/wp-content\/uploads\/2023\/11\/20015-Eesti-kulakogukondade-sonum.pdf\" target=\"_blank\" rel=\"noopener\">s\u00f5num Eesti riigijuhtidele ja avalikkusele<\/a>.<\/p>\t\t\t\t\t\t<\/div>\n\t\t\t\t<\/div>\n\t\t\t\t<\/div>\n\t\t\t\t<\/div>\n\t\t","protected":false},"excerpt":{"rendered":"<p>XI Maap\u00e4ev 7.\u20139. august 2015, S\u00e4revere, J\u00e4rvamaa \u201cKuulakem, k\u00fclad k\u00f5nelevad!\u201d Maap\u00e4eva k\u00fclastas ligi 380 k\u00fclalist. Esimesel p\u00e4eval olid maakonna delegatsioonid oodatud J\u00e4rvamaa valdadesse. Kuulutati v\u00e4lja Aasta k\u00fcla, mille p\u00e4lvis Leedri k\u00fcla Saaremaalt. Laup\u00e4eva varahommik suunas maap\u00e4evalised ideeretkedele, kust v\u00f5eti m\u00f5tteid p\u00e4rastl\u00f5unastesse k\u00e4rgedesse teemadel: t\u00f6\u00f6h\u00f5ive, \u00f5ppiv k\u00fcla, turvalisus, k\u00fcla- ja linnakogukondade koost\u00f6\u00f6 ning Euroopa Liidu m\u00f5ju &hellip; <a href=\"https:\/\/kodukantharjumaa.eu\/?page_id=6353\" class=\"more-link\">Continue reading <span class=\"screen-reader-text\">Maap\u00e4ev 2015<\/span> <span class=\"meta-nav\">&rarr;<\/span><\/a><\/p>\n","protected":false},"author":7,"featured_media":0,"parent":0,"menu_order":0,"comment_status":"closed","ping_status":"closed","template":"","meta":{"footnotes":""},"class_list":["post-6353","page","type-page","status-publish","hentry"],"_links":{"self":[{"href":"https:\/\/kodukantharjumaa.eu\/index.php?rest_route=\/wp\/v2\/pages\/6353"}],"collection":[{"href":"https:\/\/kodukantharjumaa.eu\/index.php?rest_route=\/wp\/v2\/pages"}],"about":[{"href":"https:\/\/kodukantharjumaa.eu\/index.php?rest_route=\/wp\/v2\/types\/page"}],"author":[{"embeddable":true,"href":"https:\/\/kodukantharjumaa.eu\/index.php?rest_route=\/wp\/v2\/users\/7"}],"replies":[{"embeddable":true,"href":"https:\/\/kodukantharjumaa.eu\/index.php?rest_route=%2Fwp%2Fv2%2Fcomments&post=6353"}],"version-history":[{"count":7,"href":"https:\/\/kodukantharjumaa.eu\/index.php?rest_route=\/wp\/v2\/pages\/6353\/revisions"}],"predecessor-version":[{"id":6377,"href":"https:\/\/kodukantharjumaa.eu\/index.php?rest_route=\/wp\/v2\/pages\/6353\/revisions\/6377"}],"wp:attachment":[{"href":"https:\/\/kodukantharjumaa.eu\/index.php?rest_route=%2Fwp%2Fv2%2Fmedia&parent=6353"}],"curies":[{"name":"wp","href":"https:\/\/api.w.org\/{rel}","templated":true}]}}