{"id":6355,"date":"2026-04-09T12:47:32","date_gmt":"2026-04-09T12:47:32","guid":{"rendered":"https:\/\/kodukantharjumaa.eu\/?page_id=6355"},"modified":"2026-04-09T13:11:14","modified_gmt":"2026-04-09T13:11:14","slug":"maapaev-2013","status":"publish","type":"page","link":"https:\/\/kodukantharjumaa.eu\/?page_id=6355","title":{"rendered":"Maap\u00e4ev 2013"},"content":{"rendered":"\t\t<div data-elementor-type=\"wp-page\" data-elementor-id=\"6355\" class=\"elementor elementor-6355\">\n\t\t\t\t<div class=\"elementor-element elementor-element-7298d65 e-con-full e-flex e-con e-parent\" data-id=\"7298d65\" data-element_type=\"container\">\n\t\t\t\t<div class=\"elementor-element elementor-element-4e10acb elementor-widget elementor-widget-text-editor\" data-id=\"4e10acb\" data-element_type=\"widget\" data-widget_type=\"text-editor.default\">\n\t\t\t\t<div class=\"elementor-widget-container\">\n\t\t\t\t\t\t\t<h4 class=\"elementor-image-box-title\">X Maap\u00e4ev 9.\u201311. august 2013, M\u00e4ndjala, Saaremaa<\/h4>\n\n<p class=\"elementor-image-box-description\">Maap\u00e4eva teema &#8220;Aastaring k\u00fclas&#8221; viis osalejad ideeretkedele Saaremaa k\u00fcladesse. Keskenduti teemadele, kuidas leida aastaringselt tegevust k\u00fclaelanikele, ettev\u00f5tjatele, vaba\u00fchendustele. Retkelt saabuti tagasi uute ideede ja lahendustega, mis toetavad k\u00fclaelu j\u00e4tkusuutlikkust ning maaelu v\u00e4\u00e4rtuste edasikandmist.<\/p>\n\n<p class=\"elementor-image-box-description\">Logo s\u00fcmboliseerib ruuporit, mis viitab k\u00e4esoleva aasta Maap\u00e4eva peateemale \u201eKuulakem, k\u00fclad k\u00f5nelevad!\u201d.<\/p>\n\n<p class=\"elementor-image-box-description\">Kujundusdetailidena on kasutatud T\u00fcri seelikutriipe ning Eesti K\u00fclaliikumine Kodukant logo. Eesti K\u00fclade XI Maap\u00e4eva logokonkursi v\u00f5idut\u00f6\u00f6 autoriks on Silva Anspal.<\/p>\t\t\t\t\t\t<\/div>\n\t\t\t\t<\/div>\n\t\t\t\t<\/div>\n\t\t<div class=\"elementor-element elementor-element-e83ef42 e-flex e-con-boxed e-con e-parent\" data-id=\"e83ef42\" data-element_type=\"container\">\n\t\t\t\t\t<div class=\"e-con-inner\">\n\t\t\t\t<div class=\"elementor-element elementor-element-42980b4 elementor-widget elementor-widget-text-editor\" data-id=\"42980b4\" data-element_type=\"widget\" data-widget_type=\"text-editor.default\">\n\t\t\t\t<div class=\"elementor-widget-container\">\n\t\t\t\t\t\t\t<div class=\"quote-box\">\n\n<p><strong><em>Kai Krabo:<\/em><\/strong><\/p>\n\n<p><em>\u201eSee oli minu esimene Maap\u00e4ev. Korraldamise ja t\u00f6\u00f6toa ettevalmistamise k\u00f5rval j\u00e4\u00e4b mulle k\u00f5ige enam meelde avamine ja \u00f5htused meelelahutusprogrammid, kus emotsioonid olid nii v\u00f5imsad, eriti Aasta K\u00fcla v\u00e4ljakuulutamine \u2013 see oli lihtsalt v\u00e4gev. T\u00f6\u00f6tubades arutatu p\u00f5hjal on hea edasi t\u00f6\u00f6tada kindla eesm\u00e4rgi nimel, teades n\u00fc\u00fcd t\u00e4pselt, mida k\u00fclaliikumine ootab Liikumiselt Kodukant.\u201d<\/em><\/p>\n\n<\/div>\t\t\t\t\t\t<\/div>\n\t\t\t\t<\/div>\n\t\t\t\t\t<\/div>\n\t\t\t\t<\/div>\n\t\t\t\t<\/div>\n\t\t","protected":false},"excerpt":{"rendered":"<p>X Maap\u00e4ev 9.\u201311. august 2013, M\u00e4ndjala, Saaremaa Maap\u00e4eva teema &#8220;Aastaring k\u00fclas&#8221; viis osalejad ideeretkedele Saaremaa k\u00fcladesse. Keskenduti teemadele, kuidas leida aastaringselt tegevust k\u00fclaelanikele, ettev\u00f5tjatele, vaba\u00fchendustele. Retkelt saabuti tagasi uute ideede ja lahendustega, mis toetavad k\u00fclaelu j\u00e4tkusuutlikkust ning maaelu v\u00e4\u00e4rtuste edasikandmist. Logo s\u00fcmboliseerib ruuporit, mis viitab k\u00e4esoleva aasta Maap\u00e4eva peateemale \u201eKuulakem, k\u00fclad k\u00f5nelevad!\u201d. Kujundusdetailidena on kasutatud &hellip; <a href=\"https:\/\/kodukantharjumaa.eu\/?page_id=6355\" class=\"more-link\">Continue reading <span class=\"screen-reader-text\">Maap\u00e4ev 2013<\/span> <span class=\"meta-nav\">&rarr;<\/span><\/a><\/p>\n","protected":false},"author":7,"featured_media":0,"parent":0,"menu_order":0,"comment_status":"closed","ping_status":"closed","template":"","meta":{"footnotes":""},"class_list":["post-6355","page","type-page","status-publish","hentry"],"_links":{"self":[{"href":"https:\/\/kodukantharjumaa.eu\/index.php?rest_route=\/wp\/v2\/pages\/6355"}],"collection":[{"href":"https:\/\/kodukantharjumaa.eu\/index.php?rest_route=\/wp\/v2\/pages"}],"about":[{"href":"https:\/\/kodukantharjumaa.eu\/index.php?rest_route=\/wp\/v2\/types\/page"}],"author":[{"embeddable":true,"href":"https:\/\/kodukantharjumaa.eu\/index.php?rest_route=\/wp\/v2\/users\/7"}],"replies":[{"embeddable":true,"href":"https:\/\/kodukantharjumaa.eu\/index.php?rest_route=%2Fwp%2Fv2%2Fcomments&post=6355"}],"version-history":[{"count":4,"href":"https:\/\/kodukantharjumaa.eu\/index.php?rest_route=\/wp\/v2\/pages\/6355\/revisions"}],"predecessor-version":[{"id":6382,"href":"https:\/\/kodukantharjumaa.eu\/index.php?rest_route=\/wp\/v2\/pages\/6355\/revisions\/6382"}],"wp:attachment":[{"href":"https:\/\/kodukantharjumaa.eu\/index.php?rest_route=%2Fwp%2Fv2%2Fmedia&parent=6355"}],"curies":[{"name":"wp","href":"https:\/\/api.w.org\/{rel}","templated":true}]}}