{"id":6357,"date":"2026-04-09T12:47:46","date_gmt":"2026-04-09T12:47:46","guid":{"rendered":"https:\/\/kodukantharjumaa.eu\/?page_id=6357"},"modified":"2026-04-09T13:16:10","modified_gmt":"2026-04-09T13:16:10","slug":"maapaev-2011","status":"publish","type":"page","link":"https:\/\/kodukantharjumaa.eu\/?page_id=6357","title":{"rendered":"Maap\u00e4ev 2011"},"content":{"rendered":"\t\t<div data-elementor-type=\"wp-page\" data-elementor-id=\"6357\" class=\"elementor elementor-6357\">\n\t\t\t\t<div class=\"elementor-element elementor-element-cc585dc e-con-full e-flex e-con e-parent\" data-id=\"cc585dc\" data-element_type=\"container\">\n\t\t\t\t<div class=\"elementor-element elementor-element-a007c3c elementor-widget elementor-widget-text-editor\" data-id=\"a007c3c\" data-element_type=\"widget\" data-widget_type=\"text-editor.default\">\n\t\t\t\t<div class=\"elementor-widget-container\">\n\t\t\t\t\t\t\t<h4 class=\"elementor-image-box-title\">IX Maap\u00e4ev, 5.\u20137. august 2011 L\u00e4\u00e4nemaal, Roosta Puhkek\u00fclas<\/h4>\n\n<p class=\"elementor-image-box-description\">Teemaks &#8220;Tagasi koju!&#8221;. Toimus rahvusvaheline konverents &#8220;Maap\u00e4evad \u2013 t\u00f5hus vahend otsustusprotsessides&#8221;. Maap\u00e4eva eel tutvusid v\u00e4lisk\u00fclalised Harju-, Rapla-, J\u00e4rva-, P\u00e4rnu- ja L\u00e4\u00e4nemaa k\u00fclade kogemustega.<\/p>\n\n<p class=\"elementor-image-box-description\">Maap\u00e4eva peateema &#8220;Tagasi koju!&#8221; raames tegid maap\u00e4evalised ettepanekuid \u00fcheksas m\u00f5ttekojas: koost\u00f6\u00f6 kohaliku omavalitsusega, kaasamine otsustusprotsessidesse, kohalik toit, v\u00e4ikeettev\u00f5tlus maapiirkonnas, lugude t\u00e4hendus kogukonnas, ajaloop\u00e4randi hoidmine k\u00fclas, \u00f5ppiv k\u00fcla, kogukonna areng k\u00fclas ja elu rannak\u00fclas.<\/p>\n\n<p class=\"elementor-image-box-description\">T\u00f5deti, et k\u00f5ige kiiremini saab ellu viia neid ideid ja plaane, mida saab koos k\u00fclarahvaga ise teha. Oma kogukonna arengusse saab kaasatud olla ka v\u00f5\u00f5rsil, kasutades selleks infotehnoloogilisi vahendeid ning hoides ja s\u00e4ilitades kogukonna traditsioone. Samas on oluline ka esindatus valla, maakonna, riigi ning rahvusvahelisel tasandil \u2013 kodu m\u00f5iste on laienenud.<\/p>\t\t\t\t\t\t<\/div>\n\t\t\t\t<\/div>\n\t\t\t\t<\/div>\n\t\t\t\t<\/div>\n\t\t","protected":false},"excerpt":{"rendered":"<p>IX Maap\u00e4ev, 5.\u20137. august 2011 L\u00e4\u00e4nemaal, Roosta Puhkek\u00fclas Teemaks &#8220;Tagasi koju!&#8221;. Toimus rahvusvaheline konverents &#8220;Maap\u00e4evad \u2013 t\u00f5hus vahend otsustusprotsessides&#8221;. Maap\u00e4eva eel tutvusid v\u00e4lisk\u00fclalised Harju-, Rapla-, J\u00e4rva-, P\u00e4rnu- ja L\u00e4\u00e4nemaa k\u00fclade kogemustega. Maap\u00e4eva peateema &#8220;Tagasi koju!&#8221; raames tegid maap\u00e4evalised ettepanekuid \u00fcheksas m\u00f5ttekojas: koost\u00f6\u00f6 kohaliku omavalitsusega, kaasamine otsustusprotsessidesse, kohalik toit, v\u00e4ikeettev\u00f5tlus maapiirkonnas, lugude t\u00e4hendus kogukonnas, ajaloop\u00e4randi hoidmine &hellip; <a href=\"https:\/\/kodukantharjumaa.eu\/?page_id=6357\" class=\"more-link\">Continue reading <span class=\"screen-reader-text\">Maap\u00e4ev 2011<\/span> <span class=\"meta-nav\">&rarr;<\/span><\/a><\/p>\n","protected":false},"author":7,"featured_media":0,"parent":0,"menu_order":0,"comment_status":"closed","ping_status":"closed","template":"","meta":{"footnotes":""},"class_list":["post-6357","page","type-page","status-publish","hentry"],"_links":{"self":[{"href":"https:\/\/kodukantharjumaa.eu\/index.php?rest_route=\/wp\/v2\/pages\/6357"}],"collection":[{"href":"https:\/\/kodukantharjumaa.eu\/index.php?rest_route=\/wp\/v2\/pages"}],"about":[{"href":"https:\/\/kodukantharjumaa.eu\/index.php?rest_route=\/wp\/v2\/types\/page"}],"author":[{"embeddable":true,"href":"https:\/\/kodukantharjumaa.eu\/index.php?rest_route=\/wp\/v2\/users\/7"}],"replies":[{"embeddable":true,"href":"https:\/\/kodukantharjumaa.eu\/index.php?rest_route=%2Fwp%2Fv2%2Fcomments&post=6357"}],"version-history":[{"count":4,"href":"https:\/\/kodukantharjumaa.eu\/index.php?rest_route=\/wp\/v2\/pages\/6357\/revisions"}],"predecessor-version":[{"id":6386,"href":"https:\/\/kodukantharjumaa.eu\/index.php?rest_route=\/wp\/v2\/pages\/6357\/revisions\/6386"}],"wp:attachment":[{"href":"https:\/\/kodukantharjumaa.eu\/index.php?rest_route=%2Fwp%2Fv2%2Fmedia&parent=6357"}],"curies":[{"name":"wp","href":"https:\/\/api.w.org\/{rel}","templated":true}]}}