{"id":666,"date":"2018-08-22T13:22:29","date_gmt":"2018-08-22T13:22:29","guid":{"rendered":"https:\/\/kodukantharjumaa.eu\/?page_id=666"},"modified":"2019-04-05T16:27:55","modified_gmt":"2019-04-05T16:27:55","slug":"tarkus-koguneb-kodus-ja-voorsil","status":"publish","type":"page","link":"https:\/\/kodukantharjumaa.eu\/?page_id=666","title":{"rendered":"Tarkus koguneb kodus ja v\u00f5\u00f5rsil"},"content":{"rendered":"<p><strong>Projekti &#8220;Tarkus koguneb kodus ja v\u00f5\u00f5rsil&#8221; <\/strong>k\u00e4igus toimusid 2 koolitusp\u00e4eva Harjumaal ja\u00a0 2-p\u00e4evane kogemusreis Saaremaale.<\/p>\n<p><strong><span style=\"color: #ff0000;\">Koolitus \u201eV\u00e4ikeses k\u00fclas suur pidu&#8221;\u00a0 28. m\u00e4rtsil 2019 <\/span>\u00a0Tallinnas<\/strong><\/p>\n<p><img fetchpriority=\"high\" decoding=\"async\" class=\"size-medium wp-image-907 alignleft\" src=\"https:\/\/kodukantharjumaa.eu\/wp-content\/uploads\/2018\/08\/folk-dance-people_gg60755295-300x203.jpg\" alt=\"folk-dance-people_gg60755295\" width=\"300\" height=\"203\" srcset=\"https:\/\/kodukantharjumaa.eu\/wp-content\/uploads\/2018\/08\/folk-dance-people_gg60755295-300x203.jpg 300w, https:\/\/kodukantharjumaa.eu\/wp-content\/uploads\/2018\/08\/folk-dance-people_gg60755295.jpg 424w\" sizes=\"(max-width: 300px) 100vw, 300px\" \/>Koolitus keskendus avalike s\u00fcndmuste korraldamisele: seaduslikud alused, avaliku \u00fcrituse korraldamise n\u00f5uded, turvalisus, ohutus, vajalikud load ja koosk\u00f5lastused, n\u00e4pun\u00e4ited korraldajatele, omavaheline\u00a0 t\u00f6\u00f6jaotus jmt.\u00a0Asjalikku infot jagasid PPA\u00a0 P\u00f5hja prefektuuri esindaja\u00a0Mart Merik\u00fcll ja s\u00fcndmuskorralduse spetsialist Margit Nurmeots (Frank Events O\u00dc).<br \/>\nMaterjalid:<br \/>\n<a href=\"https:\/\/kodukantharjumaa.eu\/wp-content\/uploads\/2018\/08\/Turvalise-s\u00fcndmuse-korraldamine-.pdf\" rel=\"\">Turvalise s\u00fcndmuse korraldamine<br \/>\n<\/a><a href=\"https:\/\/kodukantharjumaa.eu\/wp-content\/uploads\/2018\/08\/Eduka-s\u00fcndmuse-korraldamine.pdf\" rel=\"\">Eduka s\u00fcndmuse korraldamine<\/a><\/p>\n<p><strong><span style=\"color: #0000ff;\">Koolitus\u00a0 \u201eK\u00fclakokkade kohvikud\u201c\u00a0<\/span><span style=\"color: #000000;\"><span style=\"color: #0000ff;\">\u00a0 27. veebruaril 2019<\/span>\u00a0\u00a0<a style=\"color: #000000;\" href=\"https:\/\/visklakyla.wordpress.com\/viskla-kulakeskus\/\">Visklas\u00a0\u00a0<\/a><\/span><\/strong><br \/>\nKeskendusime erinevatele toitlustamise ja toiduh\u00fcgieeniga seotud <img decoding=\"async\" class=\"size-full wp-image-740 alignright\" src=\"https:\/\/kodukantharjumaa.eu\/wp-content\/uploads\/2018\/08\/images.jpg\" alt=\"images\" width=\"227\" height=\"222\" \/>teemadele: teavitatud k\u00f6\u00f6k, kogukonnak\u00f6\u00f6k, toitlustus m\u00fc\u00fcgip\u00e4evadel, laatadel, pop-up kohvikuna jmt. Millised on n\u00f5uded nendele tegevustele, kui seda korraldab k\u00fclaselts? Kas kodus\/k\u00fclamajas valmistatud toitu tohib pakkuda\/m\u00fc\u00fca ja kui, siis millistel tingimustel?\u00a0 Kas ja kuidas seda v\u00f5idakse kontrollida?\u00a0Informatsioon \u00a0Veterinaar- ja Toiduametilt.\u00a0 Toitlustamisega seotud h\u00fcgieenin\u00f5etest jagas infot Anneli Kubbi. Koolitusp\u00e4eva l\u00f5pus jagasid osalejad oma isiklikke kogemusi.<br \/>\n<strong>Materjalid, mille edastas meie koolituseks Veterinaar- ja toiduamet:\u00a0<\/strong><br \/>\nSLAIDID:\u00a0\u00a0<a href=\"https:\/\/kodukantharjumaa.eu\/wp-content\/uploads\/2018\/08\/K\u00fclakokkade-kohvikud.pdf\" rel=\"\">K\u00fclakokkade kohvikud<br \/>\n<\/a><a href=\"https:\/\/kodukantharjumaa.eu\/wp-content\/uploads\/2018\/08\/Eraelamus-toidu-k\u00e4itlemine.pdf\" rel=\"\">Eraelamus toidu k\u00e4itlemine<\/a><a href=\"https:\/\/kodukantharjumaa.eu\/wp-content\/uploads\/2018\/08\/K\u00fclakokkade-kohvikud.pdf\" rel=\"\"><br \/>\n<\/a><a href=\"https:\/\/kodukantharjumaa.eu\/wp-content\/uploads\/2018\/08\/Kuidas-laadal-toitu-ohutult-valmistada-ja-m\u00fc\u00fca-1.pdf\" rel=\"\">Kuidas laadal toitu ohutult valmistada ja m\u00fc\u00fca\u00a0<\/a><\/p>\n<p>************************************************************************<br \/>\n<strong><a href=\"https:\/\/kodukantharjumaa.eu\/wp-content\/uploads\/2018\/08\/Saaremaa-kogemusreisi-programm.pdf\" rel=\"\">Saaremaa kogemusreis<\/a>\u00a0\u00a0<\/strong>toimus 28.-29. septembril 2018 ja keskendus sealse k\u00fclaliikumise v\u00f5rgustiku headele n\u00e4idetele. 30-liikmelise grupiga k\u00fclastasime ettev\u00f5tmisi, kus teenused p\u00f5hinevad kogukonna algatusel ja piirkondlikul koost\u00f6\u00f6l.<strong>\u00a0<\/strong><em><br \/>\n<\/em>29. septembril osalesime Karala k\u00fclas toimuval\u00a0<a href=\"https:\/\/www.facebook.com\/events\/285170202308200\/\"><strong>Saama-ja saunap\u00e4eval<\/strong>\u00a0<\/a>\u00a0ja panime p\u00fcsti ka Harjumaa harjuskite m\u00fc\u00fcgitelgi. Osalejad\u00a0 m\u00fc\u00fcsid oma piirkonna p\u00f5nevat toodangut, lettidel oli kraami kitsejuustust rukkileivani ja k\u00e4pikutest keraamikani.\u00a0<em>.<br \/>\nKogemusreisi korraldasime koost\u00f6\u00f6s Harjumaa Ettev\u00f5tlus- ja Arenduskeskusega ning nende poolt l\u00e4biviidava<a href=\"https:\/\/www.heak.ee\/kodanikuuhendusele\/tegutsevale-uhendusele\/vabauhenduste-omatulu-teenimise-tugiprogramm\/\">\u00a0MT\u00dcde omatulu teenimise tugiprogrammi\u00a0<\/a>osalejatega.\u00a0<\/em><\/p>\n<p>Projekti eesm\u00e4rk:\u00a0Seadusandluses ja teenuste turunduses teadlikud, asjatundlikud ja p\u00e4devad\u00a0 kogukondade eestvedajad ja projektijuhid.<\/p>\n<p>Projekti eelarve: 3100,50\u20ac, sellest Kohaliku Omaalgatuse Programmi toetus 1905,50 ja omafinantseering 1195\u20ac.<\/p>\n<p>T\u00e4iendav info:<br \/>\nAnneli Kana, projektijuht<br \/>\ntel 5288810<br \/>\nkkharjumaa@gmail.com<\/p>\n<p>&nbsp;<\/p>\n","protected":false},"excerpt":{"rendered":"<p>Projekti &#8220;Tarkus koguneb kodus ja v\u00f5\u00f5rsil&#8221; k\u00e4igus toimusid 2 koolitusp\u00e4eva Harjumaal ja\u00a0 2-p\u00e4evane kogemusreis Saaremaale. Koolitus \u201eV\u00e4ikeses k\u00fclas suur pidu&#8221;\u00a0 28. m\u00e4rtsil 2019 \u00a0Tallinnas Koolitus keskendus avalike s\u00fcndmuste korraldamisele: seaduslikud alused, avaliku \u00fcrituse korraldamise n\u00f5uded, turvalisus, ohutus, vajalikud load ja koosk\u00f5lastused, n\u00e4pun\u00e4ited korraldajatele, omavaheline\u00a0 t\u00f6\u00f6jaotus jmt.\u00a0Asjalikku infot jagasid PPA\u00a0 P\u00f5hja prefektuuri esindaja\u00a0Mart Merik\u00fcll ja s\u00fcndmuskorralduse &hellip; <a href=\"https:\/\/kodukantharjumaa.eu\/?page_id=666\" class=\"more-link\">Continue reading <span class=\"screen-reader-text\">Tarkus koguneb kodus ja v\u00f5\u00f5rsil<\/span> <span class=\"meta-nav\">&rarr;<\/span><\/a><\/p>\n","protected":false},"author":7,"featured_media":0,"parent":0,"menu_order":0,"comment_status":"closed","ping_status":"closed","template":"","meta":{"footnotes":""},"class_list":["post-666","page","type-page","status-publish","hentry"],"_links":{"self":[{"href":"https:\/\/kodukantharjumaa.eu\/index.php?rest_route=\/wp\/v2\/pages\/666"}],"collection":[{"href":"https:\/\/kodukantharjumaa.eu\/index.php?rest_route=\/wp\/v2\/pages"}],"about":[{"href":"https:\/\/kodukantharjumaa.eu\/index.php?rest_route=\/wp\/v2\/types\/page"}],"author":[{"embeddable":true,"href":"https:\/\/kodukantharjumaa.eu\/index.php?rest_route=\/wp\/v2\/users\/7"}],"replies":[{"embeddable":true,"href":"https:\/\/kodukantharjumaa.eu\/index.php?rest_route=%2Fwp%2Fv2%2Fcomments&post=666"}],"version-history":[{"count":5,"href":"https:\/\/kodukantharjumaa.eu\/index.php?rest_route=\/wp\/v2\/pages\/666\/revisions"}],"predecessor-version":[{"id":1114,"href":"https:\/\/kodukantharjumaa.eu\/index.php?rest_route=\/wp\/v2\/pages\/666\/revisions\/1114"}],"wp:attachment":[{"href":"https:\/\/kodukantharjumaa.eu\/index.php?rest_route=%2Fwp%2Fv2%2Fmedia&parent=666"}],"curies":[{"name":"wp","href":"https:\/\/api.w.org\/{rel}","templated":true}]}}