{"id":728,"date":"2019-01-09T11:34:43","date_gmt":"2019-01-09T11:34:43","guid":{"rendered":"https:\/\/kodukantharjumaa.eu\/?page_id=728"},"modified":"2026-04-01T09:03:07","modified_gmt":"2026-04-01T09:03:07","slug":"rohelised-kulad","status":"publish","type":"page","link":"https:\/\/kodukantharjumaa.eu\/?page_id=728","title":{"rendered":"Rohelised k\u00fclad Suvi 2019"},"content":{"rendered":"<p><span style=\"color: #993366;\"><strong>Harjumaa rohelised k\u00fclad<\/strong><\/span><\/p>\n<p>Projekti k\u00e4igus koostatati huviliste ja Kodukant Harjumaa poolt kaasatud k\u00fclaseltsidega Harjumaa Roheliste k\u00fclade kaart, pakkudes gruppidele\u00a0k\u00fclastusi\u00a0k\u00fcladesse, mis pakuvad erinevaid teenuseid ning tutvustavad rohelist m\u00f5tteviisi ja s\u00e4\u00e4stvat arengut.\u00a0Kaardi loomine ja nende tutvustamine aitavad k\u00fcladel t\u00f5husamat koost\u00f6\u00f6d teha ja omatulu teenida.<br \/>\nInfo kogumine ja kaardi\u00a0koostamine ekspertide kaasabil toimus\u00a0suvel 2019. Omavahelistele kokkusaamistele\u00a0 lisaks toimus ka 4-tunnine turunduskoolitus teenuste paketeerimisest ja turundamisest.<\/p>\n<p><strong>Koolitaja Kristel Trell`i materjalid<\/strong>:\u00a0<a href=\"https:\/\/kodukantharjumaa.eu\/wp-content\/uploads\/2019\/01\/Kuidas-oma-k\u00fcla-n\u00e4htavaks-teha2.pdf\" rel=\"\">Kuidas oma k\u00fcla n\u00e4htavaks teha<br \/>\n<\/a><strong>Koolitaja Raido Paursoni materjalid<\/strong>:\u00a0<a href=\"https:\/\/kodukantharjumaa.eu\/wp-content\/uploads\/2019\/01\/Kuidas-oma-k\u00fcla-n\u00e4htavaks-teha1.pdf\" rel=\"\">Kuidas oma k\u00fcla n\u00e4htavaks teha<br \/>\n<\/a><span style=\"color: #800080;\">Eesti br\u00e4ndi fotopank (EAS<\/span>)\u00a0<a href=\"https:\/\/brand.estonia.ee\/et\/tooriistad\/fotod\/\">https:\/\/brand.estonia.ee\/et\/tooriistad\/fotod\/<\/a><br \/>\n<span style=\"color: #993300;\">RMK fotopank<\/span>\u00a0<a href=\"http:\/\/foto.rmk.ee\/\">http:\/\/foto.rmk.ee\/<br \/>\n<\/a><span style=\"text-decoration: underline;\">NB! Tutvu kasutustingimiste ja autori\u00f5igustega!\u00a0<\/span><\/p>\n<p>Harjumaa rohelised k\u00fclad kajastuvad kaardirakendusel <a href=\"https:\/\/navicup.com\/\">NaviCup<\/a><br \/>\nProjekti k\u00e4igus korraldati ka kogemusreis Soome, Uusimaa maakonda (Harjumaa partnerluspiirkond) osalemaks \u00fclesoomelisel Avatud k\u00fclade ja k\u00fclapoodide p\u00e4eval 8. juunil.\u00a0 Soomes korraldatakse taolist ettev\u00f5tmist juba viiendat korda, aastal 2019 oli avatud 600 kohta, k\u00fclastajaid kokku ligi 10 000.\u00a0<a href=\"https:\/\/avoimetkylat.fi\/\">https:\/\/avoimetkylat.fi\/<\/a><\/p>\n<p align=\"JUSTIFY\">Projekti eelarve on 2660\u20ac, sellest KOP toetus 2000\u20ac ja omafinantseering 660\u20ac.<\/p>\n<p align=\"JUSTIFY\">Projekti toetab Kohaliku Omaalgatuse Programm<\/p>\n<p align=\"JUSTIFY\">Lisainfo: kkharjumaa@gmail.com, tel 5306 5503 (Anneli)<\/p>\n<p align=\"JUSTIFY\"><a href=\"https:\/\/kodukantharjumaa.eu\/wp-content\/uploads\/2019\/01\/download.jpe\" rel=\"attachment wp-att-732\"><img decoding=\"async\" class=\"alignnone size-medium wp-image-732\" src=\"https:\/\/kodukantharjumaa.eu\/wp-content\/uploads\/2019\/01\/download-300x164.jpe\" alt=\"download\" width=\"300\" height=\"164\" srcset=\"https:\/\/kodukantharjumaa.eu\/wp-content\/uploads\/2019\/01\/download-300x164.jpe 300w, https:\/\/kodukantharjumaa.eu\/wp-content\/uploads\/2019\/01\/download.jpe 304w\" sizes=\"(max-width: 300px) 100vw, 300px\" \/><\/a><\/p>\n","protected":false},"excerpt":{"rendered":"<p>Harjumaa rohelised k\u00fclad Projekti k\u00e4igus koostatati huviliste ja Kodukant Harjumaa poolt kaasatud k\u00fclaseltsidega Harjumaa Roheliste k\u00fclade kaart, pakkudes gruppidele\u00a0k\u00fclastusi\u00a0k\u00fcladesse, mis pakuvad erinevaid teenuseid ning tutvustavad rohelist m\u00f5tteviisi ja s\u00e4\u00e4stvat arengut.\u00a0Kaardi loomine ja nende tutvustamine aitavad k\u00fcladel t\u00f5husamat koost\u00f6\u00f6d teha ja omatulu teenida. Info kogumine ja kaardi\u00a0koostamine ekspertide kaasabil toimus\u00a0suvel 2019. Omavahelistele kokkusaamistele\u00a0 lisaks toimus ka &hellip; <a href=\"https:\/\/kodukantharjumaa.eu\/?page_id=728\" class=\"more-link\">Continue reading <span class=\"screen-reader-text\">Rohelised k\u00fclad Suvi 2019<\/span> <span class=\"meta-nav\">&rarr;<\/span><\/a><\/p>\n","protected":false},"author":7,"featured_media":0,"parent":0,"menu_order":0,"comment_status":"closed","ping_status":"closed","template":"","meta":{"footnotes":""},"class_list":["post-728","page","type-page","status-publish","hentry"],"_links":{"self":[{"href":"https:\/\/kodukantharjumaa.eu\/index.php?rest_route=\/wp\/v2\/pages\/728"}],"collection":[{"href":"https:\/\/kodukantharjumaa.eu\/index.php?rest_route=\/wp\/v2\/pages"}],"about":[{"href":"https:\/\/kodukantharjumaa.eu\/index.php?rest_route=\/wp\/v2\/types\/page"}],"author":[{"embeddable":true,"href":"https:\/\/kodukantharjumaa.eu\/index.php?rest_route=\/wp\/v2\/users\/7"}],"replies":[{"embeddable":true,"href":"https:\/\/kodukantharjumaa.eu\/index.php?rest_route=%2Fwp%2Fv2%2Fcomments&post=728"}],"version-history":[{"count":5,"href":"https:\/\/kodukantharjumaa.eu\/index.php?rest_route=\/wp\/v2\/pages\/728\/revisions"}],"predecessor-version":[{"id":5475,"href":"https:\/\/kodukantharjumaa.eu\/index.php?rest_route=\/wp\/v2\/pages\/728\/revisions\/5475"}],"wp:attachment":[{"href":"https:\/\/kodukantharjumaa.eu\/index.php?rest_route=%2Fwp%2Fv2%2Fmedia&parent=728"}],"curies":[{"name":"wp","href":"https:\/\/api.w.org\/{rel}","templated":true}]}}