{"id":99,"date":"2016-03-30T13:41:39","date_gmt":"2016-03-30T13:41:39","guid":{"rendered":"https:\/\/kodukantharjumaa.eu\/?page_id=99"},"modified":"2026-04-08T18:27:10","modified_gmt":"2026-04-08T18:27:10","slug":"uudised","status":"publish","type":"page","link":"https:\/\/kodukantharjumaa.eu\/?page_id=99","title":{"rendered":"Taskuh\u00e4\u00e4lingud"},"content":{"rendered":"\t\t<div data-elementor-type=\"wp-page\" data-elementor-id=\"99\" class=\"elementor elementor-99\">\n\t\t\t\t<div class=\"elementor-element elementor-element-128e1488 e-flex e-con-boxed e-con e-parent\" data-id=\"128e1488\" data-element_type=\"container\">\n\t\t\t\t\t<div class=\"e-con-inner\">\n\t\t\t\t<div class=\"elementor-element elementor-element-7d2a3bf elementor-widget elementor-widget-text-editor\" data-id=\"7d2a3bf\" data-element_type=\"widget\" data-widget_type=\"text-editor.default\">\n\t\t\t\t<div class=\"elementor-widget-container\">\n\t\t\t\t\t\t\t<h3><strong>Taskuh\u00e4\u00e4lingud &#8220;K\u00dcLA S\u00dcDAMES&#8221;<\/strong><\/h3><h6>Projekti toetas Kohaliku Omaalgatuse Programm<\/h6><p><strong>1. Garina Toomingas, Harjumaa esimene (2003) S\u00e4deinimene<\/strong>\u00a0<a href=\"https:\/\/anchor.fm\/kodukant-harjumaa\/episodes\/Kla-sdames-Garina-Toomingaga-Aruklas-e1h02kj\">https:\/\/anchor.fm\/kodukant-harjumaa\/episodes\/Kla-sdames-Garina-Toomingaga-Aruklas-e1h02kj<\/a><\/p><p><strong>2. Viskla k\u00fcla, Harjumaa aasta k\u00fcla 2020, Eestimaa aasta k\u00fcla 2021\u00a0<\/strong><a href=\"https:\/\/anchor.fm\/kodukant-harjumaa\/episodes\/Kla-sdames-Viskla--maailma-ainus-pannikuusega-kla-e1h9j5p\">https:\/\/anchor.fm\/kodukant-harjumaa\/episodes\/Kla-sdames-Viskla&#8211;maailma-ainus-pannikuusega-kla-e1h9j5p<\/a><\/p><p><strong>\u00a03. \u00c4\u00e4sm\u00e4e k\u00fclakogu, Harjumaa vaba\u00fchendus 2021\u00a0\u00a0<\/strong><a href=\"https:\/\/anchor.fm\/kodukant-harjumaa\/episodes\/Kla-sdames-tegus-sme-e1h9ppa\">https:\/\/anchor.fm\/kodukant-harjumaa\/episodes\/Kla-sdames-tegus-sme-e1h9ppa<\/a><\/p><p>4. <strong>Ellamaa k\u00fclaselts ja loodusselts, Marje Suharov, Harjumaa s\u00e4deinimene 2021\u00a0<\/strong>\u00a0<a href=\"https:\/\/anchor.fm\/kodukant-harjumaa\/episodes\/Kla-sdames-Ellamaa-vaim-e1h9prj\">https:\/\/anchor.fm\/kodukant-harjumaa\/episodes\/Kla-sdames-Ellamaa-vaim-e1h9prj<\/a><\/p><p><strong>5. Metsanurme k\u00fcla, Harjumaa aasta k\u00fcla 2011 ja Kodukant Harjumaa, Anneli Kana, Harjumaa s\u00e4deinimene 2016<\/strong><br \/><a href=\"https:\/\/anchor.fm\/kodukant-harjumaa\/episodes\/Kla-sdames-Metsanurme-ja-Harjumaa-klaliikumine-e1h9pmh\">https:\/\/anchor.fm\/kodukant-harjumaa\/episodes\/Kla-sdames-Metsanurme-ja-Harjumaa-klaliikumine-e1h9pmh<\/a><\/p><p><strong>6. Kolgak\u00fcla ja Kaisa Linno, Harjumaa s\u00e4deinimene 2018\u00a0<\/strong>\u00a0<a href=\"https:\/\/anchor.fm\/kodukant-harjumaa\/episodes\/Kla-sdames-Kolgakla--kokkuhoidev-kogukond-e1pmrf8\">https:\/\/anchor.fm\/kodukant-harjumaa\/episodes\/Kla-sdames-Kolgakla&#8211;kokkuhoidev-kogukond-e1pmrf8<\/a><\/p><p><strong>7<\/strong><strong>. Kurna k\u00fcla, Aivar Aasam\u00e4e, Harjumaa s\u00e4deinimene 2020\u00a0<\/strong><a href=\"https:\/\/anchor.fm\/kodukant-harjumaa\/episodes\/Kla-sdames-Kurna--linnupesa-sarnane-e1of3if\">https:\/\/anchor.fm\/kodukant-harjumaa\/episodes\/Kla-sdames-Kurna&#8211;linnupesa-sarnane-e1of3if<\/a><\/p><p><strong>8. Voose k\u00fcla, Tanel Talve<\/strong>\u00a0<a href=\"https:\/\/anchor.fm\/kodukant-harjumaa\/episodes\/Kla-sdames-Voose---kla-21-sajandis-e1pmrnc\">https:\/\/anchor.fm\/kodukant-harjumaa\/episodes\/Kla-sdames-Voose&#8212;kla-21-sajandis-e1pmrnc<\/a><\/p><p><strong>9. Lagedi alevik, B\u00e4rbel Salum\u00e4e, Harjumaa s\u00e4deinimene 2022<\/strong><br \/><a style=\"font-weight: normal;\" href=\"https:\/\/podcasters.spotify.com\/pod\/show\/kodukant-harjumaa\/episodes\/Kla-sdames-Brbel-Salumega-Lagedil-e1rjpta\">https:\/\/podcasters.spotify.com\/pod\/show\/kodukant-harjumaa\/episodes\/Kla-sdames-Brbel-Salumega-Lagedil-e1rjpta<\/a><\/p><p><strong>10. Elu Juminda poolsaarel, Juminda selts ja Leesi k\u00fcla, Harjumaa aasta k\u00fcla 2022<\/strong><br \/><a href=\"https:\/\/podcasters.spotify.com\/pod\/show\/kodukant-harjumaa\/episodes\/Kla-sdames-elu-Juminda-poolsaarel-e1rvegr\">https:\/\/podcasters.spotify.com\/pod\/show\/kodukant-harjumaa\/episodes\/Kla-sdames-elu-Juminda-poolsaarel-e1rvegr<\/a><\/p><h3>\u00a0<\/h3><div dir=\"ltr\">\u00a0<\/div><h3>\u00a0<\/h3>\t\t\t\t\t\t<\/div>\n\t\t\t\t<\/div>\n\t\t\t\t\t<\/div>\n\t\t\t\t<\/div>\n\t\t\t\t<\/div>\n\t\t","protected":false},"excerpt":{"rendered":"<p>Taskuh\u00e4\u00e4lingud &#8220;K\u00dcLA S\u00dcDAMES&#8221; Projekti toetas Kohaliku Omaalgatuse Programm 1. Garina Toomingas, Harjumaa esimene (2003) S\u00e4deinimene\u00a0https:\/\/anchor.fm\/kodukant-harjumaa\/episodes\/Kla-sdames-Garina-Toomingaga-Aruklas-e1h02kj 2. Viskla k\u00fcla, Harjumaa aasta k\u00fcla 2020, Eestimaa aasta k\u00fcla 2021\u00a0https:\/\/anchor.fm\/kodukant-harjumaa\/episodes\/Kla-sdames-Viskla&#8211;maailma-ainus-pannikuusega-kla-e1h9j5p \u00a03. \u00c4\u00e4sm\u00e4e k\u00fclakogu, Harjumaa vaba\u00fchendus 2021\u00a0\u00a0https:\/\/anchor.fm\/kodukant-harjumaa\/episodes\/Kla-sdames-tegus-sme-e1h9ppa 4. Ellamaa k\u00fclaselts ja loodusselts, Marje Suharov, Harjumaa s\u00e4deinimene 2021\u00a0\u00a0https:\/\/anchor.fm\/kodukant-harjumaa\/episodes\/Kla-sdames-Ellamaa-vaim-e1h9prj 5. Metsanurme k\u00fcla, Harjumaa aasta k\u00fcla 2011 ja Kodukant Harjumaa, Anneli Kana, Harjumaa &hellip; <a href=\"https:\/\/kodukantharjumaa.eu\/?page_id=99\" class=\"more-link\">Continue reading <span class=\"screen-reader-text\">Taskuh\u00e4\u00e4lingud<\/span> <span class=\"meta-nav\">&rarr;<\/span><\/a><\/p>\n","protected":false},"author":1,"featured_media":0,"parent":0,"menu_order":0,"comment_status":"closed","ping_status":"closed","template":"","meta":{"footnotes":""},"class_list":["post-99","page","type-page","status-publish","hentry"],"_links":{"self":[{"href":"https:\/\/kodukantharjumaa.eu\/index.php?rest_route=\/wp\/v2\/pages\/99"}],"collection":[{"href":"https:\/\/kodukantharjumaa.eu\/index.php?rest_route=\/wp\/v2\/pages"}],"about":[{"href":"https:\/\/kodukantharjumaa.eu\/index.php?rest_route=\/wp\/v2\/types\/page"}],"author":[{"embeddable":true,"href":"https:\/\/kodukantharjumaa.eu\/index.php?rest_route=\/wp\/v2\/users\/1"}],"replies":[{"embeddable":true,"href":"https:\/\/kodukantharjumaa.eu\/index.php?rest_route=%2Fwp%2Fv2%2Fcomments&post=99"}],"version-history":[{"count":5,"href":"https:\/\/kodukantharjumaa.eu\/index.php?rest_route=\/wp\/v2\/pages\/99\/revisions"}],"predecessor-version":[{"id":6100,"href":"https:\/\/kodukantharjumaa.eu\/index.php?rest_route=\/wp\/v2\/pages\/99\/revisions\/6100"}],"wp:attachment":[{"href":"https:\/\/kodukantharjumaa.eu\/index.php?rest_route=%2Fwp%2Fv2%2Fmedia&parent=99"}],"curies":[{"name":"wp","href":"https:\/\/api.w.org\/{rel}","templated":true}]}}